{"id":740893,"date":"2025-08-28T00:37:24","date_gmt":"2025-08-27T21:37:24","guid":{"rendered":"https:\/\/roveyayinevi.com.tr\/index.php\/urun\/regresyon-hipnoterapisi\/"},"modified":"2026-04-16T02:52:05","modified_gmt":"2026-04-15T23:52:05","slug":"regresyon-hipnoterapisi","status":"publish","type":"product","link":"https:\/\/roveyayinevi.com.tr\/index.php\/urun\/regresyon-hipnoterapisi\/","title":{"rendered":"Regresyon Hipnoterapisi"},"content":{"rendered":"<p>Regresyon ge\u00e7mi\u015fe yap\u0131lan zihinsel yolculuklara denir. Regresyon ifadesi ile bir ki\u015finin herhangi bir \u00e7a\u011fr\u0131\u015f\u0131m yoluyla ge\u00e7mi\u015fte ya\u015fad\u0131\u011f\u0131 baz\u0131 olaylar\u0131n zihninde canlanmas\u0131 hali kastedilmektedir. Regresyon basit hat\u0131rlamadan biraz farkl\u0131d\u0131r. Basit hat\u0131rlama zaten ya\u015fad\u0131\u011f\u0131m\u0131z\u0131 bildi\u011fimiz olaylar\u0131n yeniden akl\u0131m\u0131za gelmesidir. Regresyon ise \u00e7a\u011fr\u0131\u015f\u0131m ve telkin yoluyla ortaya \u00e7\u0131kan olaylard\u0131r. Regresyonu di\u011fer hat\u0131rlama \u015fekillerinden ay\u0131ran en \u00f6nemli fark, zihinde canlanan olay\u0131n sanki o anda ya\u015f\u0131yormu\u015f alg\u0131s\u0131 yaratmas\u0131d\u0131r. Uyan\u0131k g\u00f6r\u00fclen bir r\u00fcya gibidir regresyon. Regresyonun olu\u015fmas\u0131 i\u00e7in ki\u015finin \u00f6nce hipnotik bir zihinsel duruma ge\u00e7mesi beklenir.Regresyonun temel amac\u0131 sadece ge\u00e7mi\u015fte nelerin ya\u015fand\u0131\u011f\u0131n\u0131 yeniden g\u00f6rmek de\u011fildir. Ama\u00e7 enerji bedeninde s\u0131k\u0131\u015fm\u0131\u015f kalm\u0131\u015f duygular\u0131n bo\u015falt\u0131lmas\u0131 ve zihinde bilin\u00e7 bilin\u00e7alt\u0131 aras\u0131nda yeni bir denge yarat\u0131lmas\u0131d\u0131r. Bu yarat\u0131lan denge terapi g\u00f6ren ki\u015finin eskiden kendini etkileyen durumlar kar\u015f\u0131s\u0131nda daha farkl\u0131 hissetmesine, d\u00fc\u015f\u00fcnmesine ya da davranmas\u0131na neden olur. \u0130yi ve sistematik uygulanm\u0131\u015f regresyon \u00e7al\u0131\u015fmalar\u0131 sonunda ki\u015filerde beklemedikleri kadar hatta mucizev\u00ee diyebilece\u011fimiz farkl\u0131l\u0131klar olu\u015fur. Bu sayede, hastal\u0131klarda belirgin iyile\u015fme olmas\u0131, ruhsal dengesizliklerin d\u00fczelmesi ve k\u00f6t\u00fc al\u0131\u015fkanl\u0131klar\u0131n ortadan kalkmas\u0131 m\u00fcmk\u00fcn olur.\u201cHipnoterapi konusunda \u00f6nemli \u00e7al\u0131\u015fmalara imza atan Dr. B\u00fclent Uran, ger\u00e7ek seanslardan \u00f6rneklere yer verdi\u011fi bu kitab\u0131nda, bir sorunun bilin\u00e7alt\u0131nda nas\u0131l filizlendi\u011fini, \u00e7ocukluk d\u00f6neminde hangi olaylar\u0131n derin izler b\u0131rakt\u0131\u011f\u0131n\u0131 ve ge\u00e7mi\u015f ya\u015fant\u0131lar\u0131n gelece\u011fi etkileme s\u00fcrecini bilin\u00e7alt\u0131 perspektifinden izleme f\u0131rsat\u0131 sunuyor. \u00c7\u00f6z\u00fcmlemelerin sat\u0131r aralar\u0131nda iletti\u011fi mesajlarla, anne babalara sa\u011fl\u0131kl\u0131 bireyler yeti\u015ftirmelerine katk\u0131 sa\u011flayacak \u00f6nemli ipu\u00e7lar\u0131 veriyor. Ayr\u0131ca bu alanda \u00e7al\u0131\u015fma yapmak isteyenlere ve regresyonu ayr\u0131nt\u0131lar\u0131yla \u00f6\u011frenme \u00e7abas\u0131 i\u00e7inde olanlara da yol g\u00f6sterici bilgiler aktar\u0131yor.\u201d<\/p>\n","protected":false},"excerpt":{"rendered":"<p>Regresyon ge\u00e7mi\u015fe yap\u0131lan zihinsel yolculuklara denir. Regresyon ifadesi ile bir ki\u015finin herhangi bir \u00e7a\u011fr\u0131\u015f\u0131m yoluyla ge\u00e7mi\u015fte ya\u015fad\u0131\u011f\u0131 baz\u0131 olaylar\u0131n zihninde canlanmas\u0131 hali kastedilmektedir. Regresyon basit hat\u0131rlamadan<span class=\"excerpt-hellip\"> [\u2026]<\/span><\/p>\n","protected":false},"featured_media":0,"template":"","meta":{"_monsterinsights_skip_tracking":false,"_monsterinsights_sitenote_active":false,"_monsterinsights_sitenote_note":"","_monsterinsights_sitenote_category":0},"product_brand":[],"product_cat":[12357],"product_tag":[],"class_list":{"0":"post-740893","1":"product","2":"type-product","3":"status-publish","5":"product_cat-psikoloji","6":"pa_cilt-ciltsiz","7":"pa_tur-kitap","8":"pa_yayinevi-pusula-yayinevi-ankara","9":"pa_yazar-bulent-uran","11":"first","12":"instock","13":"sale","14":"shipping-taxable","15":"purchasable","16":"product-type-simple"},"_links":{"self":[{"href":"https:\/\/roveyayinevi.com.tr\/index.php\/wp-json\/wp\/v2\/product\/740893","targetHints":{"allow":["GET"]}}],"collection":[{"href":"https:\/\/roveyayinevi.com.tr\/index.php\/wp-json\/wp\/v2\/product"}],"about":[{"href":"https:\/\/roveyayinevi.com.tr\/index.php\/wp-json\/wp\/v2\/types\/product"}],"wp:attachment":[{"href":"https:\/\/roveyayinevi.com.tr\/index.php\/wp-json\/wp\/v2\/media?parent=740893"}],"wp:term":[{"taxonomy":"product_brand","embeddable":true,"href":"https:\/\/roveyayinevi.com.tr\/index.php\/wp-json\/wp\/v2\/product_brand?post=740893"},{"taxonomy":"product_cat","embeddable":true,"href":"https:\/\/roveyayinevi.com.tr\/index.php\/wp-json\/wp\/v2\/product_cat?post=740893"},{"taxonomy":"product_tag","embeddable":true,"href":"https:\/\/roveyayinevi.com.tr\/index.php\/wp-json\/wp\/v2\/product_tag?post=740893"}],"curies":[{"name":"wp","href":"https:\/\/api.w.org\/{rel}","templated":true}]}}