{"id":740892,"date":"2025-08-28T00:37:24","date_gmt":"2025-08-27T21:37:24","guid":{"rendered":"https:\/\/roveyayinevi.com.tr\/index.php\/urun\/hipnoz-telkinleri\/"},"modified":"2026-04-16T02:52:05","modified_gmt":"2026-04-15T23:52:05","slug":"hipnoz-telkinleri","status":"publish","type":"product","link":"https:\/\/roveyayinevi.com.tr\/index.php\/urun\/hipnoz-telkinleri\/","title":{"rendered":"Hipnoz Telkinleri"},"content":{"rendered":"<p>Terapistler i\u00e7in hipnoz telkinleri Terapi yapmak, ki\u015fide i\u00e7sel de\u011fi\u015fim yaratmak demektir. Terapiden beklenen ise terapi olan ki\u015finin ya\u015fad\u0131\u011f\u0131 ve onu mutsuz eden durumlarla ba\u015f edebilecek yeni bir g\u00fc\u00e7 kazanabilmesi i\u00e7in \u00f6ncelikle kendi i\u00e7inde yeni bir enerji ve g\u00fc\u00e7 bulmas\u0131d\u0131r. Hipnoz telkinleri esas olarak bu amaca y\u00f6neliktir. Hipnoz tekniklerinin ki\u015fide yaratt\u0131\u011f\u0131 i\u00e7sel de\u011fi\u015fim, ki\u015finin yeni eylemlere ge\u00e7ebilmesi i\u00e7in gerekli olan g\u00fcc\u00fc sa\u011flar. Asl\u0131nda hipnotik telkinler, terapi yapan herkesin bilerek ya da bilmeyerek kulland\u0131\u011f\u0131 de\u011fi\u015fik ileti\u015fim bi\u00e7imlerinin i\u00e7ine g\u00f6m\u00fcl\u00fcd\u00fcr. Ancak, bu i\u015flemi daha yap\u0131sal ve bilin\u00e7li kullanabilmeyi ba\u015farmak terapiden beklenen etkiyi artt\u0131racakt\u0131r. Terapilerini daha etkin hale getirmek isteyen terapistlerin, bu kitaptaki hipnoz telkinlerinden son derece olumlu sonu\u00e7lar alabileceklerini umuyorum. Elinizde tutmu\u015f oldu\u011funuz kitapta, daha \u00f6nce Ge\u00e7mi\u015fin Hipnozunu Bozmak, Hipnozun Kitab\u0131, EFT ile \u0130yile\u015fin ve \u0130yile\u015ftirin ve Hipnoz ve Beyin isimli kitaplar\u0131n yazar\u0131 olan Dr. B\u00fclent Uran, kendi \u00e7al\u0131\u015fmalar\u0131 s\u0131ras\u0131nda de\u011fi\u015fik kaynaklardan toplad\u0131\u011f\u0131 ve kendine g\u00f6re derleyip de\u011fi\u015ftirdi\u011fi hipnotik telkinlerini payla\u015fmaktad\u0131r. Kitap, terapist, t\u0131p doktoru, psikolog, psikolojik dan\u0131\u015fman, rehber \u00f6\u011fretmen, aile dan\u0131\u015fman\u0131, sosyal hizmet uzman\u0131, ya\u015fam ko\u00e7u, diyetisyen gibi meslekleri uygulayanlar i\u00e7in esinlenecek bir kaynak amac\u0131n\u0131 ta\u015f\u0131maktad\u0131r.<\/p>\n","protected":false},"excerpt":{"rendered":"<p>Terapistler i\u00e7in hipnoz telkinleri Terapi yapmak, ki\u015fide i\u00e7sel de\u011fi\u015fim yaratmak demektir. Terapiden beklenen ise terapi olan ki\u015finin ya\u015fad\u0131\u011f\u0131 ve onu mutsuz eden durumlarla ba\u015f edebilecek yeni<span class=\"excerpt-hellip\"> [\u2026]<\/span><\/p>\n","protected":false},"featured_media":0,"template":"","meta":{"_monsterinsights_skip_tracking":false,"_monsterinsights_sitenote_active":false,"_monsterinsights_sitenote_note":"","_monsterinsights_sitenote_category":0},"product_brand":[],"product_cat":[12358,12357],"product_tag":[],"class_list":{"0":"post-740892","1":"product","2":"type-product","3":"status-publish","5":"product_cat-genel-psikoloji","6":"product_cat-psikoloji","7":"pa_cilt-ciltsiz","8":"pa_tur-kitap","9":"pa_yayinevi-pusula-yayinevi-ankara","10":"pa_yazar-bulent-uran","12":"first","13":"instock","14":"sale","15":"shipping-taxable","16":"purchasable","17":"product-type-simple"},"_links":{"self":[{"href":"https:\/\/roveyayinevi.com.tr\/index.php\/wp-json\/wp\/v2\/product\/740892","targetHints":{"allow":["GET"]}}],"collection":[{"href":"https:\/\/roveyayinevi.com.tr\/index.php\/wp-json\/wp\/v2\/product"}],"about":[{"href":"https:\/\/roveyayinevi.com.tr\/index.php\/wp-json\/wp\/v2\/types\/product"}],"wp:attachment":[{"href":"https:\/\/roveyayinevi.com.tr\/index.php\/wp-json\/wp\/v2\/media?parent=740892"}],"wp:term":[{"taxonomy":"product_brand","embeddable":true,"href":"https:\/\/roveyayinevi.com.tr\/index.php\/wp-json\/wp\/v2\/product_brand?post=740892"},{"taxonomy":"product_cat","embeddable":true,"href":"https:\/\/roveyayinevi.com.tr\/index.php\/wp-json\/wp\/v2\/product_cat?post=740892"},{"taxonomy":"product_tag","embeddable":true,"href":"https:\/\/roveyayinevi.com.tr\/index.php\/wp-json\/wp\/v2\/product_tag?post=740892"}],"curies":[{"name":"wp","href":"https:\/\/api.w.org\/{rel}","templated":true}]}}