{"id":740890,"date":"2025-08-28T00:37:22","date_gmt":"2025-08-27T21:37:22","guid":{"rendered":"https:\/\/roveyayinevi.com.tr\/index.php\/urun\/kadin-cinselliginde-100-yeni-bilimsel-gercek\/"},"modified":"2026-04-16T02:52:05","modified_gmt":"2026-04-15T23:52:05","slug":"kadin-cinselliginde-100-yeni-bilimsel-gercek","status":"publish","type":"product","link":"https:\/\/roveyayinevi.com.tr\/index.php\/urun\/kadin-cinselliginde-100-yeni-bilimsel-gercek\/","title":{"rendered":"Kad\u0131n Cinselli\u011finde 100 Yeni Bilimsel Ger\u00e7ek"},"content":{"rendered":"<p>Kad\u0131n cinselli\u011fi gizemli dehlizinde, y\u00fczy\u0131llard\u0131r a\u00e7\u0131lmay\u0131 bekleyen bir Pandora&#8217;n\u0131n kutusu gibiydi! Art\u0131k Pandora&#8217;n\u0131n Kutusu a\u00e7\u0131l\u0131yor. Bilim ve modern seksoloji kad\u0131n cinselli\u011finin ard\u0131ndaki ger\u00e7ekleri ve bilinmeyen s\u0131rlar\u0131 a\u00e7\u0131kl\u0131yor. Bu bol resimli, \u015fekilli ve anlamas\u0131 kolay kitapta kad\u0131n cinselli\u011fi ve orgazm\u0131 son bilimsel verilerle ele al\u0131n\u0131yor. Kendini tan\u0131mak ve g\u00fc\u00e7l\u00fc doyumlara ula\u015fmak isteyen t\u00fcm kad\u0131nlar\u0131n ve kad\u0131nlara haz vermeyi d\u00fc\u015f\u00fcnen t\u00fcm erkeklerin okumas\u0131 gereken bir kitap! Kad\u0131n Cinselli\u011fiKad\u0131nda Orgazm ve Orgazm\u0131n S\u0131n\u0131rlar\u0131Art\u0131r\u0131lm\u0131\u015f Cinsel Doyum (ESR) ve Kad\u0131nlarda Ultra OrgazmPandora&#8217;n\u0131n Kutusundaki Bilinmeyen Erojen B\u00f6lgelerKad\u0131nlar\u0131n Cinselli\u011finde Var\u0131labilecek S\u0131n\u0131rlar veya S\u0131n\u0131rs\u0131zl\u0131klarKama Sutra, Tantra, Tantrik Orgazm, Kabbaza, Uzakdo\u011fu Cinselli\u011fi Nedir?Kad\u0131n Cinselli\u011finin DerinlikleriKad\u0131nlar\u0131n Fantezilerinin S\u0131n\u0131rlar\u0131Kad\u0131n Cinselli\u011finde Ula\u015f\u0131labilecek PotansiyellerA\u015f\u0131lm\u0131\u015f ve Art\u0131r\u0131lm\u0131\u015f Cinsellik (Expanded Orgasm)Kendine Kendine Vajinismus TedavisiToplumlardaki Dogmalar ve Yanl\u0131\u015f \u0130nan\u00e7larKad\u0131n Cinselli\u011fi Konusunda Bilimin Son 20 Y\u0131lda Ortaya Koydu\u011fu T\u00fcm Ger\u00e7eklerKad\u0131nlar\u0131n Cinselli\u011finde Cinsel Oyuncaklar ve Vayblar<\/p>\n","protected":false},"excerpt":{"rendered":"<p>Kad\u0131n cinselli\u011fi gizemli dehlizinde, y\u00fczy\u0131llard\u0131r a\u00e7\u0131lmay\u0131 bekleyen bir Pandora&#8217;n\u0131n kutusu gibiydi! Art\u0131k Pandora&#8217;n\u0131n Kutusu a\u00e7\u0131l\u0131yor. Bilim ve modern seksoloji kad\u0131n cinselli\u011finin ard\u0131ndaki ger\u00e7ekleri ve bilinmeyen s\u0131rlar\u0131<span class=\"excerpt-hellip\"> [\u2026]<\/span><\/p>\n","protected":false},"featured_media":0,"template":"","meta":{"_monsterinsights_skip_tracking":false,"_monsterinsights_sitenote_active":false,"_monsterinsights_sitenote_note":"","_monsterinsights_sitenote_category":0},"product_brand":[],"product_cat":[17502,13488],"product_tag":[],"class_list":{"0":"post-740890","1":"product","2":"type-product","3":"status-publish","5":"product_cat-cinsellik","6":"product_cat-toplum-ve-insan","7":"pa_cilt-ciltsiz","8":"pa_tur-kitap","9":"pa_yayinevi-pusula-yayinevi-ankara","10":"pa_yazar-umit-sayin","12":"first","13":"instock","14":"sale","15":"shipping-taxable","16":"purchasable","17":"product-type-simple"},"_links":{"self":[{"href":"https:\/\/roveyayinevi.com.tr\/index.php\/wp-json\/wp\/v2\/product\/740890","targetHints":{"allow":["GET"]}}],"collection":[{"href":"https:\/\/roveyayinevi.com.tr\/index.php\/wp-json\/wp\/v2\/product"}],"about":[{"href":"https:\/\/roveyayinevi.com.tr\/index.php\/wp-json\/wp\/v2\/types\/product"}],"wp:attachment":[{"href":"https:\/\/roveyayinevi.com.tr\/index.php\/wp-json\/wp\/v2\/media?parent=740890"}],"wp:term":[{"taxonomy":"product_brand","embeddable":true,"href":"https:\/\/roveyayinevi.com.tr\/index.php\/wp-json\/wp\/v2\/product_brand?post=740890"},{"taxonomy":"product_cat","embeddable":true,"href":"https:\/\/roveyayinevi.com.tr\/index.php\/wp-json\/wp\/v2\/product_cat?post=740890"},{"taxonomy":"product_tag","embeddable":true,"href":"https:\/\/roveyayinevi.com.tr\/index.php\/wp-json\/wp\/v2\/product_tag?post=740890"}],"curies":[{"name":"wp","href":"https:\/\/api.w.org\/{rel}","templated":true}]}}