{"id":740888,"date":"2025-08-28T00:37:21","date_gmt":"2025-08-27T21:37:21","guid":{"rendered":"https:\/\/roveyayinevi.com.tr\/index.php\/urun\/senden-nefret-ediyorum-ne-olur-beni-terk-etme\/"},"modified":"2026-04-16T02:52:05","modified_gmt":"2026-04-15T23:52:05","slug":"senden-nefret-ediyorum-ne-olur-beni-terk-etme","status":"publish","type":"product","link":"https:\/\/roveyayinevi.com.tr\/index.php\/urun\/senden-nefret-ediyorum-ne-olur-beni-terk-etme\/","title":{"rendered":"Senden Nefret Ediyorum Ne Olur Beni Terk Etme"},"content":{"rendered":"<p>Azra&#8217;n\u0131n h\u00fcz\u00fcnl\u00fc hik\u00e2yesi&#8230;Sevgili dostum Psikoterapist Dr. Cem Ke\u00e7e, elinizde tuttu\u011funuz Senden Nefret Ediyorum Ne Olur Beni Terk Etme adl\u0131 de\u011ferli \u00e7al\u0131\u015fmas\u0131yla, borderline ki\u015filik patolojisine dair devasa literat\u00fcr\u00fc anla\u015f\u0131l\u0131r bir sadelikle aktarmay\u0131 ba\u015far\u0131yor. \u0130nsanc\u0131l empati yetene\u011fi, g\u00fcle\u00e7 ve sab\u0131rl\u0131 duru\u015fu, konuya hakimiyeti ile ne kadar ba\u015far\u0131l\u0131 bir terapist oldu\u011funu Azra&#8217;n\u0131n terapi \u00f6yk\u00fcs\u00fcyle g\u00f6steriyor&#8230; -Cengiz G\u00fcle\u00e7-Borderline ve narsisistik ki\u015filik bozukluklar\u0131 \u00fczerine \u00e7al\u0131\u015fan Psikoterapist Cem Ke\u00e7e, Senden Nefret Ediyorum Ne Olur Beni Terk Etme adl\u0131 kitab\u0131nda, klinik veriler \u0131\u015f\u0131\u011f\u0131nda borderline yap\u0131y\u0131 ve borderline ki\u015filik bozuklu\u011funu tart\u0131\u015fmaya a\u00e7\u0131yor. Terapi s\u00fcre\u00e7leri uzun s\u00fcren ve g\u00fc\u00e7 olan borderline yap\u0131n\u0131n tedavisiyle ilgili \u00f6nemli detaylar veriyor. Uygulamalarla ve vaka \u00f6rnekleriyle desteklenmi\u015f yeni kuramsal a\u00e7\u0131l\u0131mlar sunuyor. Ve borderline yap\u0131n\u0131n en belirgin niteliklerini betimleyerek \u00f6nemli bir yol haritas\u0131 ortaya koyuyor. Karanl\u0131\u011fa mahk\u00fbm ger\u00e7eklerin \u0131\u015f\u0131\u011fa kavu\u015ftu\u011fu bu kitab\u0131 seveceksiniz&#8230; -T\u00fcrkiye Psikoterapi ve Psikoterapistler Derne\u011fi &#8211; PS\u0130KODER-\u0130nsan\u0131n i\u00e7 d\u00fcnyas\u0131ndaki iyi ve k\u00f6t\u00fcn\u00fcn uzla\u015fmaz ve durulmaz \u00e7at\u0131\u015fmas\u0131n\u0131n i\u015fleyi\u015fini vaka \u00f6rneklerinin \u0131\u015f\u0131\u011f\u0131nda anlatan Senden Nefret Ediyorum Ne Olur Beni Terk Etme; d\u00fczenli bir aile hayat\u0131 olmayan, ebeveynlerin \u00e7at\u0131\u015fmalar\u0131n\u0131n ortas\u0131nda yer alan, en \u00e7ok ihtiyac\u0131 oldu\u011fu ya\u015fta anne sevgisi ve ilgisinden mahrum kalan, aileleri taraf\u0131ndan yaln\u0131zl\u0131\u011fa itilen, ayr\u0131lma, bo\u011fulma, yutulma, bo\u015fluk, hi\u00e7lik, ba\u011flanma ve terk edilme durumlar\u0131na kar\u015f\u0131 a\u015f\u0131r\u0131 tepkisel olan, kendine zarar verme, alkol ve uyu\u015fturucu kullanma, yeme bozukluklar\u0131 ve intihar te\u015febb\u00fcsleri g\u00f6steren, iyiyi ve k\u00f6t\u00fcy\u00fc birbirinden ay\u0131rt etmekte zorlanan, sa\u011fl\u0131kl\u0131 karar verme mekanizmalar\u0131ndan mahrum kalan, kaybettik\u00e7e korkan, korktuk\u00e7a sevdiklerini kaybeden Azra&#8217;n\u0131n h\u00fcz\u00fcnl\u00fc hik\u00e2yesini anlat\u0131yor&#8230; -Cinsel Sa\u011fl\u0131k Enstit\u00fcs\u00fc Derne\u011fi &#8211; C\u0130SED-Borderline ve narsisistik ki\u015filik bozukluklar\u0131 gibi psikolojik sorunlar, a\u015fk, yak\u0131n ili\u015fkiler, aile, evlilik ve cinsellik konular\u0131ndaki yaz\u0131lar\u0131yla, kitaplar\u0131yla ve ruh sa\u011fl\u0131\u011f\u0131 profesyonellerine verdi\u011fi psikoterapi e\u011fitimleriyle \u00e7al\u0131\u015fmalar\u0131n\u0131 s\u00fcrd\u00fcren, Psikoterapist Cem Ke\u00e7e; olduk\u00e7a sade ve anla\u015f\u0131labilir bir \u00fcslupla, tan\u0131s\u0131 ve terapisi olduk\u00e7a g\u00fc\u00e7 olan, duygularda, insan ili\u015fkilerinde, davran\u0131\u015flarda dengesizlik ve a\u015f\u0131r\u0131 kaybetme korkusu, s\u00fcrekli olarak terk edilme duygusunun yaratt\u0131\u011f\u0131 panik ile kendini g\u00f6steren borderline yap\u0131y\u0131 tart\u0131\u015fmaya a\u00e7\u0131yor. Modern toplumlarda s\u00fcratle yay\u0131lan borderline yap\u0131yla ilgili var olan, yeni, \u00f6zg\u00fcn, kuramsal ve pratik psikoterap\u00f6tik ilkeleri &#8220;Senden Nefret Ediyorum Ne Olur Beni Terk Etme&#8221; adl\u0131 kitab\u0131nda bir araya getiriyor. \u00d6zellikle nesne ili\u015fkilerine dayanan kuramsal yakla\u015f\u0131mlar\u0131 harmanl\u0131yor. Borderline ki\u015finin kendi i\u00e7ine g\u00f6m\u00fcl\u00fcp t\u00fcm dikkatini terk edilme ve kaybetme korkusuna vermesinin ilk ba\u015fta kendisini, ailesini ve sonra toplum ya\u015fam\u0131n\u0131 nas\u0131l olumsuz etkiledi\u011fini ve b\u00f6l\u00fcnm\u00fc\u015f bir ruhsal yap\u0131 ile birlikte ne t\u00fcr ac\u0131lara maruz kald\u0131\u011f\u0131n\u0131 soru\u015fturuyor. Detayl\u0131 analizlere ve Azra&#8217;n\u0131n hik\u00e2yesine dayanarak borderline yap\u0131n\u0131n \u00e7ok yayg\u0131n bir ki\u015filik \u00f6rg\u00fctlenmesi oldu\u011funa dikkat \u00e7ekiyor&#8230;<\/p>\n","protected":false},"excerpt":{"rendered":"<p>Azra&#8217;n\u0131n h\u00fcz\u00fcnl\u00fc hik\u00e2yesi&#8230;Sevgili dostum Psikoterapist Dr. Cem Ke\u00e7e, elinizde tuttu\u011funuz Senden Nefret Ediyorum Ne Olur Beni Terk Etme adl\u0131 de\u011ferli \u00e7al\u0131\u015fmas\u0131yla, borderline ki\u015filik patolojisine dair devasa<span class=\"excerpt-hellip\"> [\u2026]<\/span><\/p>\n","protected":false},"featured_media":0,"template":"","meta":{"_monsterinsights_skip_tracking":false,"_monsterinsights_sitenote_active":false,"_monsterinsights_sitenote_note":"","_monsterinsights_sitenote_category":0},"product_brand":[],"product_cat":[12357],"product_tag":[],"class_list":{"0":"post-740888","1":"product","2":"type-product","3":"status-publish","5":"product_cat-psikoloji","6":"pa_cilt-ciltsiz","7":"pa_tur-kitap","8":"pa_yayinevi-pusula-yayinevi-ankara","9":"pa_yazar-a-cem-kece","11":"first","12":"instock","13":"sale","14":"shipping-taxable","15":"purchasable","16":"product-type-simple"},"_links":{"self":[{"href":"https:\/\/roveyayinevi.com.tr\/index.php\/wp-json\/wp\/v2\/product\/740888","targetHints":{"allow":["GET"]}}],"collection":[{"href":"https:\/\/roveyayinevi.com.tr\/index.php\/wp-json\/wp\/v2\/product"}],"about":[{"href":"https:\/\/roveyayinevi.com.tr\/index.php\/wp-json\/wp\/v2\/types\/product"}],"wp:attachment":[{"href":"https:\/\/roveyayinevi.com.tr\/index.php\/wp-json\/wp\/v2\/media?parent=740888"}],"wp:term":[{"taxonomy":"product_brand","embeddable":true,"href":"https:\/\/roveyayinevi.com.tr\/index.php\/wp-json\/wp\/v2\/product_brand?post=740888"},{"taxonomy":"product_cat","embeddable":true,"href":"https:\/\/roveyayinevi.com.tr\/index.php\/wp-json\/wp\/v2\/product_cat?post=740888"},{"taxonomy":"product_tag","embeddable":true,"href":"https:\/\/roveyayinevi.com.tr\/index.php\/wp-json\/wp\/v2\/product_tag?post=740888"}],"curies":[{"name":"wp","href":"https:\/\/api.w.org\/{rel}","templated":true}]}}