{"id":740887,"date":"2025-08-28T00:37:20","date_gmt":"2025-08-27T21:37:20","guid":{"rendered":"https:\/\/roveyayinevi.com.tr\/index.php\/urun\/evlilik-ve-cift-terapisi-ciftler-terapide\/"},"modified":"2026-04-16T02:52:05","modified_gmt":"2026-04-15T23:52:05","slug":"evlilik-ve-cift-terapisi-ciftler-terapide","status":"publish","type":"product","link":"https:\/\/roveyayinevi.com.tr\/index.php\/urun\/evlilik-ve-cift-terapisi-ciftler-terapide\/","title":{"rendered":"Evlilik ve \u00c7ift Terapisi  \u00c7iftler Terapide"},"content":{"rendered":"<p>Evlilik ve \u00c7ift Terapisi ile Cinsel Terapi alan\u0131nda yakla\u015f\u0131k 10 y\u0131ld\u0131r Cinsel Sa\u011fl\u0131k Enstit\u00fcs\u00fc Derne\u011fi (C\u0130SED) olarak e\u011fitim ve seminerler d\u00fczenliyoruz. Bu \u00e7al\u0131\u015fmam\u0131zda hem teorik olarak hem de klinik yakla\u015f\u0131m olarak Prof.Dr. Gerald R. Weeks taraf\u0131ndan kavramsalla\u015ft\u0131r\u0131lan ve ruhsal sorunlar\u0131n nedenini ortaya koyma ve tedavi etme s\u00fcrecinde bireysel, etkile\u015fimsel ve nesiller aras\u0131 sistemlerin ele al\u0131nmas\u0131n\u0131 \u00f6n g\u00f6ren &#8220;Sistemler Aras\u0131 Yakla\u015f\u0131m&#8221; modelini esas al\u0131yoruz. Elinizde tuttu\u011funuz kitap bu a\u00e7\u0131dan bir &#8220;ders kitab\u0131&#8221; niteli\u011findedir&#8230; Cinsel Sa\u011fl\u0131k Enstit\u00fcs\u00fc Derne\u011fi (C\u0130SED) Evlilik ve \u00c7ift Terapisi perspektifinde ili\u015fkilere bak\u0131ld\u0131\u011f\u0131nda; cinselli\u011fin geli\u015fti\u011fi ba\u011flam\u0131n \u00e7ift ve evlilik ili\u015fkisi oldu\u011fu, eskisi gibi \u00e7ift ve evlilik ili\u015fkisini, cinsel ili\u015fkiden ayr\u0131 tutman\u0131n m\u00fcmk\u00fcn olmad\u0131\u011f\u0131 g\u00f6r\u00fclecektir. Sistemler Aras\u0131 Yakla\u015f\u0131m modeliyle mevcut sorunlar\u0131n ve terapi s\u00fcre\u00e7lerinin b\u00fct\u00fcnc\u00fcl de\u011ferlendirilmesi, ayr\u0131ca Evlilik ve \u00c7ift Terapisi ile Cinsel Terapi&#8217;yi b\u00fct\u00fcnle\u015ftirme \u00e7abas\u0131 Prof. Dr. Gerald R. Weeks&#8217;in psikoterapi alan\u0131nda getirdi\u011fi yeniliklerdendir&#8230; Psikiyatr &amp; Psikoterapist, Do\u00e7.Dr. Cebrail K\u0131saRuhsal sorunlar\u0131n nedenini ortaya koyma ve tedavi etme s\u00fcrecinde bireysel, etkile\u015fimsel ve nesiller aras\u0131 sistemlerin ele al\u0131nmas\u0131n\u0131 \u00f6n g\u00f6ren Prof.Dr. Gerald R. Weeks&#8217;in &#8220;Sistemler Aras\u0131 Yakla\u015f\u0131m&#8221; modelini anlamak ve bu modelin terapi s\u00fcre\u00e7lerinde nas\u0131l uyguland\u0131\u011f\u0131n\u0131 kavramak i\u00e7in &#8220;Evlilik ve \u00c7ift Terapisi &#8211; \u00c7iftler Terapide&#8221; adl\u0131 kitab\u0131 t\u00fcm ruh sa\u011fl\u0131\u011f\u0131 profesyonellerine tavsiye ediyorum&#8230; Psikoterapist, Dr. A. Cem Ke\u00e7e<\/p>\n","protected":false},"excerpt":{"rendered":"<p>Evlilik ve \u00c7ift Terapisi ile Cinsel Terapi alan\u0131nda yakla\u015f\u0131k 10 y\u0131ld\u0131r Cinsel Sa\u011fl\u0131k Enstit\u00fcs\u00fc Derne\u011fi (C\u0130SED) olarak e\u011fitim ve seminerler d\u00fczenliyoruz. Bu \u00e7al\u0131\u015fmam\u0131zda hem teorik olarak<span class=\"excerpt-hellip\"> [\u2026]<\/span><\/p>\n","protected":false},"featured_media":0,"template":"","meta":{"_monsterinsights_skip_tracking":false,"_monsterinsights_sitenote_active":false,"_monsterinsights_sitenote_note":"","_monsterinsights_sitenote_category":0},"product_brand":[],"product_cat":[26396,13488],"product_tag":[],"class_list":{"0":"post-740887","1":"product","2":"type-product","3":"status-publish","5":"product_cat-kadin-erkek-iliskileri","6":"product_cat-toplum-ve-insan","7":"pa_cilt-ciltsiz","8":"pa_tur-kitap","9":"pa_yayinevi-pusula-yayinevi-ankara","10":"pa_yazar-gerald-r-wekks","12":"first","13":"instock","14":"sale","15":"shipping-taxable","16":"purchasable","17":"product-type-simple"},"_links":{"self":[{"href":"https:\/\/roveyayinevi.com.tr\/index.php\/wp-json\/wp\/v2\/product\/740887","targetHints":{"allow":["GET"]}}],"collection":[{"href":"https:\/\/roveyayinevi.com.tr\/index.php\/wp-json\/wp\/v2\/product"}],"about":[{"href":"https:\/\/roveyayinevi.com.tr\/index.php\/wp-json\/wp\/v2\/types\/product"}],"wp:attachment":[{"href":"https:\/\/roveyayinevi.com.tr\/index.php\/wp-json\/wp\/v2\/media?parent=740887"}],"wp:term":[{"taxonomy":"product_brand","embeddable":true,"href":"https:\/\/roveyayinevi.com.tr\/index.php\/wp-json\/wp\/v2\/product_brand?post=740887"},{"taxonomy":"product_cat","embeddable":true,"href":"https:\/\/roveyayinevi.com.tr\/index.php\/wp-json\/wp\/v2\/product_cat?post=740887"},{"taxonomy":"product_tag","embeddable":true,"href":"https:\/\/roveyayinevi.com.tr\/index.php\/wp-json\/wp\/v2\/product_tag?post=740887"}],"curies":[{"name":"wp","href":"https:\/\/api.w.org\/{rel}","templated":true}]}}