{"id":740886,"date":"2025-08-28T00:37:19","date_gmt":"2025-08-27T21:37:19","guid":{"rendered":"https:\/\/roveyayinevi.com.tr\/index.php\/urun\/kadim-ask-ogretileri\/"},"modified":"2026-04-16T02:52:05","modified_gmt":"2026-04-15T23:52:05","slug":"kadim-ask-ogretileri","status":"publish","type":"product","link":"https:\/\/roveyayinevi.com.tr\/index.php\/urun\/kadim-ask-ogretileri\/","title":{"rendered":"Kadim A\u015fk \u00d6\u011fretileri"},"content":{"rendered":"<p>A\u015fk, evlilik ve yak\u0131n ili\u015fkiler kadim bir kervan yolculu\u011fudur. Bu anlaml\u0131 yolculukta tahmin edilemeyecek kadar g\u00fczel anlar\u0131n yan\u0131nda hesaba kat\u0131lamayan sorunlar da ya\u015fanabilir. \u00d6nemli olan kervan\u0131 yolda d\u00fczmektir, bu s\u00fcre\u00e7te fazlal\u0131klar at\u0131labilir, eksikler tamamlanabilir. Duygularla mant\u0131\u011f\u0131, a\u015fkla arkada\u015fl\u0131\u011f\u0131 dengede tutabilen \u00e7iftler bu yolculukta mutlu olabilir. Sab\u0131r, sadakat, ko\u015fulsuz sevmek, samimiyet, vefa, \u015fefkat, tutku ve kar\u015f\u0131l\u0131kl\u0131 sayg\u0131 olursa mutlu bir birliktelik ve sa\u011fl\u0131kl\u0131 bir seks hayat\u0131 olabilir. Uzun s\u00fcreli ili\u015fkilerde tutkuyu s\u00fcrd\u00fcrmenin \u015fifresi, duygusal a\u00e7\u0131dan kar\u015f\u0131daki insanla b\u00fct\u00fcnle\u015firken kendin olarak kalabilme yetene\u011fidir. Bu t\u00fcr bir kendini geli\u015ftirmenin 5 ana bile\u015feni;a\u00e7\u0131k ileti\u015fim kurma,g\u00fc\u00e7 ve iktidar sava\u015flar\u0131ndan vazge\u00e7me,partnere dokunma,su\u00e7lamak yerine sorumluluk alma veendi\u015felerin \u00fczerine gitme \u015feklinde s\u0131ralan\u0131r.\u0130nsanlar kar\u015f\u0131 cinste gizem arar ve onlar\u0131 bir arada tutan ilk sihirli kelimeler merak, endi\u015fe, gizem, arzu ve tutkudur. \u00c7ift yanl\u0131\u015f anla\u015f\u0131lma, hayal k\u0131r\u0131kl\u0131\u011f\u0131, kabullenmeme, \u00e7at\u0131\u015fma, reddedilme ya da kaybetme gibi yo\u011fun duygulara e\u015flik eden risklerle ba\u015f edecek kadar g\u00fc\u00e7l\u00fc olmal\u0131d\u0131r. \u00c7\u00fcnk\u00fc yak\u0131n ili\u015fkilerde sevgi yetmez, \u00e7iftin birbirini bir par\u00e7a endi\u015fe i\u00e7inde tutmas\u0131 gerekir.T\u00fcrkiye&#8217;nin en \u00fcnl\u00fc psikoterapistlerinden Dr. Cem Ke\u00e7e taraf\u0131ndan yaz\u0131lan, sa\u011fl\u0131kl\u0131 ve mutlu birlikteliklere, uzun ve keyifli yolculuklara rehberlik edecek nitelikteki Kadim A\u015fk \u00d6\u011fretileri; kad\u0131nlar\u0131n ve erkeklerin farkl\u0131 psikolojik ihtiya\u00e7lar\u0131 ve ileti\u015fimlerinin p\u00fcf noktalar\u0131, k\u0131skan\u00e7l\u0131k ve aldatma gibi zor konularda \u00e7ok \u00f6zel tavsiyeler ve pratik bilgiler i\u00e7eriyor ve &#8220;Mutlu birlikteliklerin s\u0131rr\u0131 nedir?&#8221; sorusuna cevap veriyor.<\/p>\n","protected":false},"excerpt":{"rendered":"<p>A\u015fk, evlilik ve yak\u0131n ili\u015fkiler kadim bir kervan yolculu\u011fudur. Bu anlaml\u0131 yolculukta tahmin edilemeyecek kadar g\u00fczel anlar\u0131n yan\u0131nda hesaba kat\u0131lamayan sorunlar da ya\u015fanabilir. \u00d6nemli olan kervan\u0131<span class=\"excerpt-hellip\"> [\u2026]<\/span><\/p>\n","protected":false},"featured_media":0,"template":"","meta":{"_monsterinsights_skip_tracking":false,"_monsterinsights_sitenote_active":false,"_monsterinsights_sitenote_note":"","_monsterinsights_sitenote_category":0},"product_brand":[],"product_cat":[12325,12324],"product_tag":[],"class_list":{"0":"post-740886","1":"product","2":"type-product","3":"status-publish","5":"product_cat-diger-sosyoloji","6":"product_cat-sosyoloji","7":"pa_cilt-ciltsiz","8":"pa_tur-kitap","9":"pa_yayinevi-pusula-yayinevi-ankara","10":"pa_yazar-a-cem-kece","12":"first","13":"instock","14":"sale","15":"shipping-taxable","16":"purchasable","17":"product-type-simple"},"_links":{"self":[{"href":"https:\/\/roveyayinevi.com.tr\/index.php\/wp-json\/wp\/v2\/product\/740886","targetHints":{"allow":["GET"]}}],"collection":[{"href":"https:\/\/roveyayinevi.com.tr\/index.php\/wp-json\/wp\/v2\/product"}],"about":[{"href":"https:\/\/roveyayinevi.com.tr\/index.php\/wp-json\/wp\/v2\/types\/product"}],"wp:attachment":[{"href":"https:\/\/roveyayinevi.com.tr\/index.php\/wp-json\/wp\/v2\/media?parent=740886"}],"wp:term":[{"taxonomy":"product_brand","embeddable":true,"href":"https:\/\/roveyayinevi.com.tr\/index.php\/wp-json\/wp\/v2\/product_brand?post=740886"},{"taxonomy":"product_cat","embeddable":true,"href":"https:\/\/roveyayinevi.com.tr\/index.php\/wp-json\/wp\/v2\/product_cat?post=740886"},{"taxonomy":"product_tag","embeddable":true,"href":"https:\/\/roveyayinevi.com.tr\/index.php\/wp-json\/wp\/v2\/product_tag?post=740886"}],"curies":[{"name":"wp","href":"https:\/\/api.w.org\/{rel}","templated":true}]}}