{"id":740885,"date":"2025-08-28T00:37:18","date_gmt":"2025-08-27T21:37:18","guid":{"rendered":"https:\/\/roveyayinevi.com.tr\/index.php\/urun\/erken-bosalmanin-ustesinden-gelmek-2\/"},"modified":"2026-04-16T02:52:05","modified_gmt":"2026-04-15T23:52:05","slug":"erken-bosalmanin-ustesinden-gelmek-2","status":"publish","type":"product","link":"https:\/\/roveyayinevi.com.tr\/index.php\/urun\/erken-bosalmanin-ustesinden-gelmek-2\/","title":{"rendered":"Erken Bo\u015falma&#8217;n\u0131n \u00dcstesinden Gelmek"},"content":{"rendered":"<p>Cinselli\u011finizi Doruklarda Ya\u015fay\u0131n! Cinsel ili\u015fki s\u0131ras\u0131nda bu kitaptaki egzersizler sayesinde, erken bo\u015falmaya son verebilir, m\u00fckemmel bir performans g\u00f6stererek \u00e7ok daha uzun ve mutlu bir cinsel birliktelik ya\u015fayabilirsiniz.Kendi kendinize veya partnerinizle birlikte rahatl\u0131kla uygulayabilece\u011finiz, en pratik ve en son geli\u015ftirilmi\u015f tedavi teknikleri ile erken bo\u015falman\u0131za \u00e7\u00f6z\u00fcm bulabilirsiniz. Ba\u015far\u0131s\u0131 kan\u0131tlanm\u0131\u015f bir tecr\u00fcbe ve profesyonel bir yakla\u015f\u0131m i\u00e7in ula\u015fabilece\u011finiz en do\u011fru kitaplardan birini ald\u0131n\u0131z, rahat olun.Erken Bo\u015falman\u0131n \u00dcstesinden Gelmek;\u201cHASTALAR \u0130\u00c7\u0130N; OKU, C\u0130NSEL SORUNLARINI ANLA VE ERKEN BO\u015eALMANI KONTROL ET, HEK\u0130MLER, C\u0130NSEL TERAP\u0130STLER, PS\u0130KOLOGLAR VE PS\u0130KOLOJ\u0130K DANI\u015eMANLAR \u0130\u00c7\u0130N; OKU, HASTANI ANLA VE \u0130Y\u0130 ET, ANNE VE BABALAR \u0130\u00c7\u0130N; OKU, \u00c7OCU\u011eUNU ERKEN BO\u015eALMADAN KORU, GEN\u00c7LER\u0130M\u0130Z \u0130\u00c7\u0130N; OKU, ERKEN BO\u015eALMA SORUNU YA\u015eAMA, MEDYA MENSUPLARI \u0130\u00c7\u0130N; OKU, ERKEN BO\u015eALMA HAKKINDA DO\u011eRU B\u0130LG\u0130LEND\u0130R\u201d mant\u0131\u011f\u0131 haz\u0131rlanm\u0131\u015f bir ba\u015fvuru kayna\u011f\u0131d\u0131r.<\/p>\n","protected":false},"excerpt":{"rendered":"<p>Cinselli\u011finizi Doruklarda Ya\u015fay\u0131n! Cinsel ili\u015fki s\u0131ras\u0131nda bu kitaptaki egzersizler sayesinde, erken bo\u015falmaya son verebilir, m\u00fckemmel bir performans g\u00f6stererek \u00e7ok daha uzun ve mutlu bir cinsel birliktelik<span class=\"excerpt-hellip\"> [\u2026]<\/span><\/p>\n","protected":false},"featured_media":0,"template":"","meta":{"_monsterinsights_skip_tracking":false,"_monsterinsights_sitenote_active":false,"_monsterinsights_sitenote_note":"","_monsterinsights_sitenote_category":0},"product_brand":[],"product_cat":[35288,13365],"product_tag":[],"class_list":{"0":"post-740885","1":"product","2":"type-product","3":"status-publish","5":"product_cat-cinsellik-saglik","6":"product_cat-saglik","7":"pa_cilt-ciltsiz","8":"pa_tur-kitap","9":"pa_yayinevi-pusula-yayinevi-ankara","10":"pa_yazar-a-cem-kece","12":"first","13":"instock","14":"sale","15":"shipping-taxable","16":"purchasable","17":"product-type-simple"},"_links":{"self":[{"href":"https:\/\/roveyayinevi.com.tr\/index.php\/wp-json\/wp\/v2\/product\/740885","targetHints":{"allow":["GET"]}}],"collection":[{"href":"https:\/\/roveyayinevi.com.tr\/index.php\/wp-json\/wp\/v2\/product"}],"about":[{"href":"https:\/\/roveyayinevi.com.tr\/index.php\/wp-json\/wp\/v2\/types\/product"}],"wp:attachment":[{"href":"https:\/\/roveyayinevi.com.tr\/index.php\/wp-json\/wp\/v2\/media?parent=740885"}],"wp:term":[{"taxonomy":"product_brand","embeddable":true,"href":"https:\/\/roveyayinevi.com.tr\/index.php\/wp-json\/wp\/v2\/product_brand?post=740885"},{"taxonomy":"product_cat","embeddable":true,"href":"https:\/\/roveyayinevi.com.tr\/index.php\/wp-json\/wp\/v2\/product_cat?post=740885"},{"taxonomy":"product_tag","embeddable":true,"href":"https:\/\/roveyayinevi.com.tr\/index.php\/wp-json\/wp\/v2\/product_tag?post=740885"}],"curies":[{"name":"wp","href":"https:\/\/api.w.org\/{rel}","templated":true}]}}