{"id":740882,"date":"2025-08-28T00:37:15","date_gmt":"2025-08-27T21:37:15","guid":{"rendered":"https:\/\/roveyayinevi.com.tr\/index.php\/urun\/krem-cilt-sagliginin-abcsi\/"},"modified":"2026-04-16T02:52:05","modified_gmt":"2026-04-15T23:52:05","slug":"krem-cilt-sagliginin-abcsi","status":"publish","type":"product","link":"https:\/\/roveyayinevi.com.tr\/index.php\/urun\/krem-cilt-sagliginin-abcsi\/","title":{"rendered":"Krem &#8211; Cilt Sa\u011fl\u0131\u011f\u0131&#8217;n\u0131n ABC&#8217;si"},"content":{"rendered":"<p>P\u00fcr\u00fczs\u00fcz, \u0131\u015f\u0131l \u0131\u015f\u0131l parlayan bir cilt herkesin hayalini s\u00fcsler. G\u00fczelli\u011fin ve esteti\u011fin ilk ad\u0131m\u0131 olarak g\u00f6r\u00fclse de cildimiz asl\u0131nda sa\u011fl\u0131\u011f\u0131m\u0131z\u0131n da bir aynas\u0131d\u0131r. Bazen cildinizdeki bir k\u0131zar\u0131kl\u0131k, aniden beliren bir ben ya da ka\u015f\u0131nt\u0131 sizi bir hastal\u0131kla ilgili uyar\u0131yor da olabilir. \u0130\u015fte bu kitap aileniz ve sizin i\u00e7in tam bir cilt sa\u011fl\u0131\u011f\u0131 rehberidir.Cilt sa\u011fl\u0131\u011f\u0131yla ilgili pratik bilgilerin yer ald\u0131\u011f\u0131 bu kitapta, tepeden t\u0131rna\u011fa cilt bak\u0131m\u0131n\u0131 \u00f6\u011frenebilece\u011finiz bir yolculu\u011fa \u00e7\u0131kacaks\u0131n\u0131z. Evde uygulayabilece\u011finiz bak\u0131m \u00f6nerilerini de, ne zaman doktora gitmeniz gerekti\u011finin yan\u0131t\u0131n\u0131 da bulabileceksiniz. Cildinize uygun kozmetik \u00fcr\u00fcnleri nas\u0131l se\u00e7ece\u011finizi, hangi ya\u015fta hangi \u00fcr\u00fcnleri kullanaca\u011f\u0131n\u0131z\u0131, ne\u015ftersiz estetik y\u00f6ntemlerini, sa\u011fl\u0131kl\u0131 bir cilt i\u00e7in do\u011fru beslenme \u00f6nerilerini, \u00e7ocu\u011funuzun cildine nas\u0131l bakaca\u011f\u0131n\u0131z\u0131, egzama, mantar, si\u011fil ya da aknelerle nas\u0131l sava\u015faca\u011f\u0131n\u0131z\u0131 \u00f6\u011frenebilirsiniz. K\u0131sacas\u0131 bu kitap g\u00fczelli\u011fine ve sa\u011fl\u0131\u011f\u0131na de\u011fer verenlerin ba\u015fucu rehberi olacak&#8230;<\/p>\n","protected":false},"excerpt":{"rendered":"<p>P\u00fcr\u00fczs\u00fcz, \u0131\u015f\u0131l \u0131\u015f\u0131l parlayan bir cilt herkesin hayalini s\u00fcsler. G\u00fczelli\u011fin ve esteti\u011fin ilk ad\u0131m\u0131 olarak g\u00f6r\u00fclse de cildimiz asl\u0131nda sa\u011fl\u0131\u011f\u0131m\u0131z\u0131n da bir aynas\u0131d\u0131r. Bazen cildinizdeki bir<span class=\"excerpt-hellip\"> [\u2026]<\/span><\/p>\n","protected":false},"featured_media":0,"template":"","meta":{"_monsterinsights_skip_tracking":false,"_monsterinsights_sitenote_active":false,"_monsterinsights_sitenote_note":"","_monsterinsights_sitenote_category":0},"product_brand":[],"product_cat":[16965,13365],"product_tag":[],"class_list":{"0":"post-740882","1":"product","2":"type-product","3":"status-publish","5":"product_cat-genel-saglik-kitaplari","6":"product_cat-saglik","7":"pa_cilt-ciltsiz","8":"pa_tur-kitap","9":"pa_yayinevi-pusula-yayinevi-ankara","10":"pa_yazar-gokhan-okan","12":"first","13":"instock","14":"sale","15":"shipping-taxable","16":"purchasable","17":"product-type-simple"},"_links":{"self":[{"href":"https:\/\/roveyayinevi.com.tr\/index.php\/wp-json\/wp\/v2\/product\/740882","targetHints":{"allow":["GET"]}}],"collection":[{"href":"https:\/\/roveyayinevi.com.tr\/index.php\/wp-json\/wp\/v2\/product"}],"about":[{"href":"https:\/\/roveyayinevi.com.tr\/index.php\/wp-json\/wp\/v2\/types\/product"}],"wp:attachment":[{"href":"https:\/\/roveyayinevi.com.tr\/index.php\/wp-json\/wp\/v2\/media?parent=740882"}],"wp:term":[{"taxonomy":"product_brand","embeddable":true,"href":"https:\/\/roveyayinevi.com.tr\/index.php\/wp-json\/wp\/v2\/product_brand?post=740882"},{"taxonomy":"product_cat","embeddable":true,"href":"https:\/\/roveyayinevi.com.tr\/index.php\/wp-json\/wp\/v2\/product_cat?post=740882"},{"taxonomy":"product_tag","embeddable":true,"href":"https:\/\/roveyayinevi.com.tr\/index.php\/wp-json\/wp\/v2\/product_tag?post=740882"}],"curies":[{"name":"wp","href":"https:\/\/api.w.org\/{rel}","templated":true}]}}