{"id":740881,"date":"2025-08-28T00:37:14","date_gmt":"2025-08-27T21:37:14","guid":{"rendered":"https:\/\/roveyayinevi.com.tr\/index.php\/urun\/aklin-kaderi\/"},"modified":"2026-04-16T02:52:05","modified_gmt":"2026-04-15T23:52:05","slug":"aklin-kaderi","status":"publish","type":"product","link":"https:\/\/roveyayinevi.com.tr\/index.php\/urun\/aklin-kaderi\/","title":{"rendered":"Akl\u0131n Kaderi"},"content":{"rendered":"<p>Bu kitap, modern felsefenin en devrimci ve en verimli d\u00f6nemlerinden biri olan, Kant ile Fichte aras\u0131ndaki d\u00f6neme adanm\u0131\u015ft\u0131r. Kant\u2019\u0131n muhaliflerinin onun d\u00fc\u015f\u00fcnsel geli\u015fimine olan etkisini Beiser sayesinde yeni yeni anlayabiliyoruz. Beiser buradaki tart\u0131\u015fmalara ve bu tart\u0131\u015fmalarla ilgili olan karakterlere hayat vererek, g\u00fcn\u00fcm\u00fczdeki tart\u0131\u015fmalarla ola\u011fan\u00fcst\u00fc paralellikler arz eden bir hik\u00e2ye anlat\u0131yor.   \u201cFrederick Beiser Alman felsefesinin on sekizinci y\u00fczy\u0131l\u0131n son d\u00f6nemlerinde izledi\u011fi yolu ara\u015ft\u0131rmakla, fikirler tarihine geni\u015f kapsaml\u0131 ve titizlikle belgelenmi\u015f bir katk\u0131 sundu&#8230; D\u00fc\u015f\u00fcnce tarihindeki b\u00fcy\u00fcleyici bir momentin bilgece, iyi \u00f6rneklenmi\u015f ve olduk\u00e7a b\u00fct\u00fcnc\u00fcl bir izah\u0131.\u201d Patrick Gardiner, Times Literary Supplement   \u201cAkl\u0131n Kaderi berrakl\u0131\u011f\u0131 ve kolay tarz\u0131yla bir model olu\u015fturuyor ve ku\u015fkusuz bunlar genel okur i\u00e7in m\u00fckemmel bir okuma olana\u011f\u0131 sa\u011flayacak \u00f6zellikler. Ne var ki g\u00f6steri\u015ften ka\u00e7\u0131nm\u0131\u015f olmas\u0131, konu edindi\u011fi d\u00f6nemin tamamlanmas\u0131 zor olan bilgisini \u00f6n plana \u00e7\u0131kar\u0131yor. Kitap, Alman \u0130dealizminin geli\u015fimini yorumlama ad\u0131na hakiki bir katk\u0131 sunuyor ve bu sayede konunun uzmanlar\u0131 i\u00e7in \u00f6nemli bir kaynak kitap haline gelecek.\u201d George Di Giovanni, Journal of the History of Philosophy   \u201cKu\u015fkusuz ki [bu kitap] kendi alan\u0131nda uzun y\u0131llar boyunca g\u00fcvenilir bir referans \u00e7al\u0131\u015fma olarak hizmet verecek. \u2018Kant sonras\u0131\u2019 Alman felsefe tarihine ilgili olan herkes taraf\u0131ndan okunmay\u0131 hak ediyor\u2026 S\u00f6z konusu \u2018\u00e7a\u011f\u2019 i\u00e7in Beiser\u2019in Akl\u0131n Kaderi adl\u0131 eserinden daha iyi veya daha g\u00fcvenilir bir kaynak bulunmuyor. Kant-sonras\u0131 Alman felsefesini \u00e7al\u0131\u015fan her \u00f6\u011frenci bu kitaba sahip olmay\u0131 isteyecek.\u201d Daniel Breazeale, The Owl of Minerva   \u201c[Beiser\u2019in] bu d\u00f6neme dair analizi a\u00e7\u0131k ara \u015fimdiye dek yap\u0131lan en titiz \u00e7al\u0131\u015fma. Ayr\u0131ca modern felsefe tarihiyle ciddi olarak ilgilenen herkesin kesinlikle okumas\u0131 gereken bir kitap.\u201d Karl Ameriks, Philosophical Review   \u201cAkl\u0131n Kaderi akl\u0131n otoritesine dair tart\u0131\u015fman\u0131n do\u011frudan ve dolayl\u0131 sonu\u00e7lar\u0131n\u0131 ortaya koymas\u0131yla Kant ile Fichte aras\u0131ndaki d\u00f6nemi ayd\u0131nlatmakla kalm\u0131yor, bu iki d\u00fc\u015f\u00fcn\u00fcr aras\u0131ndaki ili\u015fkiyi felsefi bir sorun \u00fczerinden anlamam\u0131z\u0131 da m\u00fcmk\u00fcn k\u0131l\u0131yor. Bu sayede Fichte\u2019nin kendi felsefesini Reinhold, Schulze ve Maimon\u2019un Kant-sonras\u0131 felsefelerinden faydalanarak nas\u0131l geli\u015ftirmi\u015f olabilece\u011fine dair bir bak\u0131\u015f a\u00e7\u0131s\u0131 sa\u011fl\u0131yor.\u201d Emre Bilgi\u00e7   Frederick C. Beiser: Erken modern d\u00f6nem felsefe, Kant, (\u00f6zelde Hegel olmak \u00fczere) Alman \u0130dealizmi, Alman Romantizmi, \u0130ngiliz Ayd\u0131nlanmas\u0131 ve genel anlamda on dokuzuncu y\u00fczy\u0131l felsefesi \u00fczerine \u00e7al\u0131\u015fmalar\u0131 d\u00fcnya \u00e7ap\u0131nda son derece \u00f6nemli bir felsefecidir. Akl\u0131n Kaderi: Kant\u2019tan Fichte\u2019ye Alman Felsefesi (The Fate of Reason: German Philosophy from Kant to Fichte) ba\u015fl\u0131kl\u0131 eseri 1987 Thomas J. Wilson \u00f6d\u00fcl\u00fcne lay\u0131k g\u00f6r\u00fclm\u00fc\u015ft\u00fcr. Yak\u0131n zamanda Alman Romantiklerinin Erken D\u00f6nem Politik D\u00fc\u015f\u00fcncesi gibi ba\u015fka T\u00fcrk\u00e7e \u00e7evirileri de yay\u0131mlanacak olan Beiser\u2019in di\u011fer eserleri aras\u0131nda Hegel, Alman \u0130dealizmi: \u00d6znelcili\u011fe Kar\u015f\u0131 M\u00fccadele, 1781-1801 (German Idealism: The Struggle against Subjectivism, 1781-1801); Filozof Olarak Schiller (Schiller as Philosopher), Romantik Buyruk: Erken D\u00f6nem Alman Romantizmi Kavram\u0131 (The Romantic Imperative: The Concept of Early German Romanticism); Diotima\u2019n\u0131n \u00c7ocuklar\u0131: Leibniz\u2019den Lessing\u2019e, Alman Estetik Rasyonalizmi (Diotima\u2019s Children: German Aesthetic Rationalism from Leibniz to Lessing) ve Weltschmerz: Alman Felsefesinde K\u00f6t\u00fcmserlik, 1860-1900 (Weltschmerz: Pessimism in German Philosophy, 1860-1900) de say\u0131labilir. Halen Syracuse \u00dcniversitesi\u2019nde \u00d6\u011fretim \u00dcyesidir. <\/p>\n","protected":false},"excerpt":{"rendered":"<p>Bu kitap, modern felsefenin en devrimci ve en verimli d\u00f6nemlerinden biri olan, Kant ile Fichte aras\u0131ndaki d\u00f6neme adanm\u0131\u015ft\u0131r. Kant\u2019\u0131n muhaliflerinin onun d\u00fc\u015f\u00fcnsel geli\u015fimine olan etkisini Beiser<span class=\"excerpt-hellip\"> [\u2026]<\/span><\/p>\n","protected":false},"featured_media":0,"template":"","meta":{"_monsterinsights_skip_tracking":false,"_monsterinsights_sitenote_active":false,"_monsterinsights_sitenote_note":"","_monsterinsights_sitenote_category":0},"product_brand":[],"product_cat":[12388,13555],"product_tag":[],"class_list":{"0":"post-740881","1":"product","2":"type-product","3":"status-publish","5":"product_cat-felsefe","6":"product_cat-genel-felsefe","7":"pa_cilt-ciltsiz","8":"pa_tur-kitap","9":"pa_yayinevi-ayrinti-yayinlari","10":"pa_yazar-frederick-c-beiser","12":"first","13":"instock","14":"sale","15":"shipping-taxable","16":"purchasable","17":"product-type-simple"},"_links":{"self":[{"href":"https:\/\/roveyayinevi.com.tr\/index.php\/wp-json\/wp\/v2\/product\/740881","targetHints":{"allow":["GET"]}}],"collection":[{"href":"https:\/\/roveyayinevi.com.tr\/index.php\/wp-json\/wp\/v2\/product"}],"about":[{"href":"https:\/\/roveyayinevi.com.tr\/index.php\/wp-json\/wp\/v2\/types\/product"}],"wp:attachment":[{"href":"https:\/\/roveyayinevi.com.tr\/index.php\/wp-json\/wp\/v2\/media?parent=740881"}],"wp:term":[{"taxonomy":"product_brand","embeddable":true,"href":"https:\/\/roveyayinevi.com.tr\/index.php\/wp-json\/wp\/v2\/product_brand?post=740881"},{"taxonomy":"product_cat","embeddable":true,"href":"https:\/\/roveyayinevi.com.tr\/index.php\/wp-json\/wp\/v2\/product_cat?post=740881"},{"taxonomy":"product_tag","embeddable":true,"href":"https:\/\/roveyayinevi.com.tr\/index.php\/wp-json\/wp\/v2\/product_tag?post=740881"}],"curies":[{"name":"wp","href":"https:\/\/api.w.org\/{rel}","templated":true}]}}