{"id":740880,"date":"2025-08-28T00:37:13","date_gmt":"2025-08-27T21:37:13","guid":{"rendered":"https:\/\/roveyayinevi.com.tr\/index.php\/urun\/denizleri-kurtarmak\/"},"modified":"2026-04-08T03:00:04","modified_gmt":"2026-04-08T00:00:04","slug":"denizleri-kurtarmak","status":"publish","type":"product","link":"https:\/\/roveyayinevi.com.tr\/index.php\/urun\/denizleri-kurtarmak\/","title":{"rendered":"Denizleri Kurtarmak"},"content":{"rendered":"<p>K\u0131z\u0131ldere olay\u0131, bir\u00e7ok yazar ve \u00f6len devrimcilerin arkada\u015flar\u0131 taraf\u0131ndan ele al\u0131n\u0131p anlat\u0131ld\u0131. Olay\u0131n ayd\u0131nlanmas\u0131n\u0131 sa\u011flayan yay\u0131nlar ve programlar oldu. Ama Deniz\u2019lerin kurtar\u0131lmas\u0131 i\u00e7in THY Bo\u011fazi\u00e7i yolcu u\u00e7a\u011f\u0131n\u0131n Bulgaristan\u2019\u0131n ba\u015fkenti Sofya\u2019ya ka\u00e7\u0131r\u0131lmas\u0131 eylemi ve o zamanki Jandarma Genel Komutan\u0131 Orgeneral Kemalettin Eken\u2019in ka\u00e7\u0131r\u0131lma giri\u015fimi, yap\u0131lan baz\u0131 a\u00e7\u0131klamalara ra\u011fmen s\u00f6n\u00fck kald\u0131. \u00dcstelik \u201cprovokasyon\u201d diyenler de vard\u0131. Ge\u00e7mi\u015f devrimci m\u00fccadelenin tarihi a\u00e7\u0131s\u0131ndan bu konunun olabildi\u011fi kadar belgelere dayal\u0131 anlat\u0131lmas\u0131 gerekiyordu. A. Tuncer S\u00fcmer, THKO\u2019nun (T\u00fcrkiye Halk Kurtulu\u015f Ordusu) kurucular\u0131ndan olan Deniz Gezmi\u015f, H\u00fcseyin \u0130nan ve Yusuf Aslan\u2019\u0131n idamlar\u0131n\u0131 \u00f6nlemek i\u00e7in yap\u0131lan bu son eylemleri olaylar\u0131n tan\u0131klar\u0131 ve belgeleri arac\u0131l\u0131\u011f\u0131yla anlat\u0131yor.   AHMET TUNCER S\u00dcMER: 21 Mart 1943 Ad\u0131yaman\u2019\u0131n Besni il\u00e7esinde do\u011fdu. \u0130lk ve orta\u00f6\u011frenimini Besni\u2019de, liseyi Ankara Atat\u00fcrk Lisesi\u2019nde tamamlad\u0131. 1962\u2019de Ankara \u00dcniversitesi Dil ve Tarih Co\u011frafya Fak\u00fcltesi T\u00fcrk Dili ve Edebiyat\u0131 B\u00f6l\u00fcm\u00fc\u2019ne girdi. \u00d6\u011frenciyken 1 Ocak 1965\u2019de, o zamanki ad\u0131yla Devlet \u0130statistik Enstit\u00fcs\u00fc sonra ad\u0131 de\u011fi\u015fen T\u00fcrkiye \u0130statistik Kurumu\u2019nda Devlet Memuru olarak \u00e7al\u0131\u015fmaya ba\u015flad\u0131. T\u00fcrkiye \u0130\u015f\u00e7i Partisi\u2019nin (T\u0130P) \u00c7ankaya il\u00e7e \u00f6rg\u00fct\u00fcn\u00fcn \u00e7al\u0131\u015fmalar\u0131na kat\u0131ld\u0131. 1967\u2019de \u00e7al\u0131\u015ft\u0131\u011f\u0131 kurumun temsilcisi olarak Erzurum\u2019a atand\u0131. \u00d6\u011frencili\u011fini de Erzurum Atat\u00fcrk \u00dcniversitesi\u2019na naklederek \u00fc\u00e7\u00fcnc\u00fc ve d\u00f6rd\u00fcnc\u00fc s\u0131n\u0131flar\u0131 burada tamamlad\u0131. Erzurum Fikir Kul\u00fcpleri (FKF) Sekreterli\u011fi\u2019nin kurulu\u015f \u00e7al\u0131\u015fmalar\u0131na kat\u0131ld\u0131. 4 Ocak 1968\u2019de FKF Genel Kurulu\u2019nda FKF Genel Y\u00f6netim Kurulu \u00dcyeli\u011fi\u2019ne se\u00e7ildi. 1969 Ekim ay\u0131nda H\u00fcseyin \u0130nan ve arkada\u015flar\u0131yla Filistin\u2019e giderek El-Fetih kamplar\u0131nda gerilla e\u011fitimi ald\u0131 ve bask\u0131nlara kat\u0131ld\u0131. T\u00fcrkiye\u2019ye d\u00f6n\u00fc\u015f\u00fcnde on arkada\u015f\u0131yla Diyarbak\u0131r\u2019da yakalanarak sekiz ay cezaevinde kald\u0131. Tahliye olduktan sonra T\u00fcrkiye Halk Kurtulu\u015f Ordusu\u2019nun (THKO) kurulu\u015funa kat\u0131ld\u0131. 31 May\u0131s 1971\u2019de Sinan Cemgil, Alpaslan \u00d6zdo\u011fan ve Kadir Manga\u2019n\u0131n \u00f6ld\u00fcr\u00fclmesinden sonra yeniden Filistin\u2019e gitti. 18 arkada\u015f\u0131 hakk\u0131nda idam karar\u0131 verilmesi \u00fczerine T\u00fcrkiye\u2019ye d\u00f6n\u00fc\u015f\u00fcnde Pazarc\u0131k\u2019ta yakaland\u0131. THKO-2 Davas\u0131\u2019nda yarg\u0131land\u0131 ve 15 y\u0131l ceza ald\u0131. Af Yasas\u0131\u2019n\u0131n \u00e7\u0131kmas\u0131ndan sonra Anayasa Mahkemesi Karar\u0131 ile 1 \u015eubat 1975 tarihinde tahliye oldu. 12 Eyl\u00fcl darbesine kadar bir s\u00fcre D\u0130SK Genel-\u0130\u015f Sendikas\u0131\u2019nda \u00e7al\u0131\u015ft\u0131. \u201990\u2019lar\u0131n ba\u015f\u0131nda \u201968\u2019liler Birli\u011fi Vakf\u0131 kurucular\u0131 aras\u0131nda yer ald\u0131 ve \u00fc\u00e7 bu\u00e7uk y\u0131l Y\u00f6netim Kurulu \u00dcyeli\u011fi ve Genel Sekreterlik g\u00f6revinde bulundu. D\u00f6rt y\u0131l GOSB (Gebze Organize Sanayi B\u00f6lgesi) dergisinin edit\u00f6rl\u00fc\u011f\u00fcn\u00fc yapt\u0131. Devrim (T\u00fcrkiye Halk Kurtulu\u015f Ordusu\u2019nun Kurulu\u015fu ve K\u0131sa M\u00fccadele \u00d6yk\u00fcs\u00fc) ve Erikler \u00c7i\u00e7ek A\u00e7\u0131nca isimli iki kitab\u0131 yay\u0131nland\u0131. Evli ve bir \u00e7ocuk babas\u0131.   Kullan\u0131lan Reklam Mecralar\u0131: Sosyal Medya ve Gazete\/Dergiler <\/p>\n","protected":false},"excerpt":{"rendered":"<p>K\u0131z\u0131ldere olay\u0131, bir\u00e7ok yazar ve \u00f6len devrimcilerin arkada\u015flar\u0131 taraf\u0131ndan ele al\u0131n\u0131p anlat\u0131ld\u0131. Olay\u0131n ayd\u0131nlanmas\u0131n\u0131 sa\u011flayan yay\u0131nlar ve programlar oldu. Ama Deniz\u2019lerin kurtar\u0131lmas\u0131 i\u00e7in THY Bo\u011fazi\u00e7i yolcu<span class=\"excerpt-hellip\"> [\u2026]<\/span><\/p>\n","protected":false},"featured_media":0,"template":"","meta":{"_monsterinsights_skip_tracking":false,"_monsterinsights_sitenote_active":false,"_monsterinsights_sitenote_note":"","_monsterinsights_sitenote_category":0},"product_brand":[],"product_cat":[12291,12711],"product_tag":[],"class_list":{"0":"post-740880","1":"product","2":"type-product","3":"status-publish","5":"product_cat-edebiyat","6":"product_cat-roman-oyku","7":"pa_cilt-ciltsiz","8":"pa_tur-kitap","9":"pa_yayinevi-ayrinti-yayinlari","10":"pa_yazar-ahmet-tuncer-sumer","12":"first","13":"instock","14":"sale","15":"shipping-taxable","16":"purchasable","17":"product-type-simple"},"_links":{"self":[{"href":"https:\/\/roveyayinevi.com.tr\/index.php\/wp-json\/wp\/v2\/product\/740880","targetHints":{"allow":["GET"]}}],"collection":[{"href":"https:\/\/roveyayinevi.com.tr\/index.php\/wp-json\/wp\/v2\/product"}],"about":[{"href":"https:\/\/roveyayinevi.com.tr\/index.php\/wp-json\/wp\/v2\/types\/product"}],"wp:attachment":[{"href":"https:\/\/roveyayinevi.com.tr\/index.php\/wp-json\/wp\/v2\/media?parent=740880"}],"wp:term":[{"taxonomy":"product_brand","embeddable":true,"href":"https:\/\/roveyayinevi.com.tr\/index.php\/wp-json\/wp\/v2\/product_brand?post=740880"},{"taxonomy":"product_cat","embeddable":true,"href":"https:\/\/roveyayinevi.com.tr\/index.php\/wp-json\/wp\/v2\/product_cat?post=740880"},{"taxonomy":"product_tag","embeddable":true,"href":"https:\/\/roveyayinevi.com.tr\/index.php\/wp-json\/wp\/v2\/product_tag?post=740880"}],"curies":[{"name":"wp","href":"https:\/\/api.w.org\/{rel}","templated":true}]}}