{"id":740879,"date":"2025-08-28T00:37:12","date_gmt":"2025-08-27T21:37:12","guid":{"rendered":"https:\/\/roveyayinevi.com.tr\/index.php\/urun\/genc-torless\/"},"modified":"2026-04-16T02:52:05","modified_gmt":"2026-04-15T23:52:05","slug":"genc-torless","status":"publish","type":"product","link":"https:\/\/roveyayinevi.com.tr\/index.php\/urun\/genc-torless\/","title":{"rendered":"Gen\u00e7 T\u00f6rless"},"content":{"rendered":"<p>\u2026Akl\u0131na gelen bir d\u00fc\u015f\u00fcnce T\u00f6rless\u2019in b\u00fct\u00fcn bedenini s\u0131k\u0131\u015ft\u0131rd\u0131. Yeti\u015fkinler de mi b\u00f6yleydi? D\u00fcnya da m\u0131 b\u00f6yleydi? \u0130\u00e7imizde bizden daha g\u00fc\u00e7l\u00fc, daha b\u00fcy\u00fck, daha g\u00fczel, daha tutkulu ve daha karanl\u0131k bir \u015feyin olmas\u0131 genel bir yasa m\u0131yd\u0131? O derece h\u00fckmedemedi\u011fimiz bir yasa ki, bizi geli\u015fig\u00fczel binlerce tohum sa\u00e7arken bunlar\u0131n birinden kopkoyu bir alev gibi bir filiz s\u00fcr\u00fcyor ve boyumuzu mu a\u015f\u0131yordu? T\u00f6rless\u2019in bedenindeki her sinirden yan\u0131t olarak sab\u0131rs\u0131zca bir \u201cEvet\u201d yay\u0131ld\u0131\u2026 Habsburg Monar\u015fisi\u2019nin k\u0131rsal kesimlerinde yer alan bir yat\u0131l\u0131 okulda ge\u00e7en roman, karma\u015f\u0131k duygular\u0131yla y\u00fczle\u015fmekte zorlanan T\u00f6rless\u2019in psikolojik geli\u015fimi \u00fczerinden y\u00fcr\u00fct\u00fclen derin bir inceleme niteli\u011finde. Okuldaki iki erkek arkada\u015f\u0131 ile olan ili\u015fkisi sayesinde T\u00f6rless, okuldan di\u011fer bir \u00f6\u011frenciyle, onu hem i\u011frendiren hem de b\u00fcy\u00fcleyen sadist\u00e7e denebilecek cinsel deneyimlere s\u00fcr\u00fcklenir. Kendisine yabanc\u0131la\u015fmaya ba\u015flayan T\u00f6rless, bu deneyimlerini kabullenmeye ve onlar\u0131 analitik bir bak\u0131\u015f a\u00e7\u0131s\u0131yla g\u00f6zlemlemeyi \u00f6\u011frenmeye \u00e7al\u0131\u015f\u0131r. Roman, yazar\u0131n Avusturya Harp Akademisi\u2019ndeki ki\u015fisel deneyimlerine dayan\u0131yor. Musil roman\u0131n kapsam\u0131n\u0131, s\u0131n\u0131r tan\u0131mayan cinselli\u011fi ve \u015fiddeti yarg\u0131lay\u0131c\u0131 olmayan anlat\u0131m\u0131yla geni\u015fleterek farkl\u0131 bir gen\u00e7lik hik\u00e2yesi sunuyor. Bu kitap, hayata dair etik olmayan bir bak\u0131\u015f a\u00e7\u0131s\u0131n\u0131n, Birinci D\u00fcnya Sava\u015f\u0131\u2019n\u0131n patlak vermesinin ve fa\u015fizmin y\u00fckseli\u015finin habercisi niteli\u011findeki tutumlara dair derinlemesine bir analiz.   robert musil: 20. y\u00fczy\u0131l\u0131n en b\u00fcy\u00fck Alman romanc\u0131lar\u0131ndan biri olmas\u0131n\u0131n yan\u0131nda modern roman\u0131n temel ta\u015flar\u0131n\u0131 koyan Robert Musil, 1880 y\u0131l\u0131nda Avusturya\u2019n\u0131n Klagenfurt kentinde do\u011fdu. Edebi ya\u015fam\u0131 boyunca novellalar, dramalar, denemeler, tiyatro ele\u015ftirileri ve iki roman yazd\u0131. 26 ya\u015f\u0131nda yay\u0131mlad\u0131\u011f\u0131 Gen\u00e7 T\u00f6rless ile edebi \u00e7evrelerin dikkatlerini \u00fczerine \u00e7ekti. D\u00fcnya edebiyat\u0131n\u0131n an\u0131t romanlar\u0131 aras\u0131nda yer alan iki ciltlik ba\u015fyap\u0131t\u0131 Niteliksiz Adam, t\u0131pk\u0131 Gen\u00e7 T\u00f6rless gibi otobiyografik \u00f6\u011feler ta\u015f\u0131r. Musil, 1920\u2019l\u0131 y\u0131llardan ba\u015flayarak hayat\u0131 boyunca bu roman \u00fczerinde \u00e7al\u0131\u015ft\u0131, baz\u0131 b\u00f6l\u00fcmlerini yeniden yazd\u0131 ancak tamamlayamad\u0131. Nazi rejimini ele\u015ftiren eserleri Avusturya\u2019n\u0131n Almanya\u2019ya ilhak\u0131yla birlikte yasaklan\u0131nca, kar\u0131s\u0131yla \u0130svi\u00e7re\u2019ye s\u00fcrg\u00fcne gitti ve 1942 y\u0131l\u0131nda Cenevre\u2019de beyin kanamas\u0131ndan \u00f6ld\u00fc. <\/p>\n","protected":false},"excerpt":{"rendered":"<p>\u2026Akl\u0131na gelen bir d\u00fc\u015f\u00fcnce T\u00f6rless\u2019in b\u00fct\u00fcn bedenini s\u0131k\u0131\u015ft\u0131rd\u0131. Yeti\u015fkinler de mi b\u00f6yleydi? D\u00fcnya da m\u0131 b\u00f6yleydi? \u0130\u00e7imizde bizden daha g\u00fc\u00e7l\u00fc, daha b\u00fcy\u00fck, daha g\u00fczel, daha tutkulu<span class=\"excerpt-hellip\"> [\u2026]<\/span><\/p>\n","protected":false},"featured_media":0,"template":"","meta":{"_monsterinsights_skip_tracking":false,"_monsterinsights_sitenote_active":false,"_monsterinsights_sitenote_note":"","_monsterinsights_sitenote_category":0},"product_brand":[],"product_cat":[12291,12711],"product_tag":[],"class_list":{"0":"post-740879","1":"product","2":"type-product","3":"status-publish","5":"product_cat-edebiyat","6":"product_cat-roman-oyku","7":"pa_cilt-ciltsiz","8":"pa_tur-kitap","9":"pa_yayinevi-ayrinti-yayinlari","10":"pa_yazar-robert-musil","12":"first","13":"instock","14":"sale","15":"shipping-taxable","16":"purchasable","17":"product-type-simple"},"_links":{"self":[{"href":"https:\/\/roveyayinevi.com.tr\/index.php\/wp-json\/wp\/v2\/product\/740879","targetHints":{"allow":["GET"]}}],"collection":[{"href":"https:\/\/roveyayinevi.com.tr\/index.php\/wp-json\/wp\/v2\/product"}],"about":[{"href":"https:\/\/roveyayinevi.com.tr\/index.php\/wp-json\/wp\/v2\/types\/product"}],"wp:attachment":[{"href":"https:\/\/roveyayinevi.com.tr\/index.php\/wp-json\/wp\/v2\/media?parent=740879"}],"wp:term":[{"taxonomy":"product_brand","embeddable":true,"href":"https:\/\/roveyayinevi.com.tr\/index.php\/wp-json\/wp\/v2\/product_brand?post=740879"},{"taxonomy":"product_cat","embeddable":true,"href":"https:\/\/roveyayinevi.com.tr\/index.php\/wp-json\/wp\/v2\/product_cat?post=740879"},{"taxonomy":"product_tag","embeddable":true,"href":"https:\/\/roveyayinevi.com.tr\/index.php\/wp-json\/wp\/v2\/product_tag?post=740879"}],"curies":[{"name":"wp","href":"https:\/\/api.w.org\/{rel}","templated":true}]}}