{"id":740876,"date":"2025-08-28T00:37:07","date_gmt":"2025-08-27T21:37:07","guid":{"rendered":"https:\/\/roveyayinevi.com.tr\/index.php\/urun\/kapan\/"},"modified":"2026-04-16T02:52:05","modified_gmt":"2026-04-15T23:52:05","slug":"kapan","status":"publish","type":"product","link":"https:\/\/roveyayinevi.com.tr\/index.php\/urun\/kapan\/","title":{"rendered":"Kapan"},"content":{"rendered":"<p>Yak\u0131\u015f\u0131kl\u0131 kocas\u0131 ve k\u00fc\u00e7\u00fck k\u0131z\u0131 ile Meksika\u2019da l\u00fcks bir tatil yapan Lindsey i\u00e7in her \u015fey bir r\u00fcya gibidir\u2026 Tabii sadece g\u00f6r\u00fcn\u00fcrde. En k\u00fc\u00e7\u00fck bir hareketinde bile \u00f6fke ve k\u0131skan\u00e7l\u0131\u011fa kap\u0131lan \u015fiddet e\u011filimli Andrew ile evlilikleri cehennemden farks\u0131zd\u0131r. Bu saplant\u0131l\u0131 ve alkolik adamdan kurtulmak i\u00e7in her an\u0131 kollayan Lindsey, nihayet bir gece k\u00fc\u00e7\u00fck k\u0131z\u0131n\u0131 da al\u0131p kay\u0131plara kar\u0131\u015f\u0131r. Pe\u015fine tak\u0131lan Andrew ise kaza yap\u0131p masum bir kad\u0131n\u0131n \u00f6l\u00fcm\u00fcne sebebiyet vermi\u015f ve hapse girmi\u015ftir. Onunla t\u00fcm ba\u011flar\u0131n\u0131 kopard\u0131\u011f\u0131n\u0131 d\u00fc\u015f\u00fcnen Lindsey\u2019in \u00f6n\u00fcnde b\u00f6ylece yepyeni bir sayfa a\u00e7\u0131l\u0131r: Sakin bir kasabaya ta\u015f\u0131nmak, tutunabilece\u011fi bir i\u015f kurmak ve hayat\u0131na giren yeni insanlara g\u00fcvenmek i\u00e7in\u2026 Ne var ki on bir y\u0131l sonra, Andrew\u2019un hapisten \u00e7\u0131kmas\u0131yla \u00e7evresinde tuhaf olaylar cereyan etmeye ba\u015flar. Bir \u015f\u00fcphe \u00e7\u0131kmaz\u0131na giren Lindsey, onu g\u00f6lge gibi izleyen ge\u00e7mi\u015fiyle k\u00f6\u015fe kapmaca oynayacakt\u0131r.   Kullan\u0131lacak Reklam Mecralar\u0131: Bu kitab\u0131n hedef kitleye tan\u0131t\u0131m\u0131n\u0131 yay\u0131nevimize ait sosyal medya hesaplar\u0131 \u00fczerinden yapmay\u0131 planl\u0131yoruz.     <\/p>\n","protected":false},"excerpt":{"rendered":"<p>Yak\u0131\u015f\u0131kl\u0131 kocas\u0131 ve k\u00fc\u00e7\u00fck k\u0131z\u0131 ile Meksika\u2019da l\u00fcks bir tatil yapan Lindsey i\u00e7in her \u015fey bir r\u00fcya gibidir\u2026 Tabii sadece g\u00f6r\u00fcn\u00fcrde. En k\u00fc\u00e7\u00fck bir hareketinde bile<span class=\"excerpt-hellip\"> [\u2026]<\/span><\/p>\n","protected":false},"featured_media":0,"template":"","meta":{"_monsterinsights_skip_tracking":false,"_monsterinsights_sitenote_active":false,"_monsterinsights_sitenote_note":"","_monsterinsights_sitenote_category":0},"product_brand":[],"product_cat":[12291,12711],"product_tag":[],"class_list":{"0":"post-740876","1":"product","2":"type-product","3":"status-publish","5":"product_cat-edebiyat","6":"product_cat-roman-oyku","7":"pa_cilt-ciltsiz","8":"pa_tur-kitap","9":"pa_yayinevi-koridor-yayincilik","10":"pa_yazar-chevy-stevens","12":"first","13":"instock","14":"sale","15":"shipping-taxable","16":"purchasable","17":"product-type-simple"},"_links":{"self":[{"href":"https:\/\/roveyayinevi.com.tr\/index.php\/wp-json\/wp\/v2\/product\/740876","targetHints":{"allow":["GET"]}}],"collection":[{"href":"https:\/\/roveyayinevi.com.tr\/index.php\/wp-json\/wp\/v2\/product"}],"about":[{"href":"https:\/\/roveyayinevi.com.tr\/index.php\/wp-json\/wp\/v2\/types\/product"}],"wp:attachment":[{"href":"https:\/\/roveyayinevi.com.tr\/index.php\/wp-json\/wp\/v2\/media?parent=740876"}],"wp:term":[{"taxonomy":"product_brand","embeddable":true,"href":"https:\/\/roveyayinevi.com.tr\/index.php\/wp-json\/wp\/v2\/product_brand?post=740876"},{"taxonomy":"product_cat","embeddable":true,"href":"https:\/\/roveyayinevi.com.tr\/index.php\/wp-json\/wp\/v2\/product_cat?post=740876"},{"taxonomy":"product_tag","embeddable":true,"href":"https:\/\/roveyayinevi.com.tr\/index.php\/wp-json\/wp\/v2\/product_tag?post=740876"}],"curies":[{"name":"wp","href":"https:\/\/api.w.org\/{rel}","templated":true}]}}