{"id":740875,"date":"2025-08-28T00:37:06","date_gmt":"2025-08-27T21:37:06","guid":{"rendered":"https:\/\/roveyayinevi.com.tr\/index.php\/urun\/gencler-icin-bes-sevgi-dili\/"},"modified":"2026-04-05T02:57:01","modified_gmt":"2026-04-04T23:57:01","slug":"gencler-icin-bes-sevgi-dili","status":"publish","type":"product","link":"https:\/\/roveyayinevi.com.tr\/index.php\/urun\/gencler-icin-bes-sevgi-dili\/","title":{"rendered":"Gen\u00e7ler \u0130\u00e7in Be\u015f Sevgi Dili"},"content":{"rendered":"<p>Ergenlik \u00e7a\u011f\u0131ndaki gen\u00e7ler sosyal, zihinsel ve ruhsal olarak her g\u00fcn pek \u00e7ok bask\u0131yla kar\u015f\u0131la\u015f\u0131yor ve hayata uyum sa\u011flamakta zorlan\u0131yor. Yine de ya\u015famlar\u0131n\u0131 ve davran\u0131\u015flar\u0131n\u0131 h\u00e2l\u00e2 en \u00e7ok etkileyenler ebeveynleri. \u0130\u015fte Gen\u00e7ler \u0130\u00e7in Be\u015f Sevgi Dili de ebeveynlerin bu imk\u00e2n\u0131 en iyi \u015fekilde de\u011ferlendirmesi i\u00e7in haz\u0131rlanm\u0131\u015f, e\u015fsiz i\u00e7g\u00f6r\u00fcler sunan bir kitap.   Uzun y\u0131llar New York Times \u00e7ok satanlar listesinde yer alan Be\u015f Sevgi Dili\u2019nin d\u00fcnyaca \u00fcnl\u00fc yazar\u0131 Dr. Gary Chapman, serinin bu kitab\u0131nda sizi ergen \u00e7ocu\u011funuzun d\u00fcnyas\u0131n\u0131 ke\u015ffe \u00e7\u0131kar\u0131yor ve geli\u015fim \u00e7a\u011f\u0131nda ya\u015fad\u0131\u011f\u0131 de\u011fi\u015fimleri fark etmenizi sa\u011fl\u0131yor. Chapman\u2019\u0131n g\u00fcnl\u00fck hayatta kolayca uygulanabilecek \u00f6nerileriyle siz de \u00e7ocu\u011funuzun sevgi dilini daha iyi anlay\u0131p \u00e7at\u0131\u015fmalar\u0131 \u00f6nleyerek onunla sa\u011fl\u0131kl\u0131 ve do\u011fru bir ileti\u015fim kurabilirsiniz.   Bu kitapta yer alan pratik ipu\u00e7lar\u0131yla   \u00d8  \u00c7ocu\u011funuza sevginizi etkin bir \u015fekilde ifade edin. \u00d8  \u00c7ocu\u011funuzun hayat\u0131nda \u00f6nem te\u015fkil eden konularda yolunuzu belirleyin. \u00d8  \u00c7ocu\u011funuza koydu\u011funuz s\u0131n\u0131rlar\u0131n disiplin ve sorumluluk \u00e7er\u00e7evesinde olmas\u0131n\u0131 sa\u011flay\u0131n. \u00d8  \u00c7ocu\u011funuz ba\u015far\u0131s\u0131z oldu\u011funda sevgi ve deste\u011fi eksik etmeyin.   Sevmenin ve sevilmenin  be\u015f farkl\u0131 yolunu \u00f6\u011frenerek siz de \u00e7ocu\u011funuzun ve ailenizin hayat\u0131nda yepyeni bir sayfa a\u00e7abilirsiniz.   Kullan\u0131lacak Reklam Mecralar\u0131: Bu kitab\u0131n hedef kitleye tan\u0131t\u0131m\u0131n\u0131 yay\u0131nevimize ait sosyal medya hesaplar\u0131 \u00fczerinden yapmay\u0131 planl\u0131yoruz.     <\/p>\n","protected":false},"excerpt":{"rendered":"<p>Ergenlik \u00e7a\u011f\u0131ndaki gen\u00e7ler sosyal, zihinsel ve ruhsal olarak her g\u00fcn pek \u00e7ok bask\u0131yla kar\u015f\u0131la\u015f\u0131yor ve hayata uyum sa\u011flamakta zorlan\u0131yor. Yine de ya\u015famlar\u0131n\u0131 ve davran\u0131\u015flar\u0131n\u0131 h\u00e2l\u00e2 en<span class=\"excerpt-hellip\"> [\u2026]<\/span><\/p>\n","protected":false},"featured_media":0,"template":"","meta":{"_monsterinsights_skip_tracking":false,"_monsterinsights_sitenote_active":false,"_monsterinsights_sitenote_note":"","_monsterinsights_sitenote_category":0},"product_brand":[],"product_cat":[12364,12376],"product_tag":[],"class_list":{"0":"post-740875","1":"product","2":"type-product","3":"status-publish","5":"product_cat-genel-konular","6":"product_cat-kisisel-gelisim","7":"pa_cilt-ciltsiz","8":"pa_tur-kitap","9":"pa_yayinevi-koridor-yayincilik","10":"pa_yazar-gary-chapman","12":"first","13":"instock","14":"sale","15":"shipping-taxable","16":"purchasable","17":"product-type-simple"},"_links":{"self":[{"href":"https:\/\/roveyayinevi.com.tr\/index.php\/wp-json\/wp\/v2\/product\/740875","targetHints":{"allow":["GET"]}}],"collection":[{"href":"https:\/\/roveyayinevi.com.tr\/index.php\/wp-json\/wp\/v2\/product"}],"about":[{"href":"https:\/\/roveyayinevi.com.tr\/index.php\/wp-json\/wp\/v2\/types\/product"}],"wp:attachment":[{"href":"https:\/\/roveyayinevi.com.tr\/index.php\/wp-json\/wp\/v2\/media?parent=740875"}],"wp:term":[{"taxonomy":"product_brand","embeddable":true,"href":"https:\/\/roveyayinevi.com.tr\/index.php\/wp-json\/wp\/v2\/product_brand?post=740875"},{"taxonomy":"product_cat","embeddable":true,"href":"https:\/\/roveyayinevi.com.tr\/index.php\/wp-json\/wp\/v2\/product_cat?post=740875"},{"taxonomy":"product_tag","embeddable":true,"href":"https:\/\/roveyayinevi.com.tr\/index.php\/wp-json\/wp\/v2\/product_tag?post=740875"}],"curies":[{"name":"wp","href":"https:\/\/api.w.org\/{rel}","templated":true}]}}