{"id":740874,"date":"2025-08-28T00:37:05","date_gmt":"2025-08-27T21:37:05","guid":{"rendered":"https:\/\/roveyayinevi.com.tr\/index.php\/urun\/soguk-ve-aci-baris-gunleri\/"},"modified":"2026-04-16T02:52:05","modified_gmt":"2026-04-15T23:52:05","slug":"soguk-ve-aci-baris-gunleri","status":"publish","type":"product","link":"https:\/\/roveyayinevi.com.tr\/index.php\/urun\/soguk-ve-aci-baris-gunleri\/","title":{"rendered":"So\u011fuk ve Ac\u0131 Bar\u0131\u015f G\u00fcnleri"},"content":{"rendered":"<p>\u201cBosna, Allah\u2019a \u015fu\u0308ku\u0308r, dayand\u0131 ve hayatta kald\u0131. Bosna bu cehennemden sa\u011f \u00e7\u0131kt\u0131ysa, gelecek bin y\u0131lda da ayakta kalacakt\u0131r. Bosna\u2019ya diz \u00e7\u00f6ktu\u0308recek bir gu\u0308\u00e7 art\u0131k yoktur. Biz \u015fu\u0308phesiz gu\u0308ne\u015fin alt\u0131nda kendimize ait bir yere sahip olma hakk\u0131m\u0131z i\u00e7in mu\u0308cadele ettik ve bu mu\u0308cadeleyi kazand\u0131k. Oysa ger\u00e7ek bir cehennemi ya\u015fad\u0131k. En iyimser tahminlere g\u00f6re, ge\u00e7ti\u011fimiz 40 ay boyunca k\u00f6ylerimizi, \u015fehirlerimizi ve menzillerimizi hedef alan on milyondan fazla bomba du\u0308\u015ftu\u0308, yaln\u0131zca Saraybosna\u2019ya birka\u00e7 yu\u0308z bin bomba at\u0131ld\u0131. Kimileri sava\u015ftan \u00f6nce \u2018Bosna sessizce du\u0308\u015fecek.\u2019 iddias\u0131nda bulunmu\u015ftu. Oysa tam tersi oldu: Direni\u015fimizin gu\u0308ru\u0308ltu\u0308su\u0308 g\u00f6\u011fu\u0308 inletti.\u201d Elinizdeki bu kitap, 1996 ile 2003 y\u0131llar\u0131 aras\u0131nda, Aliya \u0130zetbegovi\u00e7\u2019in kurucusu oldu\u011fu Demokratik Eylem Partisi ve di\u011fer halk toplant\u0131lar\u0131nda yapt\u0131\u011f\u0131 konu\u015fmalar\u0131 i\u00e7ermektedir. Ayr\u0131ca, ayn\u0131 tarihler aras\u0131nda, BM Genel Kurulu, OSCE, Avrupa Konseyi, ISESCO, Bonn Konferans\u0131, \u0130slam Konferans\u0131 Te\u015fkilat\u0131, Avrupa Parlamentosu, Bosna Hersek Bar\u0131\u015f Uygulama Konferans\u0131, Avrupa Konseyi Parlamenter Meclisi ve B\u00f6lgesel \u0130stikrar Pakt\u0131 Zirvesi gibi bir\u00e7ok uluslararas\u0131 toplant\u0131da yapt\u0131\u011f\u0131 konu\u015fmalar da bu eserde yer almaktad\u0131r. So\u011fuk ve Ac\u0131 Bar\u0131\u015f Gu\u0308nleri\u2019nde yer alan konu\u015fmalar\u0131 okudu\u011funuzda; u\u0308lkesini ve halk\u0131n\u0131, uluslararas\u0131 arenada sonuna kadar savunan bir liderin, yeri geldi\u011finde kendisine, partisine ve parti yetkililerine y\u00f6nelik \u00f6z ele\u015ftiriden ka\u00e7\u0131nmad\u0131\u011f\u0131n\u0131 da fark edeceksiniz.<\/p>\n","protected":false},"excerpt":{"rendered":"<p>\u201cBosna, Allah\u2019a \u015fu\u0308ku\u0308r, dayand\u0131 ve hayatta kald\u0131. Bosna bu cehennemden sa\u011f \u00e7\u0131kt\u0131ysa, gelecek bin y\u0131lda da ayakta kalacakt\u0131r. Bosna\u2019ya diz \u00e7\u00f6ktu\u0308recek bir gu\u0308\u00e7 art\u0131k yoktur. Biz<span class=\"excerpt-hellip\"> [\u2026]<\/span><\/p>\n","protected":false},"featured_media":0,"template":"","meta":{"_monsterinsights_skip_tracking":false,"_monsterinsights_sitenote_active":false,"_monsterinsights_sitenote_note":"","_monsterinsights_sitenote_category":0},"product_brand":[],"product_cat":[18545,12291],"product_tag":[],"class_list":{"0":"post-740874","1":"product","2":"type-product","3":"status-publish","5":"product_cat-anlati","6":"product_cat-edebiyat","7":"pa_cilt-ciltsiz","8":"pa_tur-kitap","9":"pa_yayinevi-ketebe-yayinlari","10":"pa_yazar-aliya-izetbegovic","12":"first","13":"instock","14":"sale","15":"shipping-taxable","16":"purchasable","17":"product-type-simple"},"_links":{"self":[{"href":"https:\/\/roveyayinevi.com.tr\/index.php\/wp-json\/wp\/v2\/product\/740874","targetHints":{"allow":["GET"]}}],"collection":[{"href":"https:\/\/roveyayinevi.com.tr\/index.php\/wp-json\/wp\/v2\/product"}],"about":[{"href":"https:\/\/roveyayinevi.com.tr\/index.php\/wp-json\/wp\/v2\/types\/product"}],"wp:attachment":[{"href":"https:\/\/roveyayinevi.com.tr\/index.php\/wp-json\/wp\/v2\/media?parent=740874"}],"wp:term":[{"taxonomy":"product_brand","embeddable":true,"href":"https:\/\/roveyayinevi.com.tr\/index.php\/wp-json\/wp\/v2\/product_brand?post=740874"},{"taxonomy":"product_cat","embeddable":true,"href":"https:\/\/roveyayinevi.com.tr\/index.php\/wp-json\/wp\/v2\/product_cat?post=740874"},{"taxonomy":"product_tag","embeddable":true,"href":"https:\/\/roveyayinevi.com.tr\/index.php\/wp-json\/wp\/v2\/product_tag?post=740874"}],"curies":[{"name":"wp","href":"https:\/\/api.w.org\/{rel}","templated":true}]}}