{"id":740873,"date":"2025-08-28T00:37:03","date_gmt":"2025-08-27T21:37:03","guid":{"rendered":"https:\/\/roveyayinevi.com.tr\/index.php\/urun\/son-blues-bir-gun-okunacak-olan\/"},"modified":"2026-04-16T02:52:05","modified_gmt":"2026-04-15T23:52:05","slug":"son-blues-bir-gun-okunacak-olan","status":"publish","type":"product","link":"https:\/\/roveyayinevi.com.tr\/index.php\/urun\/son-blues-bir-gun-okunacak-olan\/","title":{"rendered":"Son Blues, Bir G\u00fcn Okunacak Olan"},"content":{"rendered":"<p>Cesare Pavese\u2019nin \u015fiirlerinden yap\u0131lan bu se\u00e7kide, Pavese\u2019nin \u00c7al\u0131\u015fmak Yorar, Sevgisizlik \u015eiirleri, Toprak Ve \u00d6lu\u0308m, \u00d6lu\u0308m Gelecek Ve G\u00f6zleri G\u00f6zlerin Olacak ve bu kitaplar\u0131n d\u0131\u015f\u0131nda kalm\u0131\u015f veya geni\u015fletilmi\u015f bask\u0131lar\u0131nda yer alan di\u011fer \u015fiirleri yer al\u0131yor. Bir \u015fiir kitab\u0131n\u0131n \u015feridinde kendisini \u201c\u00e7a\u011fda\u015f \u015fiirin en ayr\u0131ks\u0131 seslerinden biri\u201d olarak niteleyen Pavese, Kemal Atakay \u00e7evirisi ile \u201cYeryu\u0308zu\u0308 \u015eiirleri\u201dnde.<\/p>\n","protected":false},"excerpt":{"rendered":"<p>Cesare Pavese\u2019nin \u015fiirlerinden yap\u0131lan bu se\u00e7kide, Pavese\u2019nin \u00c7al\u0131\u015fmak Yorar, Sevgisizlik \u015eiirleri, Toprak Ve \u00d6lu\u0308m, \u00d6lu\u0308m Gelecek Ve G\u00f6zleri G\u00f6zlerin Olacak ve bu kitaplar\u0131n d\u0131\u015f\u0131nda kalm\u0131\u015f veya<span class=\"excerpt-hellip\"> [\u2026]<\/span><\/p>\n","protected":false},"featured_media":0,"template":"","meta":{"_monsterinsights_skip_tracking":false,"_monsterinsights_sitenote_active":false,"_monsterinsights_sitenote_note":"","_monsterinsights_sitenote_category":0},"product_brand":[],"product_cat":[12291,12509],"product_tag":[],"class_list":{"0":"post-740873","1":"product","2":"type-product","3":"status-publish","5":"product_cat-edebiyat","6":"product_cat-siir","7":"pa_cilt-ciltsiz","8":"pa_tur-kitap","9":"pa_yayinevi-ketebe-yayinlari","10":"pa_yazar-cesare-pavese","12":"first","13":"instock","14":"sale","15":"shipping-taxable","16":"purchasable","17":"product-type-simple"},"_links":{"self":[{"href":"https:\/\/roveyayinevi.com.tr\/index.php\/wp-json\/wp\/v2\/product\/740873","targetHints":{"allow":["GET"]}}],"collection":[{"href":"https:\/\/roveyayinevi.com.tr\/index.php\/wp-json\/wp\/v2\/product"}],"about":[{"href":"https:\/\/roveyayinevi.com.tr\/index.php\/wp-json\/wp\/v2\/types\/product"}],"wp:attachment":[{"href":"https:\/\/roveyayinevi.com.tr\/index.php\/wp-json\/wp\/v2\/media?parent=740873"}],"wp:term":[{"taxonomy":"product_brand","embeddable":true,"href":"https:\/\/roveyayinevi.com.tr\/index.php\/wp-json\/wp\/v2\/product_brand?post=740873"},{"taxonomy":"product_cat","embeddable":true,"href":"https:\/\/roveyayinevi.com.tr\/index.php\/wp-json\/wp\/v2\/product_cat?post=740873"},{"taxonomy":"product_tag","embeddable":true,"href":"https:\/\/roveyayinevi.com.tr\/index.php\/wp-json\/wp\/v2\/product_tag?post=740873"}],"curies":[{"name":"wp","href":"https:\/\/api.w.org\/{rel}","templated":true}]}}