{"id":740871,"date":"2025-08-28T00:37:01","date_gmt":"2025-08-27T21:37:01","guid":{"rendered":"https:\/\/roveyayinevi.com.tr\/index.php\/urun\/kralicenin-kaprisi\/"},"modified":"2026-04-16T02:52:05","modified_gmt":"2026-04-15T23:52:05","slug":"kralicenin-kaprisi","status":"publish","type":"product","link":"https:\/\/roveyayinevi.com.tr\/index.php\/urun\/kralicenin-kaprisi\/","title":{"rendered":"Krali\u00e7enin Kaprisi"},"content":{"rendered":"<p>\u00c7a\u011fda\u015f kurmacan\u0131n usta bu\u0308yu\u0308cu\u0308su\u0308 Jean Echenoz, Krali\u00e7enin Kaprisi\u2019nde okuyucuyu yedi anlat\u0131 mek\u00e2n\u0131na ta\u015f\u0131d\u0131\u011f\u0131 yedi \u00f6yku\u0308yle kar\u015f\u0131l\u0131yor. Tuhaf, e\u011flenceli, y\u0131k\u0131c\u0131 ama zarif bu \u00f6yku\u0308lerle kendinizi olas\u0131l\u0131ks\u0131zm\u0131\u015f gibi g\u00f6ru\u0308nen -ya \u00f6yle de\u011filse?- ak\u0131l almaz olaylar labirentinde bulman\u0131z i\u015ften bile de\u011fil.   K\u0131\u015f gu\u0308nu\u0308 trenle, ayr\u0131nt\u0131 hastas\u0131 bir bi\u00e7areyle Paris\u2019in banliy\u00f6su\u0308ne sandvi\u00e7 yemeye gidebilir, 18. yu\u0308zy\u0131ldan kalma bir \u015fatoda birbirini g\u00f6ru\u0308nce tokala\u015fan i\u015f\u00e7i kar\u0131ncalar taraf\u0131ndan \u015fa\u015f\u0131rt\u0131labilir, antik Babil\u2019de k\u00f6tu\u0308 Asurcas\u0131yla konu\u015fmaya \u00e7al\u0131\u015fan tarih\u00e7i ve k\u00e2\u015fif Heredotos\u2019un ayak izlerini takip edebilirsiniz. Tu\u0308m bunlar belki de g\u00f6ru\u0308nu\u0308\u015fteki tematik keyf\u00eeliklerinden dolay\u0131 \u201ckapris\u201dlerdir, fakat Echnenoz\u2019u bu\u0308yu\u0308cu\u0308 yapan da bu\u0308tu\u0308n bu \u00f6yku\u0308leri ince bir iple birbirine tutturabilme yetene\u011fidir.   Okunmas\u0131 neredeyse aldat\u0131c\u0131 \u015fekilde kolay g\u00f6ru\u0308nse de ayr\u0131nt\u0131lar\u0131n artmas\u0131yla Krali\u00e7enin Kaprisi, beklenmedik bir derinli\u011fi ortaya \u00e7\u0131kar\u0131r, burada \u201caz\u201dla \u201c\u00e7ok\u201d anlat\u0131l\u0131r. \u201cVarolu\u015fsal yaramazl\u0131klarla dolu mu\u0308thi\u015f bir mizah anlay\u0131\u015f\u0131na\u201d sahip Echenoz, zihnindeki binbir tu\u0308rlu\u0308 oyunun, i\u011fnenin deli\u011finden acaba bu defa ne \u00e7\u0131karaca\u011f\u0131n\u0131n, i\u015fte bu merak buketinin kokusunu duyurur. Anlayaca\u011f\u0131n\u0131z epey uzun bir hik\u00e2ye\u2026<\/p>\n","protected":false},"excerpt":{"rendered":"<p>\u00c7a\u011fda\u015f kurmacan\u0131n usta bu\u0308yu\u0308cu\u0308su\u0308 Jean Echenoz, Krali\u00e7enin Kaprisi\u2019nde okuyucuyu yedi anlat\u0131 mek\u00e2n\u0131na ta\u015f\u0131d\u0131\u011f\u0131 yedi \u00f6yku\u0308yle kar\u015f\u0131l\u0131yor. Tuhaf, e\u011flenceli, y\u0131k\u0131c\u0131 ama zarif bu \u00f6yku\u0308lerle kendinizi olas\u0131l\u0131ks\u0131zm\u0131\u015f gibi<span class=\"excerpt-hellip\"> [\u2026]<\/span><\/p>\n","protected":false},"featured_media":0,"template":"","meta":{"_monsterinsights_skip_tracking":false,"_monsterinsights_sitenote_active":false,"_monsterinsights_sitenote_note":"","_monsterinsights_sitenote_category":0},"product_brand":[],"product_cat":[12291,12711],"product_tag":[],"class_list":{"0":"post-740871","1":"product","2":"type-product","3":"status-publish","5":"product_cat-edebiyat","6":"product_cat-roman-oyku","7":"pa_cilt-ciltsiz","8":"pa_tur-kitap","9":"pa_yayinevi-ketebe-yayinlari","10":"pa_yazar-jean-echenoz","12":"first","13":"instock","14":"sale","15":"shipping-taxable","16":"purchasable","17":"product-type-simple"},"_links":{"self":[{"href":"https:\/\/roveyayinevi.com.tr\/index.php\/wp-json\/wp\/v2\/product\/740871","targetHints":{"allow":["GET"]}}],"collection":[{"href":"https:\/\/roveyayinevi.com.tr\/index.php\/wp-json\/wp\/v2\/product"}],"about":[{"href":"https:\/\/roveyayinevi.com.tr\/index.php\/wp-json\/wp\/v2\/types\/product"}],"wp:attachment":[{"href":"https:\/\/roveyayinevi.com.tr\/index.php\/wp-json\/wp\/v2\/media?parent=740871"}],"wp:term":[{"taxonomy":"product_brand","embeddable":true,"href":"https:\/\/roveyayinevi.com.tr\/index.php\/wp-json\/wp\/v2\/product_brand?post=740871"},{"taxonomy":"product_cat","embeddable":true,"href":"https:\/\/roveyayinevi.com.tr\/index.php\/wp-json\/wp\/v2\/product_cat?post=740871"},{"taxonomy":"product_tag","embeddable":true,"href":"https:\/\/roveyayinevi.com.tr\/index.php\/wp-json\/wp\/v2\/product_tag?post=740871"}],"curies":[{"name":"wp","href":"https:\/\/api.w.org\/{rel}","templated":true}]}}