{"id":740869,"date":"2025-08-28T00:36:58","date_gmt":"2025-08-27T21:36:58","guid":{"rendered":"https:\/\/roveyayinevi.com.tr\/index.php\/urun\/varligin-muhtelif-merhaleleri\/"},"modified":"2026-04-16T02:52:05","modified_gmt":"2026-04-15T23:52:05","slug":"varligin-muhtelif-merhaleleri","status":"publish","type":"product","link":"https:\/\/roveyayinevi.com.tr\/index.php\/urun\/varligin-muhtelif-merhaleleri\/","title":{"rendered":"Varl\u0131\u011f\u0131n Muhtelif Merhaleleri"},"content":{"rendered":"<p>Varl\u0131\u011f\u0131n Muhtelif Merhaleleri, Ren\u00e9 Gu\u00e9non\u2019un 1920 ile 1925 seneleri aras\u0131nda kaleme ald\u0131\u011f\u0131, (Ha\u00e7 Sembolizmi ve V\u00eadant\u00e2\u2019ya g\u00f6re \u0130nsan ve Halleri) u\u0308\u00e7lemenin son kitab\u0131 olarak yay\u0131mland\u0131. Bu eseriyle \u0130slam varl\u0131k felsefesinde yer bulan, \u201cVahdetu\u0308\u2019l-Vu\u0308c\u00fbd\u201d ve \u201cMer\u00e2tibu\u2019l-Vu\u0308c\u00fbd\u201d gibi doktrinlerin farkl\u0131 geleneklerdeki kar\u015f\u0131l\u0131klar\u0131na odaklanan Gu\u00e9non, varl\u0131\u011f\u0131n ontolojik du\u0308zeylerini, \u201cdaire\u201d olgusundan hareketle ele al\u0131p, \u201czuhur\u201d, \u201ctecelli\u201d, \u201cvarl\u0131k\u201d, \u201cyokluk\u201d \u201cebediyet\u201d, \u201ctezahu\u0308r\u201d ve \u201c\u00f6zgu\u0308rlu\u0308k\u201d gibi temel kavramlar\u0131 derinle\u015ftiriyor. Varl\u0131\u011f\u0131n Muhtelif Merhaleleri\u2019nde, Mutlak ile di\u011ferleri aras\u0131ndaki ayr\u0131m\u0131 bu\u0308yu\u0308k bir titizlikle yapan Gu\u00e9non, insan\u0131n yer ald\u0131\u011f\u0131 ferd\u00ee merhaleyi, yine bu\u0308yu\u0308k bir titizlikle varl\u0131k merhaleleri i\u00e7inde hak etti\u011fi yere yerle\u015ftirmeye \u00e7al\u0131\u015f\u0131yor.  \u0130nsan\u0131n varolu\u015funun di\u011fer varolu\u015flar i\u00e7inde u\u0308stu\u0308n ya da ayr\u0131cal\u0131kl\u0131 bir yer tutmad\u0131\u011f\u0131n\u0131 ya da metafizik olarak di\u011fer varolu\u015flardan imtiyazl\u0131 bir aidiyete sahip olmad\u0131\u011f\u0131n\u0131 hat\u0131rlatmak gerekir. Zira insan h\u00e2li tu\u0308m di\u011fer h\u00e2ller gibi bir tezahu\u0308rdu\u0308r ve sonsuz \u00f6tekilerin aras\u0131nda varl\u0131\u011f\u0131n silsile-i meratibi i\u00e7inde, kendi do\u011fas\u0131 taraf\u0131ndan bah\u015fedilen du\u0308zeyde, yani onu tan\u0131mlayan s\u0131n\u0131rl\u0131 ko\u015fullar\u0131n nitelikleriyle belirlenir; ve bu du\u0308zey ona ne mutlak bir u\u0308stu\u0308nlu\u0308k, ne de mutlak bir a\u015fa\u011f\u0131l\u0131k bah\u015feder. Biz, varolu\u015f i\u00e7indeki insan h\u00e2li u\u0308zerinde bu denli durup du\u0308\u015fu\u0308nu\u0308yorsak, kendimizi onun i\u00e7inde buldu\u011fumuz i\u00e7indir ve tam da bu yu\u0308zden bu h\u00e2l bize h\u00e2kim olur. Ancak bunun yaln\u0131z biz insanlar i\u00e7in \u00f6zel bir \u00f6nemi vard\u0131r; dolay\u0131s\u0131yla bu bak\u0131\u015f a\u00e7\u0131s\u0131ndan kaynakl\u0131 iz\u00e2fi ve ar\u0131z\u00ee bir durum olup, kendi tezahu\u0308r usulu\u0308mu\u0308zu\u0308n \u015fahsili\u011fine aittir. <\/p>\n","protected":false},"excerpt":{"rendered":"<p>Varl\u0131\u011f\u0131n Muhtelif Merhaleleri, Ren\u00e9 Gu\u00e9non\u2019un 1920 ile 1925 seneleri aras\u0131nda kaleme ald\u0131\u011f\u0131, (Ha\u00e7 Sembolizmi ve V\u00eadant\u00e2\u2019ya g\u00f6re \u0130nsan ve Halleri) u\u0308\u00e7lemenin son kitab\u0131 olarak yay\u0131mland\u0131. Bu<span class=\"excerpt-hellip\"> [\u2026]<\/span><\/p>\n","protected":false},"featured_media":0,"template":"","meta":{"_monsterinsights_skip_tracking":false,"_monsterinsights_sitenote_active":false,"_monsterinsights_sitenote_note":"","_monsterinsights_sitenote_category":0},"product_brand":[],"product_cat":[18545,12291],"product_tag":[],"class_list":{"0":"post-740869","1":"product","2":"type-product","3":"status-publish","5":"product_cat-anlati","6":"product_cat-edebiyat","7":"pa_cilt-ciltsiz","8":"pa_tur-kitap","9":"pa_yayinevi-ketebe-yayinlari","10":"pa_yazar-rene-guenon","12":"first","13":"instock","14":"sale","15":"shipping-taxable","16":"purchasable","17":"product-type-simple"},"_links":{"self":[{"href":"https:\/\/roveyayinevi.com.tr\/index.php\/wp-json\/wp\/v2\/product\/740869","targetHints":{"allow":["GET"]}}],"collection":[{"href":"https:\/\/roveyayinevi.com.tr\/index.php\/wp-json\/wp\/v2\/product"}],"about":[{"href":"https:\/\/roveyayinevi.com.tr\/index.php\/wp-json\/wp\/v2\/types\/product"}],"wp:attachment":[{"href":"https:\/\/roveyayinevi.com.tr\/index.php\/wp-json\/wp\/v2\/media?parent=740869"}],"wp:term":[{"taxonomy":"product_brand","embeddable":true,"href":"https:\/\/roveyayinevi.com.tr\/index.php\/wp-json\/wp\/v2\/product_brand?post=740869"},{"taxonomy":"product_cat","embeddable":true,"href":"https:\/\/roveyayinevi.com.tr\/index.php\/wp-json\/wp\/v2\/product_cat?post=740869"},{"taxonomy":"product_tag","embeddable":true,"href":"https:\/\/roveyayinevi.com.tr\/index.php\/wp-json\/wp\/v2\/product_tag?post=740869"}],"curies":[{"name":"wp","href":"https:\/\/api.w.org\/{rel}","templated":true}]}}