{"id":740867,"date":"2025-08-28T00:36:56","date_gmt":"2025-08-27T21:36:56","guid":{"rendered":"https:\/\/roveyayinevi.com.tr\/index.php\/urun\/hat-bekcisi-thiel\/"},"modified":"2026-04-16T02:52:04","modified_gmt":"2026-04-15T23:52:04","slug":"hat-bekcisi-thiel","status":"publish","type":"product","link":"https:\/\/roveyayinevi.com.tr\/index.php\/urun\/hat-bekcisi-thiel\/","title":{"rendered":"Hat Bek\u00e7isi Thiel"},"content":{"rendered":"<p>Prusya Demiryollar\u0131\u2019nda \u00f6zveriyle \u00e7al\u0131\u015fan hat bek\u00e7isi Thiel\u2019in ya\u015fam\u0131, ya\u015fad\u0131\u011f\u0131 talihsizlikler ve g\u00f6rd\u00fc\u011f\u00fc hal\u00fcsinasyonlarla g\u00f6lgelenmi\u015ftir: \u00c7ok sevdi\u011fi kar\u0131s\u0131 Minna do\u011fum yaparken \u00f6l\u00fcnce kendini b\u00fcy\u00fcyen bir i\u00e7 \u00e7at\u0131\u015fman\u0131n i\u00e7inde bulur ve o\u011flu Tobias\u2019\u0131n bak\u0131m\u0131n\u0131 g\u00fcvenceye almak \u00fczere yeniden evlenmeyi se\u00e7er. Fakat i\u015fler umdu\u011fu gibi gitmez ve bir felaket ya\u015fan\u0131r.    Alman edebiyat\u0131n\u0131n son klasi\u011fi kabul edilen Hat Bek\u00e7isi Thiel, ayn\u0131 ad\u0131 ta\u015f\u0131yan ana karakterinin psikopatolojik vakas\u0131na e\u011filir. Sanayi Devrimi\u2019yle sars\u0131lan z\u00fcmre toplumunun yerini s\u0131n\u0131fl\u0131 toplum yap\u0131s\u0131 almadan hemen \u00f6nceki \u00e2na odaklanan eser, makinele\u015fme tehdidi kar\u015f\u0131s\u0131nda insan\u0131n \u00e7aresizli\u011fini simgele\u015ftirir. <\/p>\n","protected":false},"excerpt":{"rendered":"<p>Prusya Demiryollar\u0131\u2019nda \u00f6zveriyle \u00e7al\u0131\u015fan hat bek\u00e7isi Thiel\u2019in ya\u015fam\u0131, ya\u015fad\u0131\u011f\u0131 talihsizlikler ve g\u00f6rd\u00fc\u011f\u00fc hal\u00fcsinasyonlarla g\u00f6lgelenmi\u015ftir: \u00c7ok sevdi\u011fi kar\u0131s\u0131 Minna do\u011fum yaparken \u00f6l\u00fcnce kendini b\u00fcy\u00fcyen bir i\u00e7 \u00e7at\u0131\u015fman\u0131n<span class=\"excerpt-hellip\"> [\u2026]<\/span><\/p>\n","protected":false},"featured_media":0,"template":"","meta":{"_monsterinsights_skip_tracking":false,"_monsterinsights_sitenote_active":false,"_monsterinsights_sitenote_note":"","_monsterinsights_sitenote_category":0},"product_brand":[],"product_cat":[12291,12711],"product_tag":[],"class_list":{"0":"post-740867","1":"product","2":"type-product","3":"status-publish","5":"product_cat-edebiyat","6":"product_cat-roman-oyku","7":"pa_cilt-ciltsiz","8":"pa_tur-kitap","9":"pa_yayinevi-can-yayinlari","10":"pa_yazar-gerhart-hauptmann","12":"first","13":"instock","14":"sale","15":"shipping-taxable","16":"purchasable","17":"product-type-simple"},"_links":{"self":[{"href":"https:\/\/roveyayinevi.com.tr\/index.php\/wp-json\/wp\/v2\/product\/740867","targetHints":{"allow":["GET"]}}],"collection":[{"href":"https:\/\/roveyayinevi.com.tr\/index.php\/wp-json\/wp\/v2\/product"}],"about":[{"href":"https:\/\/roveyayinevi.com.tr\/index.php\/wp-json\/wp\/v2\/types\/product"}],"wp:attachment":[{"href":"https:\/\/roveyayinevi.com.tr\/index.php\/wp-json\/wp\/v2\/media?parent=740867"}],"wp:term":[{"taxonomy":"product_brand","embeddable":true,"href":"https:\/\/roveyayinevi.com.tr\/index.php\/wp-json\/wp\/v2\/product_brand?post=740867"},{"taxonomy":"product_cat","embeddable":true,"href":"https:\/\/roveyayinevi.com.tr\/index.php\/wp-json\/wp\/v2\/product_cat?post=740867"},{"taxonomy":"product_tag","embeddable":true,"href":"https:\/\/roveyayinevi.com.tr\/index.php\/wp-json\/wp\/v2\/product_tag?post=740867"}],"curies":[{"name":"wp","href":"https:\/\/api.w.org\/{rel}","templated":true}]}}