{"id":740865,"date":"2025-08-28T00:36:54","date_gmt":"2025-08-27T21:36:54","guid":{"rendered":"https:\/\/roveyayinevi.com.tr\/index.php\/urun\/dar-kapi-3\/"},"modified":"2026-04-07T02:58:01","modified_gmt":"2026-04-06T23:58:01","slug":"dar-kapi-3","status":"publish","type":"product","link":"https:\/\/roveyayinevi.com.tr\/index.php\/urun\/dar-kapi-3\/","title":{"rendered":"Dar Kap\u0131"},"content":{"rendered":"<p>B\u00f6yle bir a\u015fk ancak benimle biter.    Babas\u0131n\u0131 kaybettikten sonra annesiyle Paris\u2019e yerle\u015fen J\u00e9r\u00f4me Palissier, tatillerini d\u00fczenli olarak day\u0131s\u0131n\u0131n Normandiya k\u0131rsal\u0131ndaki evinde ge\u00e7irmeye ba\u015flar. Zamanla, kuzeni Alissa\u2019ya \u00e2\u015f\u0131k olur ve bir Orta\u00e7a\u011f \u015f\u00f6valyesi gibi ona derinden ba\u011flan\u0131r. A\u015fk\u0131 ve inanc\u0131 aras\u0131nda s\u0131k\u0131\u015fan Alissa ise, J\u00e9r\u00f4me\u2019un ruhunun selameti i\u00e7in duygular\u0131n\u0131 bast\u0131rmay\u0131, ondan uzakla\u015fmay\u0131 se\u00e7er.   19. y\u00fczy\u0131l\u0131n en dokunakl\u0131 a\u015fk hik\u00e2yelerinden biri kabul edilen Dar Kap\u0131, mutlulukla erdemin birbirine kar\u0131\u015ft\u0131\u011f\u0131, Gide\u2019in kendi hayat\u0131ndan otobiyografik izler ta\u015f\u0131yan h\u00fcz\u00fcnl\u00fc bir roman.    \u201cAndr\u00e9 Gide, sade ad\u0131 s\u00f6ylendi\u011fi zaman bir medeniyeti, bir k\u00fclt\u00fcr\u00fc en iyi taraflar\u0131yla hat\u0131rlatan nadir insanlardand\u0131r.\u201d Ahmet Hamdi Tanp\u0131nar <\/p>\n","protected":false},"excerpt":{"rendered":"<p>B\u00f6yle bir a\u015fk ancak benimle biter. Babas\u0131n\u0131 kaybettikten sonra annesiyle Paris\u2019e yerle\u015fen J\u00e9r\u00f4me Palissier, tatillerini d\u00fczenli olarak day\u0131s\u0131n\u0131n Normandiya k\u0131rsal\u0131ndaki evinde ge\u00e7irmeye ba\u015flar. Zamanla, kuzeni Alissa\u2019ya<span class=\"excerpt-hellip\"> [\u2026]<\/span><\/p>\n","protected":false},"featured_media":0,"template":"","meta":{"_monsterinsights_skip_tracking":false,"_monsterinsights_sitenote_active":false,"_monsterinsights_sitenote_note":"","_monsterinsights_sitenote_category":0},"product_brand":[],"product_cat":[12291,12711],"product_tag":[],"class_list":{"0":"post-740865","1":"product","2":"type-product","3":"status-publish","5":"product_cat-edebiyat","6":"product_cat-roman-oyku","7":"pa_cilt-ciltsiz","8":"pa_tur-kitap","9":"pa_yayinevi-can-yayinlari","10":"pa_yazar-andre-gide","12":"first","13":"instock","14":"sale","15":"shipping-taxable","16":"purchasable","17":"product-type-simple"},"_links":{"self":[{"href":"https:\/\/roveyayinevi.com.tr\/index.php\/wp-json\/wp\/v2\/product\/740865","targetHints":{"allow":["GET"]}}],"collection":[{"href":"https:\/\/roveyayinevi.com.tr\/index.php\/wp-json\/wp\/v2\/product"}],"about":[{"href":"https:\/\/roveyayinevi.com.tr\/index.php\/wp-json\/wp\/v2\/types\/product"}],"wp:attachment":[{"href":"https:\/\/roveyayinevi.com.tr\/index.php\/wp-json\/wp\/v2\/media?parent=740865"}],"wp:term":[{"taxonomy":"product_brand","embeddable":true,"href":"https:\/\/roveyayinevi.com.tr\/index.php\/wp-json\/wp\/v2\/product_brand?post=740865"},{"taxonomy":"product_cat","embeddable":true,"href":"https:\/\/roveyayinevi.com.tr\/index.php\/wp-json\/wp\/v2\/product_cat?post=740865"},{"taxonomy":"product_tag","embeddable":true,"href":"https:\/\/roveyayinevi.com.tr\/index.php\/wp-json\/wp\/v2\/product_tag?post=740865"}],"curies":[{"name":"wp","href":"https:\/\/api.w.org\/{rel}","templated":true}]}}