{"id":740864,"date":"2025-08-28T00:36:53","date_gmt":"2025-08-27T21:36:53","guid":{"rendered":"https:\/\/roveyayinevi.com.tr\/index.php\/urun\/huzunlu-ev\/"},"modified":"2026-04-16T02:52:04","modified_gmt":"2026-04-15T23:52:04","slug":"huzunlu-ev","status":"publish","type":"product","link":"https:\/\/roveyayinevi.com.tr\/index.php\/urun\/huzunlu-ev\/","title":{"rendered":"H\u00fcz\u00fcnl\u00fc Ev"},"content":{"rendered":"<p>Altm\u0131\u015fl\u0131 y\u0131llar, bir yaz mevsimi. Victor Chmara, Cezayir Sava\u015f\u0131 s\u00fcrerken Paris\u2019ten ka\u00e7arak Fransa-\u0130svi\u00e7re s\u0131n\u0131r\u0131ndaki k\u00fc\u00e7\u00fck bir tatil kasabas\u0131na gelir. Buras\u0131 g\u00f6rkemli otelleri, se\u00e7kin m\u00fcdavimleri ve varl\u0131kl\u0131 sakinleriyle onun i\u00e7in g\u00fcvenli bir s\u0131\u011f\u0131nak olu\u015fturur, herhangi bir tehlike \u00e2n\u0131nda ka\u00e7may\u0131 planlad\u0131\u011f\u0131 \u0130svi\u00e7re\u2019ye yak\u0131nl\u0131\u011f\u0131yla da korkular\u0131n\u0131 yat\u0131\u015ft\u0131r\u0131r. Etraf\u0131 ke\u015ffederken gizemli Doktor Meinthe ve kariyerinin hen\u00fcz ba\u015f\u0131ndaki g\u00fczel aktris Yvonne\u2019la tan\u0131\u015fan Victor, k\u0131sa s\u00fcre i\u00e7inde onlarla Frans\u0131z bohem hayat\u0131na dalarak huzurlu bir yaz s\u00fcrmeye ba\u015flar. Fakat \u00e7ok ge\u00e7meden, arkada\u015flar\u0131n\u0131n ya\u015famlar\u0131n\u0131n da cevaps\u0131z sorular, m\u00fcphem ger\u00e7eklerle dolu oldu\u011funu anlayacakt\u0131r. Hat\u0131rlama eyleminin ger\u00e7eklerle y\u00fczle\u015fmede oynad\u0131\u011f\u0131 kilit role dikkat \u00e7eken, Modiano\u2019nun erken d\u00f6nem romanlar\u0131ndan biri olan H\u00fcz\u00fcnl\u00fc Ev, zaman, mek\u00e2n, kimlik ve bellek \u00fczerine bir kay\u0131p zaman aray\u0131\u015f\u0131. \u201cBu harika roman, kay\u0131p bir zamana, mek\u00e2na ve i\u00e7tenlikle betimlenmi\u015f insanlara duyulan b\u00fcy\u00fck bir nostalji duygusuyla demlenmi\u015f, \u00f6yle ki insan\u0131n Victor&#8217;un an\u0131lar\u0131n\u0131 kendi an\u0131lar\u0131 zannetmesi i\u015ften bile de\u011fil.\u201d The Guardian   <\/p>\n","protected":false},"excerpt":{"rendered":"<p>Altm\u0131\u015fl\u0131 y\u0131llar, bir yaz mevsimi. Victor Chmara, Cezayir Sava\u015f\u0131 s\u00fcrerken Paris\u2019ten ka\u00e7arak Fransa-\u0130svi\u00e7re s\u0131n\u0131r\u0131ndaki k\u00fc\u00e7\u00fck bir tatil kasabas\u0131na gelir. Buras\u0131 g\u00f6rkemli otelleri, se\u00e7kin m\u00fcdavimleri ve varl\u0131kl\u0131<span class=\"excerpt-hellip\"> [\u2026]<\/span><\/p>\n","protected":false},"featured_media":0,"template":"","meta":{"_monsterinsights_skip_tracking":false,"_monsterinsights_sitenote_active":false,"_monsterinsights_sitenote_note":"","_monsterinsights_sitenote_category":0},"product_brand":[],"product_cat":[12291,12711],"product_tag":[],"class_list":{"0":"post-740864","1":"product","2":"type-product","3":"status-publish","5":"product_cat-edebiyat","6":"product_cat-roman-oyku","7":"pa_cilt-ciltsiz","8":"pa_tur-kitap","9":"pa_yayinevi-can-yayinlari","10":"pa_yazar-patrick-modiano","12":"first","13":"instock","14":"sale","15":"shipping-taxable","16":"purchasable","17":"product-type-simple"},"_links":{"self":[{"href":"https:\/\/roveyayinevi.com.tr\/index.php\/wp-json\/wp\/v2\/product\/740864","targetHints":{"allow":["GET"]}}],"collection":[{"href":"https:\/\/roveyayinevi.com.tr\/index.php\/wp-json\/wp\/v2\/product"}],"about":[{"href":"https:\/\/roveyayinevi.com.tr\/index.php\/wp-json\/wp\/v2\/types\/product"}],"wp:attachment":[{"href":"https:\/\/roveyayinevi.com.tr\/index.php\/wp-json\/wp\/v2\/media?parent=740864"}],"wp:term":[{"taxonomy":"product_brand","embeddable":true,"href":"https:\/\/roveyayinevi.com.tr\/index.php\/wp-json\/wp\/v2\/product_brand?post=740864"},{"taxonomy":"product_cat","embeddable":true,"href":"https:\/\/roveyayinevi.com.tr\/index.php\/wp-json\/wp\/v2\/product_cat?post=740864"},{"taxonomy":"product_tag","embeddable":true,"href":"https:\/\/roveyayinevi.com.tr\/index.php\/wp-json\/wp\/v2\/product_tag?post=740864"}],"curies":[{"name":"wp","href":"https:\/\/api.w.org\/{rel}","templated":true}]}}