{"id":740862,"date":"2025-08-28T00:36:50","date_gmt":"2025-08-27T21:36:50","guid":{"rendered":"https:\/\/roveyayinevi.com.tr\/index.php\/urun\/katiller-vakti-yarali-krallik-1\/"},"modified":"2026-04-16T02:52:04","modified_gmt":"2026-04-15T23:52:04","slug":"katiller-vakti-yarali-krallik-1","status":"publish","type":"product","link":"https:\/\/roveyayinevi.com.tr\/index.php\/urun\/katiller-vakti-yarali-krallik-1\/","title":{"rendered":"Katiller Vakti &#8211; Yaral\u0131 Krall\u0131k 1"},"content":{"rendered":"<p>SU\u0130KAST\u00c7I, SU\u0130KAST\u00c7IYLA YAKALANIR \u201cSIRADI\u015eI. HARiKULADE YAZILMI\u015e, HIZI M\u00dcKEMMEL AYARLANMI\u015e VE KENDiNDEN EMiN. HARiKA BiR \u00c7IKI\u015e KiTABI, OKUNACAKLAR LiSTENiZiN EN \u00dcST\u00dcNDE BULUNMASI GEREKEN HARiKA BiR KiTAP.\u201d\u2014James Islington, The Shadow Of What Was Lost\u2019un yazar\u0131 SU\u0130KAST\u00c7ININ KAR\u015eISINDA SU\u0130KAST\u00c7I David Gemmell \u00d6d\u00fcl\u00fc&#8217;ne aday g\u00f6sterilen yazar RJ Barker&#8217;\u0131n ilk roman\u0131 Katiller Vakti, suikast\u00e7\u0131n\u0131n kar\u015f\u0131s\u0131na suikast\u00e7\u0131y\u0131 \u00e7\u0131kar\u0131yor. Gizemli bir sihrin g\u00f6lgesinde bir krall\u0131\u011f\u0131 yok edebilecek bir komplonun perdesi aralan\u0131yor. \u00dclkenin en iyi suikast\u00e7\u0131s\u0131n\u0131n \u00e7\u0131ra\u011f\u0131 Girton Yumruk Ayak\u2019\u0131n insanlar\u0131n can\u0131n\u0131 alma sanat\u0131yla ilgili \u00f6\u011frenecek daha \u00e7ok \u015feyi vard\u0131r. Fakat son g\u00f6revi Girton\u2019u \u00e7ok daha b\u00fcy\u00fck bir engelle kar\u015f\u0131 kar\u015f\u0131ya b\u0131rak\u0131r: Bir can\u0131 kurtarmak. Biri taht\u0131n varisini \u00f6ld\u00fcrmeye \u00e7al\u0131\u015fmaktad\u0131r ve hainin kim oldu\u011funu ortaya \u00e7\u0131karmak Girton ile \u00fcstad\u0131na d\u00fc\u015fer. \u0130\u00e7 sava\u015f\u0131n e\u015fi\u011finde bir krall\u0131kta ve yalanlarla dolu bir kalede hi\u00e7 beklemedi\u011fi d\u00fc\u015fmanlar, hi\u00e7 istemedi\u011fi dostluklar ve b\u00fct\u00fcn \u00fclkeyi yok edebilecek bir komployla kar\u015f\u0131la\u015facakt\u0131r. \u201c\u00d6l\u00fc tanr\u0131lar, tehlikeli bir sihir ve yeni bir soluk getiren ana karakter. \u00c7oke\u011flenceli.\u201d\u2013Peter Newman, The Vagrant\u2019\u0131n yazar\u0131 \u201cElimden b\u0131rakamad\u0131m. \u00d6zg\u00fcn, beni i\u00e7ine \u00e7eken bir d\u00fcnya ve sevmemenin zor oldu\u011fu iki suikast\u00e7\u0131yla Katiller Vakti okumas\u0131 zevkli bir kitap. Daha fazlas\u0131 i\u00e7in sab\u0131rs\u0131zlan\u0131yorum!\u201d\u2013Melissa Caruso, The Tethered Mage\u2019in yazar\u0131 \u201cElinizden indiremiyorsunuz&#8230; fanteziyle gizemin m\u00fckemmel bir kar\u0131\u015f\u0131m\u0131.\u201d\u2013Fantasy Book Review <\/p>\n","protected":false},"excerpt":{"rendered":"<p>SU\u0130KAST\u00c7I, SU\u0130KAST\u00c7IYLA YAKALANIR \u201cSIRADI\u015eI. HARiKULADE YAZILMI\u015e, HIZI M\u00dcKEMMEL AYARLANMI\u015e VE KENDiNDEN EMiN. HARiKA BiR \u00c7IKI\u015e KiTABI, OKUNACAKLAR LiSTENiZiN EN \u00dcST\u00dcNDE BULUNMASI GEREKEN HARiKA BiR KiTAP.\u201d\u2014James Islington,<span class=\"excerpt-hellip\"> [\u2026]<\/span><\/p>\n","protected":false},"featured_media":0,"template":"","meta":{"_monsterinsights_skip_tracking":false,"_monsterinsights_sitenote_active":false,"_monsterinsights_sitenote_note":"","_monsterinsights_sitenote_category":0},"product_brand":[],"product_cat":[12291,12711],"product_tag":[],"class_list":{"0":"post-740862","1":"product","2":"type-product","3":"status-publish","5":"product_cat-edebiyat","6":"product_cat-roman-oyku","7":"pa_cilt-ciltsiz","8":"pa_tur-kitap","9":"pa_yayinevi-epsilon-yayinlari","10":"pa_yazar-rj-barker","12":"first","13":"instock","14":"sale","15":"shipping-taxable","16":"purchasable","17":"product-type-simple"},"_links":{"self":[{"href":"https:\/\/roveyayinevi.com.tr\/index.php\/wp-json\/wp\/v2\/product\/740862","targetHints":{"allow":["GET"]}}],"collection":[{"href":"https:\/\/roveyayinevi.com.tr\/index.php\/wp-json\/wp\/v2\/product"}],"about":[{"href":"https:\/\/roveyayinevi.com.tr\/index.php\/wp-json\/wp\/v2\/types\/product"}],"wp:attachment":[{"href":"https:\/\/roveyayinevi.com.tr\/index.php\/wp-json\/wp\/v2\/media?parent=740862"}],"wp:term":[{"taxonomy":"product_brand","embeddable":true,"href":"https:\/\/roveyayinevi.com.tr\/index.php\/wp-json\/wp\/v2\/product_brand?post=740862"},{"taxonomy":"product_cat","embeddable":true,"href":"https:\/\/roveyayinevi.com.tr\/index.php\/wp-json\/wp\/v2\/product_cat?post=740862"},{"taxonomy":"product_tag","embeddable":true,"href":"https:\/\/roveyayinevi.com.tr\/index.php\/wp-json\/wp\/v2\/product_tag?post=740862"}],"curies":[{"name":"wp","href":"https:\/\/api.w.org\/{rel}","templated":true}]}}