{"id":740861,"date":"2025-08-28T00:36:49","date_gmt":"2025-08-27T21:36:49","guid":{"rendered":"https:\/\/roveyayinevi.com.tr\/index.php\/urun\/kulubunuze-uye-olabilir-miyim\/"},"modified":"2026-04-16T02:52:04","modified_gmt":"2026-04-15T23:52:04","slug":"kulubunuze-uye-olabilir-miyim","status":"publish","type":"product","link":"https:\/\/roveyayinevi.com.tr\/index.php\/urun\/kulubunuze-uye-olabilir-miyim\/","title":{"rendered":"Kul\u00fcb\u00fcn\u00fcze \u00dcye Olabilir Miyim?"},"content":{"rendered":"<p>\u00d6rdek yeni arkada\u015flar edinmek i\u00e7in bir kul\u00fcbe \u00fcye olmak istiyordu ve bu y\u00fczden bir kul\u00fcbe \u00fcye olmaya karar verdi. Fakat ba\u015fvurular\u0131 hep reddediliyordu. Sen de herkesin kat\u0131labildi\u011fi bir kul\u00fcpte olmak ister misin?     Arkada\u015fl\u0131k kavram\u0131na dikkat \u00e7eken Kul\u00fcb\u00fcn\u00fcze \u00dcye Olabilir miyim? \u00e7ocuklara farkl\u0131l\u0131klarla bir arada olmaya dair e\u011flenceli bir hik\u00e2ye sunuyor. <\/p>\n","protected":false},"excerpt":{"rendered":"<p>\u00d6rdek yeni arkada\u015flar edinmek i\u00e7in bir kul\u00fcbe \u00fcye olmak istiyordu ve bu y\u00fczden bir kul\u00fcbe \u00fcye olmaya karar verdi. Fakat ba\u015fvurular\u0131 hep reddediliyordu. Sen de herkesin<span class=\"excerpt-hellip\"> [\u2026]<\/span><\/p>\n","protected":false},"featured_media":0,"template":"","meta":{"_monsterinsights_skip_tracking":false,"_monsterinsights_sitenote_active":false,"_monsterinsights_sitenote_note":"","_monsterinsights_sitenote_category":0},"product_brand":[],"product_cat":[12291,50487],"product_tag":[],"class_list":{"0":"post-740861","1":"product","2":"type-product","3":"status-publish","5":"product_cat-edebiyat","6":"product_cat-kurgu","7":"pa_cilt-ciltsiz","8":"pa_tur-kitap","9":"pa_yayinevi-ketebe-yayinlari","10":"pa_yazar-john-kelly","12":"first","13":"instock","14":"sale","15":"shipping-taxable","16":"purchasable","17":"product-type-simple"},"_links":{"self":[{"href":"https:\/\/roveyayinevi.com.tr\/index.php\/wp-json\/wp\/v2\/product\/740861","targetHints":{"allow":["GET"]}}],"collection":[{"href":"https:\/\/roveyayinevi.com.tr\/index.php\/wp-json\/wp\/v2\/product"}],"about":[{"href":"https:\/\/roveyayinevi.com.tr\/index.php\/wp-json\/wp\/v2\/types\/product"}],"wp:attachment":[{"href":"https:\/\/roveyayinevi.com.tr\/index.php\/wp-json\/wp\/v2\/media?parent=740861"}],"wp:term":[{"taxonomy":"product_brand","embeddable":true,"href":"https:\/\/roveyayinevi.com.tr\/index.php\/wp-json\/wp\/v2\/product_brand?post=740861"},{"taxonomy":"product_cat","embeddable":true,"href":"https:\/\/roveyayinevi.com.tr\/index.php\/wp-json\/wp\/v2\/product_cat?post=740861"},{"taxonomy":"product_tag","embeddable":true,"href":"https:\/\/roveyayinevi.com.tr\/index.php\/wp-json\/wp\/v2\/product_tag?post=740861"}],"curies":[{"name":"wp","href":"https:\/\/api.w.org\/{rel}","templated":true}]}}