{"id":740860,"date":"2025-08-28T00:36:48","date_gmt":"2025-08-27T21:36:48","guid":{"rendered":"https:\/\/roveyayinevi.com.tr\/index.php\/urun\/eve-donus-yolu-ciltli\/"},"modified":"2026-04-16T02:52:04","modified_gmt":"2026-04-15T23:52:04","slug":"eve-donus-yolu-ciltli","status":"publish","type":"product","link":"https:\/\/roveyayinevi.com.tr\/index.php\/urun\/eve-donus-yolu-ciltli\/","title":{"rendered":"Eve D\u00f6n\u00fc\u015f Yolu (Ciltli)"},"content":{"rendered":"<p>Otto ve b\u00fcy\u00fckannesi Nanu, Aslan Da\u011f\u0131&#8217;n\u0131n zirvesine t\u0131rmanmak i\u00e7in bir maceraya at\u0131l\u0131yor. Fakat bu ke\u015fif \u00f6ncekilerden biraz daha zor! B\u00fcy\u00fckannesi unutkan bir g\u00fcn\u00fcnde oldu\u011fu i\u00e7in Otto&#8217;ya daha b\u00fcy\u00fck bir sorumluluk d\u00fc\u015f\u00fcyor. Peki Otto, Nanu&#8217;nun \u00f6\u011fretti\u011fi gibi cesur bir k\u00e2\u015fif olabilecek mi?   An\u0131lar\u0131 canl\u0131 tutman\u0131n \u00f6nemini vurgulayan s\u0131cac\u0131k bir hik\u00e2ye&#8230; <\/p>\n","protected":false},"excerpt":{"rendered":"<p>Otto ve b\u00fcy\u00fckannesi Nanu, Aslan Da\u011f\u0131&#8217;n\u0131n zirvesine t\u0131rmanmak i\u00e7in bir maceraya at\u0131l\u0131yor. Fakat bu ke\u015fif \u00f6ncekilerden biraz daha zor! B\u00fcy\u00fckannesi unutkan bir g\u00fcn\u00fcnde oldu\u011fu i\u00e7in Otto&#8217;ya<span class=\"excerpt-hellip\"> [\u2026]<\/span><\/p>\n","protected":false},"featured_media":0,"template":"","meta":{"_monsterinsights_skip_tracking":false,"_monsterinsights_sitenote_active":false,"_monsterinsights_sitenote_note":"","_monsterinsights_sitenote_category":0},"product_brand":[],"product_cat":[12274,12284],"product_tag":[],"class_list":{"0":"post-740860","1":"product","2":"type-product","3":"status-publish","5":"product_cat-cocuk-ve-genclik-kitaplari","6":"product_cat-hikayeler","7":"pa_cilt-ciltli","8":"pa_tur-kitap","9":"pa_yayinevi-ketebe-yayinlari","10":"pa_yazar-corinne-averiss","12":"first","13":"instock","14":"sale","15":"shipping-taxable","16":"purchasable","17":"product-type-simple"},"_links":{"self":[{"href":"https:\/\/roveyayinevi.com.tr\/index.php\/wp-json\/wp\/v2\/product\/740860","targetHints":{"allow":["GET"]}}],"collection":[{"href":"https:\/\/roveyayinevi.com.tr\/index.php\/wp-json\/wp\/v2\/product"}],"about":[{"href":"https:\/\/roveyayinevi.com.tr\/index.php\/wp-json\/wp\/v2\/types\/product"}],"wp:attachment":[{"href":"https:\/\/roveyayinevi.com.tr\/index.php\/wp-json\/wp\/v2\/media?parent=740860"}],"wp:term":[{"taxonomy":"product_brand","embeddable":true,"href":"https:\/\/roveyayinevi.com.tr\/index.php\/wp-json\/wp\/v2\/product_brand?post=740860"},{"taxonomy":"product_cat","embeddable":true,"href":"https:\/\/roveyayinevi.com.tr\/index.php\/wp-json\/wp\/v2\/product_cat?post=740860"},{"taxonomy":"product_tag","embeddable":true,"href":"https:\/\/roveyayinevi.com.tr\/index.php\/wp-json\/wp\/v2\/product_tag?post=740860"}],"curies":[{"name":"wp","href":"https:\/\/api.w.org\/{rel}","templated":true}]}}