{"id":740859,"date":"2025-08-28T00:36:47","date_gmt":"2025-08-27T21:36:47","guid":{"rendered":"https:\/\/roveyayinevi.com.tr\/index.php\/urun\/dunya-ve-turkiyede-universite-olgusuna-yaklasimlar\/"},"modified":"2026-04-16T02:52:04","modified_gmt":"2026-04-15T23:52:04","slug":"dunya-ve-turkiyede-universite-olgusuna-yaklasimlar","status":"publish","type":"product","link":"https:\/\/roveyayinevi.com.tr\/index.php\/urun\/dunya-ve-turkiyede-universite-olgusuna-yaklasimlar\/","title":{"rendered":"D\u00fcnya ve T\u00fcrkiye\u2019de \u00dcniversite Olgusuna Yakla\u015f\u0131mlar"},"content":{"rendered":"<p>\u0130brahim Orta\u015f, bu kitapta \u00c7ukurova \u00dcniversitesi ve T\u00fcrkiye \u00fcniversitelerinin ara\u015ft\u0131rma ve bilimsel \u00fcretkenlikleri ile d\u00fcnyadaki yerlerinin foto\u011fraf\u0131n\u0131 \u00e7ekerek, evrensel \u00f6l\u00e7eklere eri\u015fim i\u00e7in gelece\u011fe y\u00f6nelik \u00f6nerilerde bulunmaktad\u0131r. Bu \u00f6neriler yazar\u0131n \u00c7ukurova \u00dcniversitesinde ge\u00e7irdi\u011fi 42 y\u0131ll\u0131k s\u00fcrecin yan\u0131nda \u0130ngiltere\u2019de yapt\u0131\u011f\u0131 doktora, uluslararas\u0131 y\u00fczlerce bilimsel etkinlikte ger\u00e7ekle\u015ftirdi\u011fi sunular, yay\u0131nlad\u0131\u011f\u0131 makaleler, y\u00fcr\u00fctt\u00fc\u011f\u00fc onlarca proje ve yazd\u0131\u011f\u0131 y\u00fczlerce yaz\u0131yla edindi\u011fi akademik g\u00f6rg\u00fc, bilgi, deneyim ve birikime dayanmaktad\u0131r. Kitap yaln\u0131zca \u00c7ukurova \u00dcniversitesi i\u00e7in de\u011fil, di\u011fer \u00fcniversiteler i\u00e7in de somut veriler \u00fczerinden bir durum analizi ve model yakla\u015f\u0131m\u0131 sunmakta olup akademik bilincin geli\u015fmesine katk\u0131 sunacak niteliktedir. <\/p>\n","protected":false},"excerpt":{"rendered":"<p>\u0130brahim Orta\u015f, bu kitapta \u00c7ukurova \u00dcniversitesi ve T\u00fcrkiye \u00fcniversitelerinin ara\u015ft\u0131rma ve bilimsel \u00fcretkenlikleri ile d\u00fcnyadaki yerlerinin foto\u011fraf\u0131n\u0131 \u00e7ekerek, evrensel \u00f6l\u00e7eklere eri\u015fim i\u00e7in gelece\u011fe y\u00f6nelik \u00f6nerilerde bulunmaktad\u0131r.<span class=\"excerpt-hellip\"> [\u2026]<\/span><\/p>\n","protected":false},"featured_media":0,"template":"","meta":{"_monsterinsights_skip_tracking":false,"_monsterinsights_sitenote_active":false,"_monsterinsights_sitenote_note":"","_monsterinsights_sitenote_category":0},"product_brand":[],"product_cat":[12573,12566],"product_tag":[],"class_list":{"0":"post-740859","1":"product","2":"type-product","3":"status-publish","5":"product_cat-akademik-kitaplar","6":"product_cat-egitim","7":"pa_cilt-ciltsiz","8":"pa_tur-kitap","9":"pa_yayinevi-ani-yayincilik","10":"pa_yazar-ani-yayincilik-kolektif","12":"first","13":"instock","14":"sale","15":"shipping-taxable","16":"purchasable","17":"product-type-simple"},"_links":{"self":[{"href":"https:\/\/roveyayinevi.com.tr\/index.php\/wp-json\/wp\/v2\/product\/740859","targetHints":{"allow":["GET"]}}],"collection":[{"href":"https:\/\/roveyayinevi.com.tr\/index.php\/wp-json\/wp\/v2\/product"}],"about":[{"href":"https:\/\/roveyayinevi.com.tr\/index.php\/wp-json\/wp\/v2\/types\/product"}],"wp:attachment":[{"href":"https:\/\/roveyayinevi.com.tr\/index.php\/wp-json\/wp\/v2\/media?parent=740859"}],"wp:term":[{"taxonomy":"product_brand","embeddable":true,"href":"https:\/\/roveyayinevi.com.tr\/index.php\/wp-json\/wp\/v2\/product_brand?post=740859"},{"taxonomy":"product_cat","embeddable":true,"href":"https:\/\/roveyayinevi.com.tr\/index.php\/wp-json\/wp\/v2\/product_cat?post=740859"},{"taxonomy":"product_tag","embeddable":true,"href":"https:\/\/roveyayinevi.com.tr\/index.php\/wp-json\/wp\/v2\/product_tag?post=740859"}],"curies":[{"name":"wp","href":"https:\/\/api.w.org\/{rel}","templated":true}]}}