{"id":740857,"date":"2025-08-28T00:36:46","date_gmt":"2025-08-27T21:36:46","guid":{"rendered":"https:\/\/roveyayinevi.com.tr\/index.php\/urun\/bosanma-danismanligi-uygulamalari\/"},"modified":"2026-04-16T02:52:04","modified_gmt":"2026-04-15T23:52:04","slug":"bosanma-danismanligi-uygulamalari","status":"publish","type":"product","link":"https:\/\/roveyayinevi.com.tr\/index.php\/urun\/bosanma-danismanligi-uygulamalari\/","title":{"rendered":"Bo\u015fanma Dan\u0131\u015fmanl\u0131\u011f\u0131 Uygulamalar\u0131"},"content":{"rendered":"<p>Bo\u015fanma s\u00fcreci dan\u0131\u015fmanl\u0131\u011f\u0131; bir e\u015fin bo\u015fanma d\u00fc\u015f\u00fcncesi ile ba\u015flay\u0131p, t\u00fcm aile \u00fcyelerinin yasal bo\u015fanma sonras\u0131 bireysel ve aile ya\u015famlar\u0131na uyum sa\u011flamalar\u0131na kadar ge\u00e7en s\u00fcre\u00e7te yap\u0131lan koruyucu, geli\u015ftirici ve g\u00fc\u00e7lendirici ruh sa\u011fl\u0131\u011f\u0131 m\u00fcdahalesidir. Bunun i\u00e7in bireysel, sadece e\u015fler ile, t\u00fcm aile \u00fcyeleri ile, bo\u015fanm\u0131\u015f yeti\u015fkinlerle grupla, velayeti alm\u0131\u015f\/almam\u0131\u015f ebeveyn ile \u00e7ocuk\/lar, \u00e7ocuklarla bireysel ya da grupla gibi farkl\u0131 formatlarla psikolojik destek m\u00fcdahaleleri tasarlanabilir. Bu kitapta, \u00f6rnek iki vaka \u00fczerinden bo\u015fanma s\u00fcrecinde psikolojik destek sunulurken dikkat edilmesi gereken hususlar okuyucu ile payla\u015f\u0131lm\u0131\u015ft\u0131r. Tek ebeveynli aile yap\u0131s\u0131ndaki iki vakada; anne ve \u00e7ocuklar\u0131 ile birlikte \u00e7al\u0131\u015f\u0131lm\u0131\u015f, yasal bo\u015fanma sonras\u0131 ya\u015famlar\u0131n\u0131 yeniden yap\u0131land\u0131rmalar\u0131, aile yap\u0131lar\u0131n\u0131 g\u00fc\u00e7lendirmeleri ve bo\u015fanmaya uyum sa\u011flamalar\u0131 i\u00e7in psikolojik destek verilmi\u015ftir.    <\/p>\n","protected":false},"excerpt":{"rendered":"<p>Bo\u015fanma s\u00fcreci dan\u0131\u015fmanl\u0131\u011f\u0131; bir e\u015fin bo\u015fanma d\u00fc\u015f\u00fcncesi ile ba\u015flay\u0131p, t\u00fcm aile \u00fcyelerinin yasal bo\u015fanma sonras\u0131 bireysel ve aile ya\u015famlar\u0131na uyum sa\u011flamalar\u0131na kadar ge\u00e7en s\u00fcre\u00e7te yap\u0131lan koruyucu,<span class=\"excerpt-hellip\"> [\u2026]<\/span><\/p>\n","protected":false},"featured_media":0,"template":"","meta":{"_monsterinsights_skip_tracking":false,"_monsterinsights_sitenote_active":false,"_monsterinsights_sitenote_note":"","_monsterinsights_sitenote_category":0},"product_brand":[],"product_cat":[12573,12566],"product_tag":[],"class_list":{"0":"post-740857","1":"product","2":"type-product","3":"status-publish","5":"product_cat-akademik-kitaplar","6":"product_cat-egitim","7":"pa_cilt-ciltsiz","8":"pa_tur-kitap","9":"pa_yayinevi-ani-yayincilik","10":"pa_yazar-ani-yayincilik-kolektif","12":"first","13":"instock","14":"sale","15":"shipping-taxable","16":"purchasable","17":"product-type-simple"},"_links":{"self":[{"href":"https:\/\/roveyayinevi.com.tr\/index.php\/wp-json\/wp\/v2\/product\/740857","targetHints":{"allow":["GET"]}}],"collection":[{"href":"https:\/\/roveyayinevi.com.tr\/index.php\/wp-json\/wp\/v2\/product"}],"about":[{"href":"https:\/\/roveyayinevi.com.tr\/index.php\/wp-json\/wp\/v2\/types\/product"}],"wp:attachment":[{"href":"https:\/\/roveyayinevi.com.tr\/index.php\/wp-json\/wp\/v2\/media?parent=740857"}],"wp:term":[{"taxonomy":"product_brand","embeddable":true,"href":"https:\/\/roveyayinevi.com.tr\/index.php\/wp-json\/wp\/v2\/product_brand?post=740857"},{"taxonomy":"product_cat","embeddable":true,"href":"https:\/\/roveyayinevi.com.tr\/index.php\/wp-json\/wp\/v2\/product_cat?post=740857"},{"taxonomy":"product_tag","embeddable":true,"href":"https:\/\/roveyayinevi.com.tr\/index.php\/wp-json\/wp\/v2\/product_tag?post=740857"}],"curies":[{"name":"wp","href":"https:\/\/api.w.org\/{rel}","templated":true}]}}