{"id":740853,"date":"2025-08-28T00:36:42","date_gmt":"2025-08-27T21:36:42","guid":{"rendered":"https:\/\/roveyayinevi.com.tr\/index.php\/urun\/gassal\/"},"modified":"2026-04-16T02:52:04","modified_gmt":"2026-04-15T23:52:04","slug":"gassal","status":"publish","type":"product","link":"https:\/\/roveyayinevi.com.tr\/index.php\/urun\/gassal\/","title":{"rendered":"Gassal"},"content":{"rendered":"<p>Wittgenstein \u201cne hakk\u0131nda konu\u015fam\u0131yorsak onu sessizlik i\u00e7inde arkaya at\u0131yoruz\u201d der. \u00d6l\u00fcm\u00fcn ger\u00e7ekte neye kar\u015f\u0131l\u0131k geldi\u011fini unuttuk. \u00d6l\u00fcm\u00fcn i\u00e7i bo\u015falt\u0131l\u0131rken s\u0131kl\u0131kla yokmu\u015f gibi davranmaya da devam ediyoruz. Gassal, pandemi s\u00fcresince hi\u00e7 ara vermeden \u00f6l\u00fc beden y\u0131kamaya devam etti. K\u0131s\u0131tlamalar, \u00f6l\u00fc beden y\u0131kama i\u015fini hi\u00e7 aksatmad\u0131.  Covid-19\u2019un etkiledi\u011fi meslekler aras\u0131nda ba\u015flarda yer alsa da pandemi boyunca gassallar ve yapt\u0131klar\u0131 i\u015f hi\u00e7 konu\u015fulmad\u0131. \u00c7\u00fcnk\u00fc \u201c\u00f6l\u00fc bedenler\u201d mutlaka y\u0131kanmal\u0131yd\u0131 (!) T\u00fcrkiye\u2019de gassal\u0131n sesine kulak veren bu \u00e7al\u0131\u015fma, \u00f6l\u00fcm\u00fcn ni\u00e7in konu\u015fulmas\u0131 gerekti\u011fini de makro \u00e7er\u00e7evede tart\u0131\u015ft\u0131.                                                                        Prof. Dr. Adem SA\u011eIR\u00d6l\u00fcm, \u00fczerine d\u00fc\u015f\u00fcnmek i\u00e7in g\u00fcnl\u00fck hayata ara vermemiz gereken bir ger\u00e7ek mi? Yoksa en olmad\u0131k anlarda en haz\u0131rl\u0131ks\u0131z zamanda zihnimize bir anda d\u00fc\u015fen mi? \u00d6l\u00fcm\u00fc d\u00fc\u015f\u00fcnmek bir tercih mi? Peki, ya \u00f6l\u00fcm hayat\u0131n bir par\u00e7as\u0131 hatta merkezi olanlar? Her g\u00fcn hi\u00e7 de akl\u0131m\u0131za gelmeden yan\u0131ndan y\u00fcr\u00fcy\u00fcp ge\u00e7tiklerimiz. Ya onlar\u0131n hikayesi?                                                                              Ferda K\u00dcT\u00dcK\u00c7\u00dcO\u011eLU\u00d6l\u00fcme o kadar maruz kalm\u0131\u015ft\u0131k ki onu kan\u0131ksam\u0131\u015f; sars\u0131c\u0131, \u015fok edici etkisine katlan\u0131r olmu\u015ftuk. Hayat ve \u00f6l\u00fcm ya\u015fad\u0131\u011f\u0131m\u0131z evrenin iki kefeli terazisiyken, \u00f6l\u00fcm\u00fc hep kendimizden uzak tutmu\u015ftuk. \u00d6l\u00fcleriyle i\u00e7li d\u0131\u015fl\u0131 olan bir k\u00fclt\u00fcr\u00fcn insanlar\u0131yken, \u00f6l\u00fcmden olabildi\u011fince uzakla\u015fm\u0131\u015f; s\u00f6z\u00fcn\u00fc sohbetini etmez olmu\u015ftuk. Covid-19 pandemisi de di\u011fer pandemiler gibi bir g\u00fcn son bulacak. O g\u00fcne kadar hepimizin \u00e7ok dikkatli olmas\u0131 gerekecek. Yapaca\u011f\u0131m\u0131z i\u015fleri erteleyen bir yan\u0131m\u0131z var. Sonra yapar\u0131z diyoruz. Emekli olunca yapar\u0131z\u2026\u015eu olunca, bu olunca yapar\u0131z diyoruz. Her ferdin ya\u015fad\u0131klar\u0131 bizce \u00e7ok de\u011ferli. Ya\u015fanm\u0131\u015f tecr\u00fcbelerin yaz\u0131lmas\u0131 okunmas\u0131 gelecek ku\u015faklara aktar\u0131larak yol ve y\u00f6n g\u00f6stermesi \u00e7ok \u00f6nemli.                                    H\u00fcseyin KARATA\u015e <\/p>\n","protected":false},"excerpt":{"rendered":"<p>Wittgenstein \u201cne hakk\u0131nda konu\u015fam\u0131yorsak onu sessizlik i\u00e7inde arkaya at\u0131yoruz\u201d der. \u00d6l\u00fcm\u00fcn ger\u00e7ekte neye kar\u015f\u0131l\u0131k geldi\u011fini unuttuk. \u00d6l\u00fcm\u00fcn i\u00e7i bo\u015falt\u0131l\u0131rken s\u0131kl\u0131kla yokmu\u015f gibi davranmaya da devam ediyoruz.<span class=\"excerpt-hellip\"> [\u2026]<\/span><\/p>\n","protected":false},"featured_media":0,"template":"","meta":{"_monsterinsights_skip_tracking":false,"_monsterinsights_sitenote_active":false,"_monsterinsights_sitenote_note":"","_monsterinsights_sitenote_category":0},"product_brand":[],"product_cat":[13072,12291],"product_tag":[],"class_list":{"0":"post-740853","1":"product","2":"type-product","3":"status-publish","5":"product_cat-arastirma-inceleme-referans","6":"product_cat-edebiyat","7":"pa_cilt-ciltsiz","8":"pa_tur-kitap","9":"pa_yayinevi-phoenix-yayinevi","10":"pa_yazar-adem-sagir-zeynep-aktas","12":"first","13":"instock","14":"sale","15":"shipping-taxable","16":"purchasable","17":"product-type-simple"},"_links":{"self":[{"href":"https:\/\/roveyayinevi.com.tr\/index.php\/wp-json\/wp\/v2\/product\/740853","targetHints":{"allow":["GET"]}}],"collection":[{"href":"https:\/\/roveyayinevi.com.tr\/index.php\/wp-json\/wp\/v2\/product"}],"about":[{"href":"https:\/\/roveyayinevi.com.tr\/index.php\/wp-json\/wp\/v2\/types\/product"}],"wp:attachment":[{"href":"https:\/\/roveyayinevi.com.tr\/index.php\/wp-json\/wp\/v2\/media?parent=740853"}],"wp:term":[{"taxonomy":"product_brand","embeddable":true,"href":"https:\/\/roveyayinevi.com.tr\/index.php\/wp-json\/wp\/v2\/product_brand?post=740853"},{"taxonomy":"product_cat","embeddable":true,"href":"https:\/\/roveyayinevi.com.tr\/index.php\/wp-json\/wp\/v2\/product_cat?post=740853"},{"taxonomy":"product_tag","embeddable":true,"href":"https:\/\/roveyayinevi.com.tr\/index.php\/wp-json\/wp\/v2\/product_tag?post=740853"}],"curies":[{"name":"wp","href":"https:\/\/api.w.org\/{rel}","templated":true}]}}