{"id":740852,"date":"2025-08-28T00:36:42","date_gmt":"2025-08-27T21:36:42","guid":{"rendered":"https:\/\/roveyayinevi.com.tr\/index.php\/urun\/sinemada-istiklal-harbi-ve-ataturk\/"},"modified":"2026-04-16T02:52:04","modified_gmt":"2026-04-15T23:52:04","slug":"sinemada-istiklal-harbi-ve-ataturk","status":"publish","type":"product","link":"https:\/\/roveyayinevi.com.tr\/index.php\/urun\/sinemada-istiklal-harbi-ve-ataturk\/","title":{"rendered":"Sinemada \u0130stiklal Harbi ve Atat\u00fcrk"},"content":{"rendered":"<p>Ba\u011f\u0131ms\u0131zl\u0131k ve Cumhuriyet\u2019e giden yolu a\u00e7an T\u00fcrk \u0130stiklal Harbi\u2019nin, Atat\u00fcrk\u2019\u00fcn \u00f6nderli\u011finde emperyalist \u00fclkelere kar\u015f\u0131 yaln\u0131z ve yoksunluklar i\u00e7inde kazan\u0131lmas\u0131n\u0131n 100. y\u0131l\u0131 an\u0131s\u0131na, ilk bask\u0131s\u0131 2022 y\u0131l\u0131nda ger\u00e7ekle\u015ftirilen  \u201cT\u00fcrk Sinemas\u0131nda \u0130stiklal Harbi ve Atat\u00fcrk\u201d adl\u0131 bu kitap; Mill\u00ee M\u00fccadele filmleri, sinema tarihi, sineman\u0131n Osmanl\u0131\u2019ya geli\u015fi, ilk filmler; Atat\u00fcrk\u2019\u00fcn sinema ile ilgili filmi, senaryosu, s\u00f6zleri, etkinlikleri ve onun sinemadaki temsili gibi bir\u00e7ok konuda temel bir ba\u015fvuru kayna\u011f\u0131 ve ba\u015fucu kitab\u0131 niteli\u011finde haz\u0131rlanm\u0131\u015ft\u0131r. Bu kitap, Osmanl\u0131 son d\u00f6nemi ile Cumhuriyet Tarihi, \u0130nk\u0131lap Tarihi, Sanat ve Sinema Tarihi, Harp Tarihi, Siyasi Tarih, Sosyoloji, Uluslararas\u0131 \u0130li\u015fkiler, Hukuk, Temel K\u00fclt\u00fcrel De\u011ferler, \u0130leti\u015fim, Alg\u0131 ve Propaganda gibi bir\u00e7ok alan\u0131 ilgilendiren veriler i\u00e7eren ay\u0131rt edici \u00f6zeliklere sahip \u00f6zel bir \u00e7al\u0131\u015fmad\u0131r. Sinematograf\u0131n icad\u0131, d\u00fcnyaya yay\u0131l\u0131m\u0131 yan\u0131nda kitapta, Mill\u00ee M\u00fccadele D\u00f6nemi\u2019nin sinemada nas\u0131l i\u015flendi\u011fini tematik ve geni\u015f kapsaml\u0131 inceleyen ilk \u00e7al\u0131\u015fma olmas\u0131 bak\u0131m\u0131ndan olduk\u00e7a \u00f6nemlidir. Kitapta yabanc\u0131 ve T\u00fcrk yap\u0131m\u0131 \u0130stiklal Harbi filmleri; Atat\u00fcrk, \u0130n\u00f6n\u00fc, Demokrat Parti ve 1960-1980 D\u00f6nemi \u015feklinde ele al\u0131narak incelenmi\u015ftir. Bu d\u00f6nemlerin genel siyasi, sosyal, asker\u00ee, hukuki ve ekonomik ko\u015fullar\u0131 nedir? Bu ko\u015fullar, sava\u015flar ve 6\/7 Eyl\u00fcl gibi \u00f6nemli olaylar T\u00fcrk sinemas\u0131n\u0131 ve filmleri nas\u0131l etkilemi\u015ftir? Hangi y\u0131lda ne kadar film \u00e7evrilmi\u015ftir? Filmlerde en \u00e7ok hangi y\u00f6netmen, yap\u0131mc\u0131, senarist, yazar ve sanat\u00e7\u0131lar yer alm\u0131\u015flard\u0131r? Bu filmlerde en \u00e7ok hangi kad\u0131n ve erkek oyuncular rol alm\u0131\u015flard\u0131r? Hangi eserler sinemaya uyarlanm\u0131\u015ft\u0131r? Hangi filmler yeniden \u00e7evrilmi\u015ftir? Mill\u00ee M\u00fccadele\u2019nin en \u00e7ok hangi konu, y\u00f6n, cephe ve olaylar\u0131 i\u015flenmi\u015ftir? Filmlerde hangi karakterler, \u00f6zellikler, metaforlar, k\u00fclt\u00fcrel ve simgesel de\u011ferler \u00f6ne \u00e7\u0131kar\u0131lm\u0131\u015ft\u0131r? Propaganda ve hamasete ne \u00f6l\u00e7\u00fcde yer verilmi\u015ftir? \u0130\u015fte bu sorular ile benzerlerine cevaplar, ara\u015ft\u0131r\u0131larak verilmeye \u00e7al\u0131\u015f\u0131lm\u0131\u015ft\u0131r. Dr. H\u00fcrol Erbay; Alaca \u015eehit Nedim Tu\u011faltay Ortaokulu, I\u015f\u0131klar Asker\u00ee Lisesi, Kara Harp Okulu (1988), Piyade Okulu, J. Subay Okulu, Fransa Saint-Astier Avrupa Kolluk Kuvvetleri Staj\u0131, Harp Akademisi Komutanl\u0131k ve Kararg\u00e2h Subayl\u0131\u011f\u0131 \u00d6\u011frenimi, \u0130stanbul Okan \u00dcniversitesi Uluslararas\u0131 \u0130li\u015fkiler Y\u00fcksek Lisans E\u011fitimi (2008) ile yurt d\u0131\u015f\u0131nda ve de\u011fi\u015fik illerde yerle\u015fik birlik, kararg\u00e2h ve okullarda farkl\u0131 r\u00fctbe ve kademelerde vatani vazifesini ba\u015far\u0131yla tamamlayarak J. Kd. Albay olarak emekli olmu\u015ftur. Doktora \u00d6\u011frenimini, Ankara \u00dcniversitesi T\u00fcrk \u0130nk\u0131lap Tarihi Enstit\u00fcs\u00fc\u2019nde tamamlayan Erbay\u2019\u0131n, uluslararas\u0131 kongrede sunulmu\u015f bildirisi, kitap b\u00f6l\u00fcm\u00fc ve \u00e7e\u015fitli konularda yaz\u0131lm\u0131\u015f akademik makaleleri bulunmaktad\u0131r. <\/p>\n","protected":false},"excerpt":{"rendered":"<p>Ba\u011f\u0131ms\u0131zl\u0131k ve Cumhuriyet\u2019e giden yolu a\u00e7an T\u00fcrk \u0130stiklal Harbi\u2019nin, Atat\u00fcrk\u2019\u00fcn \u00f6nderli\u011finde emperyalist \u00fclkelere kar\u015f\u0131 yaln\u0131z ve yoksunluklar i\u00e7inde kazan\u0131lmas\u0131n\u0131n 100. y\u0131l\u0131 an\u0131s\u0131na, ilk bask\u0131s\u0131 2022 y\u0131l\u0131nda<span class=\"excerpt-hellip\"> [\u2026]<\/span><\/p>\n","protected":false},"featured_media":0,"template":"","meta":{"_monsterinsights_skip_tracking":false,"_monsterinsights_sitenote_active":false,"_monsterinsights_sitenote_note":"","_monsterinsights_sitenote_category":0},"product_brand":[],"product_cat":[12304,14128],"product_tag":[],"class_list":{"0":"post-740852","1":"product","2":"type-product","3":"status-publish","5":"product_cat-tarih","6":"product_cat-yakin-tarih","7":"pa_cilt-ciltsiz","8":"pa_tur-kitap","9":"pa_yayinevi-siyasal-kitabevi","10":"pa_yazar-hurol-erbay","12":"first","13":"instock","14":"sale","15":"shipping-taxable","16":"purchasable","17":"product-type-simple"},"_links":{"self":[{"href":"https:\/\/roveyayinevi.com.tr\/index.php\/wp-json\/wp\/v2\/product\/740852","targetHints":{"allow":["GET"]}}],"collection":[{"href":"https:\/\/roveyayinevi.com.tr\/index.php\/wp-json\/wp\/v2\/product"}],"about":[{"href":"https:\/\/roveyayinevi.com.tr\/index.php\/wp-json\/wp\/v2\/types\/product"}],"wp:attachment":[{"href":"https:\/\/roveyayinevi.com.tr\/index.php\/wp-json\/wp\/v2\/media?parent=740852"}],"wp:term":[{"taxonomy":"product_brand","embeddable":true,"href":"https:\/\/roveyayinevi.com.tr\/index.php\/wp-json\/wp\/v2\/product_brand?post=740852"},{"taxonomy":"product_cat","embeddable":true,"href":"https:\/\/roveyayinevi.com.tr\/index.php\/wp-json\/wp\/v2\/product_cat?post=740852"},{"taxonomy":"product_tag","embeddable":true,"href":"https:\/\/roveyayinevi.com.tr\/index.php\/wp-json\/wp\/v2\/product_tag?post=740852"}],"curies":[{"name":"wp","href":"https:\/\/api.w.org\/{rel}","templated":true}]}}