{"id":740849,"date":"2025-08-28T00:36:38","date_gmt":"2025-08-27T21:36:38","guid":{"rendered":"https:\/\/roveyayinevi.com.tr\/index.php\/urun\/kissa-yol\/"},"modified":"2026-04-16T02:52:04","modified_gmt":"2026-04-15T23:52:04","slug":"kissa-yol","status":"publish","type":"product","link":"https:\/\/roveyayinevi.com.tr\/index.php\/urun\/kissa-yol\/","title":{"rendered":"K\u0131s(s)a Yol"},"content":{"rendered":"<p>\u0130nsan kendi k\u0131ssas\u0131n\u0131 ya\u015farken yazar. Yolu bir\u00e7ok duraktan ge\u00e7er, ba\u015f\u0131na t\u00fcrl\u00fc h\u00e2ller gelebilir. \u0130nsand\u0131r, unutand\u0131r kendi hakikati. Ne saf iyidir ne de saf k\u00f6t\u00fc. \u0130yi k\u00f6t\u00fc ne varsa ekilmi\u015ftir insan\u0131n topra\u011f\u0131na. Topra\u011f\u0131n\u0131 nas\u0131l i\u015flemesi gerekti\u011fi de \u00f6\u011fretilmi\u015ftir \u201ckendi i\u00e7lerinden g\u00f6nderilen peygamberler\u201d ve kitaplar ile. \u0130rade, kalp ve ak\u0131l da verilmi\u015ftir. Art\u0131k tercih insana b\u0131rak\u0131lm\u0131\u015ft\u0131r. Hangi tohumunu ye\u015fertecektir? Hay\u0131r olanlar\u0131 m\u0131? \u015eer olanlar\u0131 m\u0131?Kendi k\u0131ssam\u0131 ya\u015farken bana rehberlik eden Kur\u2019an k\u0131ssalar\u0131n\u0131 tefekk\u00fcr etme \u00e7abam\u0131 payla\u015ft\u0131m. Umar\u0131m ki bana \u015fifa, rehber, merhem oldu\u011fu gibi size de olsunlar. <\/p>\n","protected":false},"excerpt":{"rendered":"<p>\u0130nsan kendi k\u0131ssas\u0131n\u0131 ya\u015farken yazar. Yolu bir\u00e7ok duraktan ge\u00e7er, ba\u015f\u0131na t\u00fcrl\u00fc h\u00e2ller gelebilir. \u0130nsand\u0131r, unutand\u0131r kendi hakikati. Ne saf iyidir ne de saf k\u00f6t\u00fc. \u0130yi k\u00f6t\u00fc<span class=\"excerpt-hellip\"> [\u2026]<\/span><\/p>\n","protected":false},"featured_media":0,"template":"","meta":{"_monsterinsights_skip_tracking":false,"_monsterinsights_sitenote_active":false,"_monsterinsights_sitenote_note":"","_monsterinsights_sitenote_category":0},"product_brand":[],"product_cat":[12777,12291],"product_tag":[],"class_list":{"0":"post-740849","1":"product","2":"type-product","3":"status-publish","5":"product_cat-deneme","6":"product_cat-edebiyat","7":"pa_cilt-ciltsiz","8":"pa_tur-kitap","9":"pa_yayinevi-nesil-yayinlari","10":"pa_yazar-semine-cemrek-demirci","12":"first","13":"instock","14":"sale","15":"shipping-taxable","16":"purchasable","17":"product-type-simple"},"_links":{"self":[{"href":"https:\/\/roveyayinevi.com.tr\/index.php\/wp-json\/wp\/v2\/product\/740849","targetHints":{"allow":["GET"]}}],"collection":[{"href":"https:\/\/roveyayinevi.com.tr\/index.php\/wp-json\/wp\/v2\/product"}],"about":[{"href":"https:\/\/roveyayinevi.com.tr\/index.php\/wp-json\/wp\/v2\/types\/product"}],"wp:attachment":[{"href":"https:\/\/roveyayinevi.com.tr\/index.php\/wp-json\/wp\/v2\/media?parent=740849"}],"wp:term":[{"taxonomy":"product_brand","embeddable":true,"href":"https:\/\/roveyayinevi.com.tr\/index.php\/wp-json\/wp\/v2\/product_brand?post=740849"},{"taxonomy":"product_cat","embeddable":true,"href":"https:\/\/roveyayinevi.com.tr\/index.php\/wp-json\/wp\/v2\/product_cat?post=740849"},{"taxonomy":"product_tag","embeddable":true,"href":"https:\/\/roveyayinevi.com.tr\/index.php\/wp-json\/wp\/v2\/product_tag?post=740849"}],"curies":[{"name":"wp","href":"https:\/\/api.w.org\/{rel}","templated":true}]}}