{"id":740848,"date":"2025-08-28T00:36:37","date_gmt":"2025-08-27T21:36:37","guid":{"rendered":"https:\/\/roveyayinevi.com.tr\/index.php\/urun\/kendimden-uzaklasiyorum-sonra-tekrar-kendime-kavusuyorum\/"},"modified":"2026-04-11T14:10:12","modified_gmt":"2026-04-11T11:10:12","slug":"kendimden-uzaklasiyorum-sonra-tekrar-kendime-kavusuyorum","status":"publish","type":"product","link":"https:\/\/roveyayinevi.com.tr\/index.php\/urun\/kendimden-uzaklasiyorum-sonra-tekrar-kendime-kavusuyorum\/","title":{"rendered":"Kendimden Uzakla\u015f\u0131yorum Sonra Tekrar Kendime Kavu\u015fuyorum"},"content":{"rendered":"<p>Bana hayat\u0131n\u0131 bir c\u00fcmleyle anlat deseler, \u201ckendimden uzakla\u015f\u0131yorum, sonra tekrar kendime kavu\u015fuyorum\u201d derim. Kendimden uzakla\u015fmak, sonra tekrar kendime d\u00f6nmeye \u00e7al\u0131\u015fmak. \u0130\u015fte hayat\u0131m bundan ibaret. Bu kitap da her \u015feyden \u00f6nce, bitmek bilmeyen o tekrar kendime kavu\u015fma \u00e7abam\u0131n bir \u00fcr\u00fcn\u00fc. Ve nedendir bilmiyorum, ya\u015fayarak, d\u00fc\u015f\u00fcnerek veya okuyarak buldu\u011fum bir hakikatin bana yard\u0131m etti\u011fini fark etti\u011fim zaman d\u0131\u015far\u0131 \u00e7\u0131kar\u0131p ba\u011f\u0131ras\u0131m, bunu herkesle payla\u015fas\u0131m geliyor. Ya\u015fad\u0131klar\u0131mdan \u00e7\u0131kard\u0131\u011f\u0131m bir ders hayat\u0131m\u0131 olumlu y\u00f6nde de\u011fi\u015ftirdi mi kayna\u011f\u0131n\u0131 h\u00e2l\u00e2 bulamad\u0131\u011f\u0131m bir g\u00fcd\u00fc beni yerimden kald\u0131r\u0131yor ve \u201cBunu \u015fimdi ba\u015fkalar\u0131na da anlatacaks\u0131n.\u201d diyor. \u00d6yle anlarda sokaktan ge\u00e7enleri kolundan tutup, \u201cBak, ben bunu ke\u015ffettim ve bunun sayesinde bana ya\u015famak art\u0131k biraz daha kolay geliyor. L\u00fctfen, bunu \u015fimdi sen de al ve art\u0131k benim kadar zorlanma,\u201d demek istiyorum. Bu kitap i\u015fte t\u00fcm bu tecr\u00fcbelerle ve duygularla yaz\u0131ld\u0131. Ya\u015fananlar\u0131 kolayla\u015ft\u0131rmak, sizi kendinize yakla\u015ft\u0131rmak i\u00e7in\u2026 <\/p>\n","protected":false},"excerpt":{"rendered":"<p>Bana hayat\u0131n\u0131 bir c\u00fcmleyle anlat deseler, \u201ckendimden uzakla\u015f\u0131yorum, sonra tekrar kendime kavu\u015fuyorum\u201d derim. Kendimden uzakla\u015fmak, sonra tekrar kendime d\u00f6nmeye \u00e7al\u0131\u015fmak. \u0130\u015fte hayat\u0131m bundan ibaret. Bu kitap<span class=\"excerpt-hellip\"> [\u2026]<\/span><\/p>\n","protected":false},"featured_media":0,"template":"","meta":{"_monsterinsights_skip_tracking":false,"_monsterinsights_sitenote_active":false,"_monsterinsights_sitenote_note":"","_monsterinsights_sitenote_category":0},"product_brand":[],"product_cat":[12364,12376],"product_tag":[],"class_list":{"0":"post-740848","1":"product","2":"type-product","3":"status-publish","5":"product_cat-genel-konular","6":"product_cat-kisisel-gelisim","7":"pa_cilt-ciltsiz","8":"pa_tur-kitap","9":"pa_yayinevi-nesil-yayinlari","10":"pa_yazar-semih-ucar","12":"first","13":"instock","14":"sale","15":"shipping-taxable","16":"purchasable","17":"product-type-simple"},"_links":{"self":[{"href":"https:\/\/roveyayinevi.com.tr\/index.php\/wp-json\/wp\/v2\/product\/740848","targetHints":{"allow":["GET"]}}],"collection":[{"href":"https:\/\/roveyayinevi.com.tr\/index.php\/wp-json\/wp\/v2\/product"}],"about":[{"href":"https:\/\/roveyayinevi.com.tr\/index.php\/wp-json\/wp\/v2\/types\/product"}],"wp:attachment":[{"href":"https:\/\/roveyayinevi.com.tr\/index.php\/wp-json\/wp\/v2\/media?parent=740848"}],"wp:term":[{"taxonomy":"product_brand","embeddable":true,"href":"https:\/\/roveyayinevi.com.tr\/index.php\/wp-json\/wp\/v2\/product_brand?post=740848"},{"taxonomy":"product_cat","embeddable":true,"href":"https:\/\/roveyayinevi.com.tr\/index.php\/wp-json\/wp\/v2\/product_cat?post=740848"},{"taxonomy":"product_tag","embeddable":true,"href":"https:\/\/roveyayinevi.com.tr\/index.php\/wp-json\/wp\/v2\/product_tag?post=740848"}],"curies":[{"name":"wp","href":"https:\/\/api.w.org\/{rel}","templated":true}]}}