{"id":740844,"date":"2025-08-28T00:36:33","date_gmt":"2025-08-27T21:36:33","guid":{"rendered":"https:\/\/roveyayinevi.com.tr\/index.php\/urun\/bilgi-caginda-liderlik\/"},"modified":"2026-04-16T02:52:03","modified_gmt":"2026-04-15T23:52:03","slug":"bilgi-caginda-liderlik","status":"publish","type":"product","link":"https:\/\/roveyayinevi.com.tr\/index.php\/urun\/bilgi-caginda-liderlik\/","title":{"rendered":"Bilgi \u00c7a\u011f\u0131nda Liderlik"},"content":{"rendered":"<p>\u0130\u00e7indekiler   B\u0130R\u0130NC\u0130 B\u00d6L\u00dcM B\u0130LG\u0130 \u00c7A\u011eINDA D\u00d6N\u00dc\u015eEN D\u00dcNYA VE B\u0130LG\u0130 ODAKLI YANSIMALAR   \u0130K\u0130NC\u0130 B\u00d6L\u00dcM B\u0130LG\u0130 \u00c7A\u011eINDA L\u0130DERL\u0130K VE D\u00d6N\u00dc\u015eEN \u00d6RG\u00dcTLER   \u00dc\u00c7\u00dcNC\u00dc B\u00d6L\u00dcM B\u0130LG\u0130 \u00c7A\u011eINDA L\u0130DERL\u0130K VE D\u00d6N\u00dc\u015e\u00dcM D\u0130NAM\u0130KLER\u0130   <\/p>\n","protected":false},"excerpt":{"rendered":"<p>\u0130\u00e7indekiler B\u0130R\u0130NC\u0130 B\u00d6L\u00dcM B\u0130LG\u0130 \u00c7A\u011eINDA D\u00d6N\u00dc\u015eEN D\u00dcNYA VE B\u0130LG\u0130 ODAKLI YANSIMALAR \u0130K\u0130NC\u0130 B\u00d6L\u00dcM B\u0130LG\u0130 \u00c7A\u011eINDA L\u0130DERL\u0130K VE D\u00d6N\u00dc\u015eEN \u00d6RG\u00dcTLER \u00dc\u00c7\u00dcNC\u00dc B\u00d6L\u00dcM B\u0130LG\u0130 \u00c7A\u011eINDA L\u0130DERL\u0130K VE D\u00d6N\u00dc\u015e\u00dcM<span class=\"excerpt-hellip\"> [\u2026]<\/span><\/p>\n","protected":false},"featured_media":0,"template":"","meta":{"_monsterinsights_skip_tracking":false,"_monsterinsights_sitenote_active":false,"_monsterinsights_sitenote_note":"","_monsterinsights_sitenote_category":0},"product_brand":[],"product_cat":[12573,12566],"product_tag":[],"class_list":{"0":"post-740844","1":"product","2":"type-product","3":"status-publish","5":"product_cat-akademik-kitaplar","6":"product_cat-egitim","7":"pa_cilt-ciltsiz","8":"pa_tur-kitap","9":"pa_yayinevi-gazi-kitabevi","10":"pa_yazar-bahar-yalcin","12":"first","13":"instock","14":"sale","15":"shipping-taxable","16":"purchasable","17":"product-type-simple"},"_links":{"self":[{"href":"https:\/\/roveyayinevi.com.tr\/index.php\/wp-json\/wp\/v2\/product\/740844","targetHints":{"allow":["GET"]}}],"collection":[{"href":"https:\/\/roveyayinevi.com.tr\/index.php\/wp-json\/wp\/v2\/product"}],"about":[{"href":"https:\/\/roveyayinevi.com.tr\/index.php\/wp-json\/wp\/v2\/types\/product"}],"wp:attachment":[{"href":"https:\/\/roveyayinevi.com.tr\/index.php\/wp-json\/wp\/v2\/media?parent=740844"}],"wp:term":[{"taxonomy":"product_brand","embeddable":true,"href":"https:\/\/roveyayinevi.com.tr\/index.php\/wp-json\/wp\/v2\/product_brand?post=740844"},{"taxonomy":"product_cat","embeddable":true,"href":"https:\/\/roveyayinevi.com.tr\/index.php\/wp-json\/wp\/v2\/product_cat?post=740844"},{"taxonomy":"product_tag","embeddable":true,"href":"https:\/\/roveyayinevi.com.tr\/index.php\/wp-json\/wp\/v2\/product_tag?post=740844"}],"curies":[{"name":"wp","href":"https:\/\/api.w.org\/{rel}","templated":true}]}}