{"id":740842,"date":"2025-08-28T00:36:32","date_gmt":"2025-08-27T21:36:32","guid":{"rendered":"https:\/\/roveyayinevi.com.tr\/index.php\/urun\/mega-spor-etkinliklerinin-ekonomik-etkilerinin-ekonometrik-simulasyon-yontemi-ile-incelenmesi\/"},"modified":"2026-04-16T02:52:03","modified_gmt":"2026-04-15T23:52:03","slug":"mega-spor-etkinliklerinin-ekonomik-etkilerinin-ekonometrik-simulasyon-yontemi-ile-incelenmesi","status":"publish","type":"product","link":"https:\/\/roveyayinevi.com.tr\/index.php\/urun\/mega-spor-etkinliklerinin-ekonomik-etkilerinin-ekonometrik-simulasyon-yontemi-ile-incelenmesi\/","title":{"rendered":"Mega Spor Etkinliklerinin Ekonomik Etkilerinin Ekonometrik Sim\u00fclasyon Y\u00f6ntemi ile \u0130ncelenmesi"},"content":{"rendered":"<p>\u0130\u00e7indekiler   B\u0130R\u0130NC\u0130 B\u00d6L\u00dcM TEOR\u0130K \u00c7ER\u00c7EVE   \u0130K\u0130NC\u0130 B\u00d6L\u00dcM 2011 D\u00dcNYA \u00dcN\u0130VERS\u0130TELER KI\u015e OYUNLARI VE ERZURUM EKONOM\u0130S\u0130N\u0130N GENEL YAPISI   \u00dc\u00c7\u00dcNC\u00dc B\u00d6L\u00dcM 2011 D\u00dcNYA \u00dcN\u0130VERS\u0130TELER KI\u015e OYUNLARININ EKONOM\u0130K ETK\u0130LER\u0130N\u0130N TESP\u0130T\u0130NE Y\u00d6NEL\u0130K MAKROEKONOMETR\u0130K MODEL DENEMES\u0130   <\/p>\n","protected":false},"excerpt":{"rendered":"<p>\u0130\u00e7indekiler B\u0130R\u0130NC\u0130 B\u00d6L\u00dcM TEOR\u0130K \u00c7ER\u00c7EVE \u0130K\u0130NC\u0130 B\u00d6L\u00dcM 2011 D\u00dcNYA \u00dcN\u0130VERS\u0130TELER KI\u015e OYUNLARI VE ERZURUM EKONOM\u0130S\u0130N\u0130N GENEL YAPISI \u00dc\u00c7\u00dcNC\u00dc B\u00d6L\u00dcM 2011 D\u00dcNYA \u00dcN\u0130VERS\u0130TELER KI\u015e OYUNLARININ EKONOM\u0130K ETK\u0130LER\u0130N\u0130N<span class=\"excerpt-hellip\"> [\u2026]<\/span><\/p>\n","protected":false},"featured_media":0,"template":"","meta":{"_monsterinsights_skip_tracking":false,"_monsterinsights_sitenote_active":false,"_monsterinsights_sitenote_note":"","_monsterinsights_sitenote_category":0},"product_brand":[],"product_cat":[12573,12566],"product_tag":[],"class_list":{"0":"post-740842","1":"product","2":"type-product","3":"status-publish","5":"product_cat-akademik-kitaplar","6":"product_cat-egitim","7":"pa_cilt-ciltsiz","8":"pa_tur-kitap","9":"pa_yayinevi-gazi-kitabevi","10":"pa_yazar-gokhan-erkal","12":"first","13":"instock","14":"sale","15":"shipping-taxable","16":"purchasable","17":"product-type-simple"},"_links":{"self":[{"href":"https:\/\/roveyayinevi.com.tr\/index.php\/wp-json\/wp\/v2\/product\/740842","targetHints":{"allow":["GET"]}}],"collection":[{"href":"https:\/\/roveyayinevi.com.tr\/index.php\/wp-json\/wp\/v2\/product"}],"about":[{"href":"https:\/\/roveyayinevi.com.tr\/index.php\/wp-json\/wp\/v2\/types\/product"}],"wp:attachment":[{"href":"https:\/\/roveyayinevi.com.tr\/index.php\/wp-json\/wp\/v2\/media?parent=740842"}],"wp:term":[{"taxonomy":"product_brand","embeddable":true,"href":"https:\/\/roveyayinevi.com.tr\/index.php\/wp-json\/wp\/v2\/product_brand?post=740842"},{"taxonomy":"product_cat","embeddable":true,"href":"https:\/\/roveyayinevi.com.tr\/index.php\/wp-json\/wp\/v2\/product_cat?post=740842"},{"taxonomy":"product_tag","embeddable":true,"href":"https:\/\/roveyayinevi.com.tr\/index.php\/wp-json\/wp\/v2\/product_tag?post=740842"}],"curies":[{"name":"wp","href":"https:\/\/api.w.org\/{rel}","templated":true}]}}