{"id":740840,"date":"2025-08-28T00:36:30","date_gmt":"2025-08-27T21:36:30","guid":{"rendered":"https:\/\/roveyayinevi.com.tr\/index.php\/urun\/deliligin-golgesinde\/"},"modified":"2026-04-08T03:00:03","modified_gmt":"2026-04-08T00:00:03","slug":"deliligin-golgesinde","status":"publish","type":"product","link":"https:\/\/roveyayinevi.com.tr\/index.php\/urun\/deliligin-golgesinde\/","title":{"rendered":"Delili\u011fin G\u00f6lgesinde"},"content":{"rendered":"<p>Kendi ger\u00e7ekli\u011fini arayan bir adam geziyor geceleri. G\u00f6ky\u00fcz\u00fcn\u00fcn karanl\u0131\u011f\u0131, g\u00fcnahlar\u0131 gizleyemiyor.Arad\u0131\u011f\u0131n\u0131, aramad\u0131\u011f\u0131 bir anda buluyor.Kitaplarla konu\u015fan bir kad\u0131n d\u00fc\u015f\u00fcyor kollar\u0131na. Yaln\u0131zl\u0131\u011f\u0131, \u00e7aresizli\u011fi zihnini par\u00e7al\u0131yor&#8230;Hayat mengene olmu\u015f ikisine de,s\u0131kt\u0131k\u00e7a s\u0131k\u0131yor&#8230;Ankara&#8217;n\u0131n ayaz\u0131, \u0130stanbul&#8217;un kalabal\u0131\u011f\u0131&#8230;Bir de alev alev Orta Do\u011fu yang\u0131n\u0131&#8230;K\u00f6rfezde ate\u015f y\u00fckseliyor.Irak&#8217;ta bir \u00e7ocu\u011fun \u015fekeri eriyor ceplerinde.Tenler, g\u00fcne\u015fsiz yan\u0131yor&#8230;Delili\u011fin G\u00f6lgesinde, s\u0131n\u0131rlar\u0131 a\u015fan ak\u0131l karma\u015fas\u0131n\u0131, s\u0131n\u0131r\u0131n \u00f6tesinde ya\u011fan bombalar\u0131ve her \u015feye ra\u011fmen sevgiye sar\u0131lan y\u00fcrekleri anlat\u0131yor.<\/p>\n","protected":false},"excerpt":{"rendered":"<p>Kendi ger\u00e7ekli\u011fini arayan bir adam geziyor geceleri. G\u00f6ky\u00fcz\u00fcn\u00fcn karanl\u0131\u011f\u0131, g\u00fcnahlar\u0131 gizleyemiyor.Arad\u0131\u011f\u0131n\u0131, aramad\u0131\u011f\u0131 bir anda buluyor.Kitaplarla konu\u015fan bir kad\u0131n d\u00fc\u015f\u00fcyor kollar\u0131na. Yaln\u0131zl\u0131\u011f\u0131, \u00e7aresizli\u011fi zihnini par\u00e7al\u0131yor&#8230;Hayat mengene olmu\u015f<span class=\"excerpt-hellip\"> [\u2026]<\/span><\/p>\n","protected":false},"featured_media":0,"template":"","meta":{"_monsterinsights_skip_tracking":false,"_monsterinsights_sitenote_active":false,"_monsterinsights_sitenote_note":"","_monsterinsights_sitenote_category":0},"product_brand":[],"product_cat":[12291,12711],"product_tag":[],"class_list":{"0":"post-740840","1":"product","2":"type-product","3":"status-publish","5":"product_cat-edebiyat","6":"product_cat-roman-oyku","7":"pa_cilt-ciltsiz","8":"pa_tur-kitap","9":"pa_yayinevi-sapiens-yayinlari","10":"pa_yazar-talip-aydemir","12":"first","13":"instock","14":"sale","15":"shipping-taxable","16":"purchasable","17":"product-type-simple"},"_links":{"self":[{"href":"https:\/\/roveyayinevi.com.tr\/index.php\/wp-json\/wp\/v2\/product\/740840","targetHints":{"allow":["GET"]}}],"collection":[{"href":"https:\/\/roveyayinevi.com.tr\/index.php\/wp-json\/wp\/v2\/product"}],"about":[{"href":"https:\/\/roveyayinevi.com.tr\/index.php\/wp-json\/wp\/v2\/types\/product"}],"wp:attachment":[{"href":"https:\/\/roveyayinevi.com.tr\/index.php\/wp-json\/wp\/v2\/media?parent=740840"}],"wp:term":[{"taxonomy":"product_brand","embeddable":true,"href":"https:\/\/roveyayinevi.com.tr\/index.php\/wp-json\/wp\/v2\/product_brand?post=740840"},{"taxonomy":"product_cat","embeddable":true,"href":"https:\/\/roveyayinevi.com.tr\/index.php\/wp-json\/wp\/v2\/product_cat?post=740840"},{"taxonomy":"product_tag","embeddable":true,"href":"https:\/\/roveyayinevi.com.tr\/index.php\/wp-json\/wp\/v2\/product_tag?post=740840"}],"curies":[{"name":"wp","href":"https:\/\/api.w.org\/{rel}","templated":true}]}}