{"id":740839,"date":"2025-08-28T00:36:29","date_gmt":"2025-08-27T21:36:29","guid":{"rendered":"https:\/\/roveyayinevi.com.tr\/index.php\/urun\/maliye-yazilari-mali-hukuk\/"},"modified":"2026-04-16T02:52:03","modified_gmt":"2026-04-15T23:52:03","slug":"maliye-yazilari-mali-hukuk","status":"publish","type":"product","link":"https:\/\/roveyayinevi.com.tr\/index.php\/urun\/maliye-yazilari-mali-hukuk\/","title":{"rendered":"Maliye Yaz\u0131lar\u0131 Mali Hukuk"},"content":{"rendered":"<p>\u0130\u00e7indekiler   \u00b7         T\u00fcrkiye\u2019de Emlak Vergisi Uygulamas\u0131nda Ortaya \u00c7\u0131kan \u00c7e\u015fitli Sorunlar ve \u00c7\u00f6z\u00fcm \u00d6nerileri \u00b7         Seyahat \u00d6zg\u00fcrl\u00fc\u011f\u00fc Kapsam\u0131nda T\u00fcrkiye\u2019de Yurt D\u0131\u015f\u0131 \u00c7\u0131k\u0131\u015f Harc\u0131 \u00b7         Sahte Belge D\u00fczenlenmes\u0131\u0307 Sonucunda Uygulanan Terk\u0131\u0307n \u0130\u015flem\u0131\u0307 ve Tem\u0131\u0307nat Tedb\u0131\u0307r\u0131\u0307 U\u0308zer\u0131\u0307ne Hukuk\u0131\u0307 Bir De\u011ferlend\u0131\u0307rme \u00b7         \u00d6zel Sekt\u00f6r\u00fcn Bor\u00e7lar\u0131 A\u00e7\u0131s\u0131ndan Finansman Gider K\u0131s\u0131tlamas\u0131 ve Sermaye Art\u0131r\u0131m\u0131nda \u0130ndirim Uygulamas\u0131 U\u0308zerine De\u011ferlendirmeler \u00b7         T\u00fcrk Vergi Hukukunda M\u00fccbir Sebep Halleri A\u00e7\u0131s\u0131ndan \u0130spat \u00b7         Vergi Usul Kanunu\u2019nda D\u00fczenlenen Vergi Su\u00e7lar\u0131nda Yap\u0131lan At\u0131flar ve Meydana Getirdi\u011fi Problemler \u00b7         T\u00fcrkiye\u2019de Konaklama Vergisinin Verginin Temel Unsurlar\u0131, Turizm Pay\u0131 A\u00e7\u0131s\u0131ndan De\u011ferlendirilmesi ve U\u0308lke Uygulamalar\u0131 ile Mukayesesi \u00b7         T\u00fcrkiye\u2019de ve Avrupa Birli\u011finde KDV \u0130ndirimi Uygulamas\u0131 \u00b7         Yarg\u0131 Kararlar\u0131 Do\u011frultusunda \u00d6zel Esaslar Uygulamas\u0131n\u0131n De\u011ferlendirilmesi \u00b7         Son Yasal De\u011fi\u015fikliklerle Binek Otomobiller \u00d6zelinde Yenileme Fonu Uygulamas\u0131 \u00b7         Yetkilendirme Mektuplar\u0131nda Damga Vergisi \u0130stisnas\u0131 \u00b7         Cezmi Er\u00e7in ve Eseri \u201cMaliye \u0130lmi ve Maliye Mevzuat\u0131\u201d <\/p>\n","protected":false},"excerpt":{"rendered":"<p>\u0130\u00e7indekiler \u00b7 T\u00fcrkiye\u2019de Emlak Vergisi Uygulamas\u0131nda Ortaya \u00c7\u0131kan \u00c7e\u015fitli Sorunlar ve \u00c7\u00f6z\u00fcm \u00d6nerileri \u00b7 Seyahat \u00d6zg\u00fcrl\u00fc\u011f\u00fc Kapsam\u0131nda T\u00fcrkiye\u2019de Yurt D\u0131\u015f\u0131 \u00c7\u0131k\u0131\u015f Harc\u0131 \u00b7 Sahte Belge D\u00fczenlenmes\u0131\u0307<span class=\"excerpt-hellip\"> [\u2026]<\/span><\/p>\n","protected":false},"featured_media":0,"template":"","meta":{"_monsterinsights_skip_tracking":false,"_monsterinsights_sitenote_active":false,"_monsterinsights_sitenote_note":"","_monsterinsights_sitenote_category":0},"product_brand":[],"product_cat":[12573,12566],"product_tag":[],"class_list":{"0":"post-740839","1":"product","2":"type-product","3":"status-publish","5":"product_cat-akademik-kitaplar","6":"product_cat-egitim","7":"pa_cilt-ciltsiz","8":"pa_tur-kitap","9":"pa_yayinevi-gazi-kitabevi","10":"pa_yazar-gazi-kitabevi-kolektif","12":"first","13":"instock","14":"sale","15":"shipping-taxable","16":"purchasable","17":"product-type-simple"},"_links":{"self":[{"href":"https:\/\/roveyayinevi.com.tr\/index.php\/wp-json\/wp\/v2\/product\/740839","targetHints":{"allow":["GET"]}}],"collection":[{"href":"https:\/\/roveyayinevi.com.tr\/index.php\/wp-json\/wp\/v2\/product"}],"about":[{"href":"https:\/\/roveyayinevi.com.tr\/index.php\/wp-json\/wp\/v2\/types\/product"}],"wp:attachment":[{"href":"https:\/\/roveyayinevi.com.tr\/index.php\/wp-json\/wp\/v2\/media?parent=740839"}],"wp:term":[{"taxonomy":"product_brand","embeddable":true,"href":"https:\/\/roveyayinevi.com.tr\/index.php\/wp-json\/wp\/v2\/product_brand?post=740839"},{"taxonomy":"product_cat","embeddable":true,"href":"https:\/\/roveyayinevi.com.tr\/index.php\/wp-json\/wp\/v2\/product_cat?post=740839"},{"taxonomy":"product_tag","embeddable":true,"href":"https:\/\/roveyayinevi.com.tr\/index.php\/wp-json\/wp\/v2\/product_tag?post=740839"}],"curies":[{"name":"wp","href":"https:\/\/api.w.org\/{rel}","templated":true}]}}