{"id":740838,"date":"2025-08-28T00:36:28","date_gmt":"2025-08-27T21:36:28","guid":{"rendered":"https:\/\/roveyayinevi.com.tr\/index.php\/urun\/gulunc-felaketler\/"},"modified":"2026-04-16T02:52:03","modified_gmt":"2026-04-15T23:52:03","slug":"gulunc-felaketler","status":"publish","type":"product","link":"https:\/\/roveyayinevi.com.tr\/index.php\/urun\/gulunc-felaketler\/","title":{"rendered":"G\u00fcl\u00fcn\u00e7 Felaketler"},"content":{"rendered":"<p>G\u00fcl\u00fcn\u00e7 Felaketler Ahmet Mithat Efendi Haz\u0131rlayan: Semih Do\u011fan Avrupa balolar\u0131nda aya\u011f\u0131 kayanlar, sofrada yeme\u011fi fazla ka\u00e7\u0131ranlar, di\u015f \u00e7ektirmek i\u00e7in mahkeme salonuna dalanlar&#8230;Daha kimler ve neler&#8230;K\u0131rk yedi latife,k\u0131rk yedi ho\u015f hik\u00e2ye&#8230;  G\u00fcl\u00fcn\u00e7 Felaketler, \u0130ngiltere&#8217;de do\u011fup Fransa&#8217;da serpilen yeni bir t\u00fcr\u00fcn Osmanl\u0131&#8217;daki ilk izi.G\u00fcndelik hayata dair, seyredeni g\u00fcld\u00fcr\u00fcp ya\u015fayana ac\u0131 veren sakarl\u0131klar ve safl\u0131klar&#8230;  Ahmet Mithat&#8217;\u0131n o her zamandaki sevimli \u00fcslubuyla&#8230;G\u00fcn\u00fcm\u00fcz T\u00fcrk\u00e7esiyle ilk defa&#8230;   <\/p>\n","protected":false},"excerpt":{"rendered":"<p>G\u00fcl\u00fcn\u00e7 Felaketler Ahmet Mithat Efendi Haz\u0131rlayan: Semih Do\u011fan Avrupa balolar\u0131nda aya\u011f\u0131 kayanlar, sofrada yeme\u011fi fazla ka\u00e7\u0131ranlar, di\u015f \u00e7ektirmek i\u00e7in mahkeme salonuna dalanlar&#8230;Daha kimler ve neler&#8230;K\u0131rk yedi<span class=\"excerpt-hellip\"> [\u2026]<\/span><\/p>\n","protected":false},"featured_media":0,"template":"","meta":{"_monsterinsights_skip_tracking":false,"_monsterinsights_sitenote_active":false,"_monsterinsights_sitenote_note":"","_monsterinsights_sitenote_category":0},"product_brand":[],"product_cat":[12291,12711],"product_tag":[],"class_list":{"0":"post-740838","1":"product","2":"type-product","3":"status-publish","5":"product_cat-edebiyat","6":"product_cat-roman-oyku","7":"pa_cilt-ciltsiz","8":"pa_tur-kitap","9":"pa_yayinevi-sapiens-yayinlari","10":"pa_yazar-ahmet-mithat-efendi","12":"first","13":"instock","14":"sale","15":"shipping-taxable","16":"purchasable","17":"product-type-simple"},"_links":{"self":[{"href":"https:\/\/roveyayinevi.com.tr\/index.php\/wp-json\/wp\/v2\/product\/740838","targetHints":{"allow":["GET"]}}],"collection":[{"href":"https:\/\/roveyayinevi.com.tr\/index.php\/wp-json\/wp\/v2\/product"}],"about":[{"href":"https:\/\/roveyayinevi.com.tr\/index.php\/wp-json\/wp\/v2\/types\/product"}],"wp:attachment":[{"href":"https:\/\/roveyayinevi.com.tr\/index.php\/wp-json\/wp\/v2\/media?parent=740838"}],"wp:term":[{"taxonomy":"product_brand","embeddable":true,"href":"https:\/\/roveyayinevi.com.tr\/index.php\/wp-json\/wp\/v2\/product_brand?post=740838"},{"taxonomy":"product_cat","embeddable":true,"href":"https:\/\/roveyayinevi.com.tr\/index.php\/wp-json\/wp\/v2\/product_cat?post=740838"},{"taxonomy":"product_tag","embeddable":true,"href":"https:\/\/roveyayinevi.com.tr\/index.php\/wp-json\/wp\/v2\/product_tag?post=740838"}],"curies":[{"name":"wp","href":"https:\/\/api.w.org\/{rel}","templated":true}]}}