{"id":740836,"date":"2025-08-28T00:36:25","date_gmt":"2025-08-27T21:36:25","guid":{"rendered":"https:\/\/roveyayinevi.com.tr\/index.php\/urun\/birlikte-oynayalim-mi\/"},"modified":"2026-04-16T02:52:03","modified_gmt":"2026-04-15T23:52:03","slug":"birlikte-oynayalim-mi","status":"publish","type":"product","link":"https:\/\/roveyayinevi.com.tr\/index.php\/urun\/birlikte-oynayalim-mi\/","title":{"rendered":"Birlikte Oynayal\u0131m M\u0131?"},"content":{"rendered":"<p>Bakal\u0131m, Sevimli Dostlar Nil\u2019i tekrar aralar\u0131na alacak m\u0131?Nil yeni topuyla bah\u00e7eye \u00e7\u0131kt\u0131. Ama topunu Mert\u2019le, Unutkan Bal\u0131k\u2019la ve \u015ea\u015fk\u0131n \u00d6rdek\u2019le payla\u015fmak istemedi. Bir s\u00fcre sonra tek ba\u015f\u0131na oynamaktan s\u0131k\u0131l\u0131nca arkada\u015flar\u0131n\u0131n yan\u0131na gitti.                                                      KAZANIMLAR!  G\u00f6rsel dikkat geli\u015fimi \u0130\u015fitsel geli\u015fim ve s\u00f6zel ifade prati\u011fi Par\u00e7a b\u00fct\u00fcn ili\u015fkisi kurma \u00c7evre fark\u0131ndal\u0131\u011f\u0131 olu\u015fturma <\/p>\n","protected":false},"excerpt":{"rendered":"<p>Bakal\u0131m, Sevimli Dostlar Nil\u2019i tekrar aralar\u0131na alacak m\u0131?Nil yeni topuyla bah\u00e7eye \u00e7\u0131kt\u0131. Ama topunu Mert\u2019le, Unutkan Bal\u0131k\u2019la ve \u015ea\u015fk\u0131n \u00d6rdek\u2019le payla\u015fmak istemedi. Bir s\u00fcre sonra tek<span class=\"excerpt-hellip\"> [\u2026]<\/span><\/p>\n","protected":false},"featured_media":0,"template":"","meta":{"_monsterinsights_skip_tracking":false,"_monsterinsights_sitenote_active":false,"_monsterinsights_sitenote_note":"","_monsterinsights_sitenote_category":0},"product_brand":[],"product_cat":[12274,15842],"product_tag":[],"class_list":{"0":"post-740836","1":"product","2":"type-product","3":"status-publish","5":"product_cat-cocuk-ve-genclik-kitaplari","6":"product_cat-egitici-kitaplar","7":"pa_cilt-ciltsiz","8":"pa_tur-kitap","9":"pa_yayinevi-masalperest","10":"pa_yazar-masal-perest-kolektif","12":"first","13":"instock","14":"sale","15":"shipping-taxable","16":"purchasable","17":"product-type-simple"},"_links":{"self":[{"href":"https:\/\/roveyayinevi.com.tr\/index.php\/wp-json\/wp\/v2\/product\/740836","targetHints":{"allow":["GET"]}}],"collection":[{"href":"https:\/\/roveyayinevi.com.tr\/index.php\/wp-json\/wp\/v2\/product"}],"about":[{"href":"https:\/\/roveyayinevi.com.tr\/index.php\/wp-json\/wp\/v2\/types\/product"}],"wp:attachment":[{"href":"https:\/\/roveyayinevi.com.tr\/index.php\/wp-json\/wp\/v2\/media?parent=740836"}],"wp:term":[{"taxonomy":"product_brand","embeddable":true,"href":"https:\/\/roveyayinevi.com.tr\/index.php\/wp-json\/wp\/v2\/product_brand?post=740836"},{"taxonomy":"product_cat","embeddable":true,"href":"https:\/\/roveyayinevi.com.tr\/index.php\/wp-json\/wp\/v2\/product_cat?post=740836"},{"taxonomy":"product_tag","embeddable":true,"href":"https:\/\/roveyayinevi.com.tr\/index.php\/wp-json\/wp\/v2\/product_tag?post=740836"}],"curies":[{"name":"wp","href":"https:\/\/api.w.org\/{rel}","templated":true}]}}