{"id":740833,"date":"2025-08-28T00:36:22","date_gmt":"2025-08-27T21:36:22","guid":{"rendered":"https:\/\/roveyayinevi.com.tr\/index.php\/urun\/guzelligin-saltanati\/"},"modified":"2026-04-07T02:58:00","modified_gmt":"2026-04-06T23:58:00","slug":"guzelligin-saltanati","status":"publish","type":"product","link":"https:\/\/roveyayinevi.com.tr\/index.php\/urun\/guzelligin-saltanati\/","title":{"rendered":"G\u00fczelli\u011fin Saltanat\u0131"},"content":{"rendered":"<p>Aynada kar\u015f\u0131la\u015ft\u0131\u011f\u0131n\u0131z ki\u015fiye, &#8220;Nas\u0131ls\u0131n?&#8221; diye soruyor musunuz?Sa\u011fl\u0131\u011f\u0131n\u0131n yerinde olup olmad\u0131\u011f\u0131n\u0131 veya iyi hissedip hissetmedi\u011fini merak ediyor musunuz?Kaslar\u0131n\u0131z, sinirleriniz ve cildiniz olduklar\u0131 yerde mutluluklar m\u0131?Aynafaki g\u00f6r\u00fcnt\u00fcn\u00fcz\u00fc seviyor musunuz?Ya da daha \u00f6nemlisi, bedeniniz sizi seviyor mu?  G\u00fczelli\u011fin Saltanat\u0131, sa\u011fl\u0131kl\u0131 ya\u015fama ve g\u00fczel g\u00f6r\u00fcnmeye dair her konuyu uzman bak\u0131\u015f\u0131yla ele al\u0131yor.Yolunu ve y\u00f6ntemini anlat\u0131yor.Hayat\u0131 iyile\u015ftirmek i\u00e7in&#8230;Sa\u011fl\u0131kl\u0131 olan ve g\u00fczel g\u00f6r\u00fcnen bir bedene sahip olup, &#8220;Nas\u0131ls\u0131n?&#8221; sorusuna i\u00e7ten bir g\u00fcl\u00fcmsemeyle &#8220;\u00c7ok iyiyim!&#8221; cevab\u0131n\u0131 verebilmeniz i\u00e7in&#8230; <\/p>\n","protected":false},"excerpt":{"rendered":"<p>Aynada kar\u015f\u0131la\u015ft\u0131\u011f\u0131n\u0131z ki\u015fiye, &#8220;Nas\u0131ls\u0131n?&#8221; diye soruyor musunuz?Sa\u011fl\u0131\u011f\u0131n\u0131n yerinde olup olmad\u0131\u011f\u0131n\u0131 veya iyi hissedip hissetmedi\u011fini merak ediyor musunuz?Kaslar\u0131n\u0131z, sinirleriniz ve cildiniz olduklar\u0131 yerde mutluluklar m\u0131?Aynafaki g\u00f6r\u00fcnt\u00fcn\u00fcz\u00fc seviyor<span class=\"excerpt-hellip\"> [\u2026]<\/span><\/p>\n","protected":false},"featured_media":0,"template":"","meta":{"_monsterinsights_skip_tracking":false,"_monsterinsights_sitenote_active":false,"_monsterinsights_sitenote_note":"","_monsterinsights_sitenote_category":0},"product_brand":[],"product_cat":[12364,12376],"product_tag":[],"class_list":{"0":"post-740833","1":"product","2":"type-product","3":"status-publish","5":"product_cat-genel-konular","6":"product_cat-kisisel-gelisim","7":"pa_cilt-ciltsiz","8":"pa_tur-kitap","9":"pa_yayinevi-sapiens-yayinlari","10":"pa_yazar-ferda-kocer","12":"first","13":"instock","14":"sale","15":"shipping-taxable","16":"purchasable","17":"product-type-simple"},"_links":{"self":[{"href":"https:\/\/roveyayinevi.com.tr\/index.php\/wp-json\/wp\/v2\/product\/740833","targetHints":{"allow":["GET"]}}],"collection":[{"href":"https:\/\/roveyayinevi.com.tr\/index.php\/wp-json\/wp\/v2\/product"}],"about":[{"href":"https:\/\/roveyayinevi.com.tr\/index.php\/wp-json\/wp\/v2\/types\/product"}],"wp:attachment":[{"href":"https:\/\/roveyayinevi.com.tr\/index.php\/wp-json\/wp\/v2\/media?parent=740833"}],"wp:term":[{"taxonomy":"product_brand","embeddable":true,"href":"https:\/\/roveyayinevi.com.tr\/index.php\/wp-json\/wp\/v2\/product_brand?post=740833"},{"taxonomy":"product_cat","embeddable":true,"href":"https:\/\/roveyayinevi.com.tr\/index.php\/wp-json\/wp\/v2\/product_cat?post=740833"},{"taxonomy":"product_tag","embeddable":true,"href":"https:\/\/roveyayinevi.com.tr\/index.php\/wp-json\/wp\/v2\/product_tag?post=740833"}],"curies":[{"name":"wp","href":"https:\/\/api.w.org\/{rel}","templated":true}]}}