{"id":740829,"date":"2025-08-28T00:35:43","date_gmt":"2025-08-27T21:35:43","guid":{"rendered":"https:\/\/roveyayinevi.com.tr\/index.php\/urun\/faik-misin-ummus-mu\/"},"modified":"2026-04-03T02:56:24","modified_gmt":"2026-04-02T23:56:24","slug":"faik-misin-ummus-mu","status":"publish","type":"product","link":"https:\/\/roveyayinevi.com.tr\/index.php\/urun\/faik-misin-ummus-mu\/","title":{"rendered":"Faik misin \u00dcmm\u00fc\u015f M\u00fc?"},"content":{"rendered":"<p>\u0130yi de k\u00f6t\u00fc de, g\u00fczel de \u00e7irkin de, hepsi bizim i\u00e7in. Olumsuz olgular her zaman ceza de\u011fildir. Akl\u0131m\u0131za getiremeyece\u011fimiz \u00f6d\u00fclleri, hay\u0131rlar\u0131 bize getirir. \u00d6nemli olan FARKINDA olmak. De\u011ferlerimiz ve de\u011ferlilerimiz, bizim i\u00e7in en b\u00fcy\u00fck hazinedir. Her \u015feyin fazlas\u0131 zarard\u0131r derler ya, a\u015f\u0131r\u0131 koruyucu olmakta b\u00f6yledir. \u0130stemeden koruyaca\u011f\u0131z derken zarar veririz. Y\u00fcr\u00fcd\u00fc\u011f\u00fcm\u00fcz yolda ve bizim ile uyumlu olanda kalabilmenin, sabit ve net bir yolu yoktur. Belki de zaman zaman yoldan \u00e7\u0131kmak iyi olabilir. \u00d6nemli olan; bizi yolumuzdan neyin \u00e7\u0131kard\u0131\u011f\u0131n\u0131, \u00e7\u0131kard\u0131\u011f\u0131nda ne oldu\u011funu, yolumuza d\u00f6nebilmek i\u00e7in ne yapmam\u0131z gerekti\u011fini bilmektir.<\/p>\n","protected":false},"excerpt":{"rendered":"<p>\u0130yi de k\u00f6t\u00fc de, g\u00fczel de \u00e7irkin de, hepsi bizim i\u00e7in. Olumsuz olgular her zaman ceza de\u011fildir. Akl\u0131m\u0131za getiremeyece\u011fimiz \u00f6d\u00fclleri, hay\u0131rlar\u0131 bize getirir. \u00d6nemli olan FARKINDA<span class=\"excerpt-hellip\"> [\u2026]<\/span><\/p>\n","protected":false},"featured_media":0,"template":"","meta":{"_monsterinsights_skip_tracking":false,"_monsterinsights_sitenote_active":false,"_monsterinsights_sitenote_note":"","_monsterinsights_sitenote_category":0},"product_brand":[],"product_cat":[12364,12376],"product_tag":[],"class_list":{"0":"post-740829","1":"product","2":"type-product","3":"status-publish","5":"product_cat-genel-konular","6":"product_cat-kisisel-gelisim","7":"pa_cilt-ciltsiz","8":"pa_tur-kitap","9":"pa_yayinevi-elpis-yayinlari","10":"pa_yazar-cihangun-ozkurt","12":"first","13":"instock","14":"sale","15":"shipping-taxable","16":"purchasable","17":"product-type-simple"},"_links":{"self":[{"href":"https:\/\/roveyayinevi.com.tr\/index.php\/wp-json\/wp\/v2\/product\/740829","targetHints":{"allow":["GET"]}}],"collection":[{"href":"https:\/\/roveyayinevi.com.tr\/index.php\/wp-json\/wp\/v2\/product"}],"about":[{"href":"https:\/\/roveyayinevi.com.tr\/index.php\/wp-json\/wp\/v2\/types\/product"}],"wp:attachment":[{"href":"https:\/\/roveyayinevi.com.tr\/index.php\/wp-json\/wp\/v2\/media?parent=740829"}],"wp:term":[{"taxonomy":"product_brand","embeddable":true,"href":"https:\/\/roveyayinevi.com.tr\/index.php\/wp-json\/wp\/v2\/product_brand?post=740829"},{"taxonomy":"product_cat","embeddable":true,"href":"https:\/\/roveyayinevi.com.tr\/index.php\/wp-json\/wp\/v2\/product_cat?post=740829"},{"taxonomy":"product_tag","embeddable":true,"href":"https:\/\/roveyayinevi.com.tr\/index.php\/wp-json\/wp\/v2\/product_tag?post=740829"}],"curies":[{"name":"wp","href":"https:\/\/api.w.org\/{rel}","templated":true}]}}