{"id":740828,"date":"2025-08-28T00:35:42","date_gmt":"2025-08-27T21:35:42","guid":{"rendered":"https:\/\/roveyayinevi.com.tr\/index.php\/urun\/colun-sesi\/"},"modified":"2026-04-03T02:56:24","modified_gmt":"2026-04-02T23:56:24","slug":"colun-sesi","status":"publish","type":"product","link":"https:\/\/roveyayinevi.com.tr\/index.php\/urun\/colun-sesi\/","title":{"rendered":"\u00c7\u00f6l\u00fcn Sesi"},"content":{"rendered":"<p>Ka\u00e7\u0131p gitmekle kal\u0131p yitmek aras\u0131nda bir hik\u00e2ye&#8230;Bir tarafta Dat\u00e7a, a\u015fklar, hat\u0131ralar&#8230;Di\u011fer yanda bir u\u00e7ak mesafesi Senegal.\u00d6lmeyi beceremeyen adamlarve tatl\u0131, g\u00fczel, \u00f6lesiye \u00f6zlenen an\u0131lar&#8230;A\u011f\u0131zlarda simit&#8217;in de\u011fil gevrek&#8217;in tad\u0131.\u0130zmir&#8217;in bronz ak\u015famlar\u0131&#8230;\u00c7\u00f6l\u00fcn Sesi, bir yazar\u0131n de\u011fil, yazarlar\u0131n roman\u0131.Farkl\u0131 \u00fclkelerden, farkl\u0131 d\u00fcnyalardan gelenotuz yedi yazar\u0131n edebiyat a\u015fk\u0131yla bulu\u015ftu\u011fu noktan\u0131n ad\u0131.Kitab\u0131n gelirini sivil toplum kurulu\u015flar\u0131na aktarmay\u0131 onur bilenHuman Circus toplulu\u011funun ortak in\u015fas\u0131.&#8221;&#8230;ve kay\u0131\u011f\u0131na bindi, yan\u0131na bir anlam ald\u0131, a\u00e7\u0131ld\u0131&#8230;&#8221;<\/p>\n","protected":false},"excerpt":{"rendered":"<p>Ka\u00e7\u0131p gitmekle kal\u0131p yitmek aras\u0131nda bir hik\u00e2ye&#8230;Bir tarafta Dat\u00e7a, a\u015fklar, hat\u0131ralar&#8230;Di\u011fer yanda bir u\u00e7ak mesafesi Senegal.\u00d6lmeyi beceremeyen adamlarve tatl\u0131, g\u00fczel, \u00f6lesiye \u00f6zlenen an\u0131lar&#8230;A\u011f\u0131zlarda simit&#8217;in de\u011fil gevrek&#8217;in<span class=\"excerpt-hellip\"> [\u2026]<\/span><\/p>\n","protected":false},"featured_media":0,"template":"","meta":{"_monsterinsights_skip_tracking":false,"_monsterinsights_sitenote_active":false,"_monsterinsights_sitenote_note":"","_monsterinsights_sitenote_category":0},"product_brand":[],"product_cat":[12291,12711],"product_tag":[],"class_list":{"0":"post-740828","1":"product","2":"type-product","3":"status-publish","5":"product_cat-edebiyat","6":"product_cat-roman-oyku","7":"pa_cilt-ciltsiz","8":"pa_tur-kitap","9":"pa_yayinevi-sapiens-yayinlari","10":"pa_yazar-kollektif","12":"first","13":"instock","14":"sale","15":"shipping-taxable","16":"purchasable","17":"product-type-simple"},"_links":{"self":[{"href":"https:\/\/roveyayinevi.com.tr\/index.php\/wp-json\/wp\/v2\/product\/740828","targetHints":{"allow":["GET"]}}],"collection":[{"href":"https:\/\/roveyayinevi.com.tr\/index.php\/wp-json\/wp\/v2\/product"}],"about":[{"href":"https:\/\/roveyayinevi.com.tr\/index.php\/wp-json\/wp\/v2\/types\/product"}],"wp:attachment":[{"href":"https:\/\/roveyayinevi.com.tr\/index.php\/wp-json\/wp\/v2\/media?parent=740828"}],"wp:term":[{"taxonomy":"product_brand","embeddable":true,"href":"https:\/\/roveyayinevi.com.tr\/index.php\/wp-json\/wp\/v2\/product_brand?post=740828"},{"taxonomy":"product_cat","embeddable":true,"href":"https:\/\/roveyayinevi.com.tr\/index.php\/wp-json\/wp\/v2\/product_cat?post=740828"},{"taxonomy":"product_tag","embeddable":true,"href":"https:\/\/roveyayinevi.com.tr\/index.php\/wp-json\/wp\/v2\/product_tag?post=740828"}],"curies":[{"name":"wp","href":"https:\/\/api.w.org\/{rel}","templated":true}]}}