{"id":740827,"date":"2025-08-28T00:35:41","date_gmt":"2025-08-27T21:35:41","guid":{"rendered":"https:\/\/roveyayinevi.com.tr\/index.php\/urun\/hayalleriyle-yaslanan-kiz\/"},"modified":"2026-04-16T02:52:03","modified_gmt":"2026-04-15T23:52:03","slug":"hayalleriyle-yaslanan-kiz","status":"publish","type":"product","link":"https:\/\/roveyayinevi.com.tr\/index.php\/urun\/hayalleriyle-yaslanan-kiz\/","title":{"rendered":"Hayalleriyle Ya\u015flanan K\u0131z"},"content":{"rendered":"<p>Hayalleriyle Ya\u015flanan K\u0131z \u00d6mer Faruk Tabar Do&#8230; Re&#8230;Davut adam\u0131n ad\u0131. Nam\u0131 di\u011fer Profes\u00f6r Homunculus.Meslekta\u015flar\u0131na g\u00f6re Vir\u00fcs Davut.G\u00f6r\u00fclmeyeni g\u00f6r\u00fcyor, duyulmayanla konu\u015fuyor.Vir\u00fcslerle hasbihal&#8230; Mi&#8230; Fa&#8230;\u0130ki sevgili bulu\u015fuyor corona g\u00fcnlerinde.Bu kez kas\u0131m ay\u0131n\u0131n a\u015fk\u0131 ba\u015fkala\u015fm\u0131yor. Sol&#8230; La&#8230;Piyano tu\u015flar\u0131na sevdalan\u0131yor bir k\u0131z. M\u00fczi\u011fin rengi ruhuna doluyor.Ama hayal mi ger\u00e7ek mi anla\u015f\u0131lm\u0131yor. Si&#8230; Do&#8230;Hayalleriyle Ya\u015flanan K\u0131z, fizikle \u00f6tesini, hakikatin perde arkas\u0131n\u0131, pandeminin y\u00fcrekte b\u0131rakt\u0131\u011f\u0131 yaralar\u0131 anlat\u0131yor.  Usta i\u015fi bir roman\u0131n sat\u0131rlar\u0131 porteye d\u00f6n\u00fc\u015f\u00fcyor.Sol anahtar\u0131 hemen kapa\u011f\u0131n\u0131n ard\u0131nda.   <\/p>\n","protected":false},"excerpt":{"rendered":"<p>Hayalleriyle Ya\u015flanan K\u0131z \u00d6mer Faruk Tabar Do&#8230; Re&#8230;Davut adam\u0131n ad\u0131. Nam\u0131 di\u011fer Profes\u00f6r Homunculus.Meslekta\u015flar\u0131na g\u00f6re Vir\u00fcs Davut.G\u00f6r\u00fclmeyeni g\u00f6r\u00fcyor, duyulmayanla konu\u015fuyor.Vir\u00fcslerle hasbihal&#8230; Mi&#8230; Fa&#8230;\u0130ki sevgili bulu\u015fuyor corona<span class=\"excerpt-hellip\"> [\u2026]<\/span><\/p>\n","protected":false},"featured_media":0,"template":"","meta":{"_monsterinsights_skip_tracking":false,"_monsterinsights_sitenote_active":false,"_monsterinsights_sitenote_note":"","_monsterinsights_sitenote_category":0},"product_brand":[],"product_cat":[12291,12711],"product_tag":[],"class_list":{"0":"post-740827","1":"product","2":"type-product","3":"status-publish","5":"product_cat-edebiyat","6":"product_cat-roman-oyku","7":"pa_cilt-ciltsiz","8":"pa_tur-kitap","9":"pa_yayinevi-sapiens-yayinlari","10":"pa_yazar-omer-faruk-tabar","12":"first","13":"instock","14":"sale","15":"shipping-taxable","16":"purchasable","17":"product-type-simple"},"_links":{"self":[{"href":"https:\/\/roveyayinevi.com.tr\/index.php\/wp-json\/wp\/v2\/product\/740827","targetHints":{"allow":["GET"]}}],"collection":[{"href":"https:\/\/roveyayinevi.com.tr\/index.php\/wp-json\/wp\/v2\/product"}],"about":[{"href":"https:\/\/roveyayinevi.com.tr\/index.php\/wp-json\/wp\/v2\/types\/product"}],"wp:attachment":[{"href":"https:\/\/roveyayinevi.com.tr\/index.php\/wp-json\/wp\/v2\/media?parent=740827"}],"wp:term":[{"taxonomy":"product_brand","embeddable":true,"href":"https:\/\/roveyayinevi.com.tr\/index.php\/wp-json\/wp\/v2\/product_brand?post=740827"},{"taxonomy":"product_cat","embeddable":true,"href":"https:\/\/roveyayinevi.com.tr\/index.php\/wp-json\/wp\/v2\/product_cat?post=740827"},{"taxonomy":"product_tag","embeddable":true,"href":"https:\/\/roveyayinevi.com.tr\/index.php\/wp-json\/wp\/v2\/product_tag?post=740827"}],"curies":[{"name":"wp","href":"https:\/\/api.w.org\/{rel}","templated":true}]}}