{"id":740826,"date":"2025-08-28T00:35:39","date_gmt":"2025-08-27T21:35:39","guid":{"rendered":"https:\/\/roveyayinevi.com.tr\/index.php\/urun\/insan-ile-ka\/"},"modified":"2026-04-16T02:52:03","modified_gmt":"2026-04-15T23:52:03","slug":"insan-ile-ka","status":"publish","type":"product","link":"https:\/\/roveyayinevi.com.tr\/index.php\/urun\/insan-ile-ka\/","title":{"rendered":"\u0130nsan ile Ka"},"content":{"rendered":"<p>\u0130nsan \u0130le Ka Kerem Ilgar Ankara\u2019n\u0131n ayaz\u0131nda bir Zemheri&#8230; Z\u0131tl\u0131klar\u0131n \u00e7ocu\u011fu. Arafta kalm\u0131\u015f ve s\u0131k\u0131\u015fm\u0131\u015f insanlar\u0131n aras\u0131nda. Ya\u015fam\u0131 soruyor tanr\u0131lara. \u00d6l\u00fcm\u00fcn ard\u0131ndaki \u00e7izgiyi ar\u0131yor. K\u00e2h Himalayalara t\u0131rman\u0131yor, k\u00e2h Ganj k\u0131y\u0131lar\u0131nda, elinde bir avu\u00e7 su&#8230; \u201cHadi g\u00f6ster bana,   insano\u011flunun kirletmedi\u011fi dar sokaklar\u0131.   Ruhlar\u0131m\u0131z\u0131 satmad\u0131\u011f\u0131m\u0131z bir yer ver bana.\u201d   G\u00fcne\u015fi yakan ate\u015f&#8230;   Zaman\u0131 donduran bo\u015fluk&#8230;   \u0130nsan, g\u00f6zbebeklerini kavursa da par\u0131lt\u0131s\u0131,   \u00f6l\u00fcm\u00fcne istiyor ger\u00e7ekli\u011fi.   <\/p>\n","protected":false},"excerpt":{"rendered":"<p>\u0130nsan \u0130le Ka Kerem Ilgar Ankara\u2019n\u0131n ayaz\u0131nda bir Zemheri&#8230; Z\u0131tl\u0131klar\u0131n \u00e7ocu\u011fu. Arafta kalm\u0131\u015f ve s\u0131k\u0131\u015fm\u0131\u015f insanlar\u0131n aras\u0131nda. Ya\u015fam\u0131 soruyor tanr\u0131lara. \u00d6l\u00fcm\u00fcn ard\u0131ndaki \u00e7izgiyi ar\u0131yor. K\u00e2h Himalayalara<span class=\"excerpt-hellip\"> [\u2026]<\/span><\/p>\n","protected":false},"featured_media":0,"template":"","meta":{"_monsterinsights_skip_tracking":false,"_monsterinsights_sitenote_active":false,"_monsterinsights_sitenote_note":"","_monsterinsights_sitenote_category":0},"product_brand":[],"product_cat":[12291,12711],"product_tag":[],"class_list":{"0":"post-740826","1":"product","2":"type-product","3":"status-publish","5":"product_cat-edebiyat","6":"product_cat-roman-oyku","7":"pa_cilt-ciltsiz","8":"pa_tur-kitap","9":"pa_yayinevi-sapiens-yayinlari","10":"pa_yazar-kerem-ilgar","12":"first","13":"instock","14":"sale","15":"shipping-taxable","16":"purchasable","17":"product-type-simple"},"_links":{"self":[{"href":"https:\/\/roveyayinevi.com.tr\/index.php\/wp-json\/wp\/v2\/product\/740826","targetHints":{"allow":["GET"]}}],"collection":[{"href":"https:\/\/roveyayinevi.com.tr\/index.php\/wp-json\/wp\/v2\/product"}],"about":[{"href":"https:\/\/roveyayinevi.com.tr\/index.php\/wp-json\/wp\/v2\/types\/product"}],"wp:attachment":[{"href":"https:\/\/roveyayinevi.com.tr\/index.php\/wp-json\/wp\/v2\/media?parent=740826"}],"wp:term":[{"taxonomy":"product_brand","embeddable":true,"href":"https:\/\/roveyayinevi.com.tr\/index.php\/wp-json\/wp\/v2\/product_brand?post=740826"},{"taxonomy":"product_cat","embeddable":true,"href":"https:\/\/roveyayinevi.com.tr\/index.php\/wp-json\/wp\/v2\/product_cat?post=740826"},{"taxonomy":"product_tag","embeddable":true,"href":"https:\/\/roveyayinevi.com.tr\/index.php\/wp-json\/wp\/v2\/product_tag?post=740826"}],"curies":[{"name":"wp","href":"https:\/\/api.w.org\/{rel}","templated":true}]}}