{"id":740824,"date":"2025-08-28T00:35:37","date_gmt":"2025-08-27T21:35:37","guid":{"rendered":"https:\/\/roveyayinevi.com.tr\/index.php\/urun\/gunumuz-turkcesiyle-1876-kanun-i-esasi\/"},"modified":"2026-04-16T02:52:03","modified_gmt":"2026-04-15T23:52:03","slug":"gunumuz-turkcesiyle-1876-kanun-i-esasi","status":"publish","type":"product","link":"https:\/\/roveyayinevi.com.tr\/index.php\/urun\/gunumuz-turkcesiyle-1876-kanun-i-esasi\/","title":{"rendered":"G\u00fcn\u00fcm\u00fcz T\u00fcrk\u00e7esiyle 1876 Kanun-i Esasi"},"content":{"rendered":"<p>1876 Kanun-i Esasi Sadele\u015ftiren: Semih Do\u011fan 1876 Kanun-i Esas\u00ee.T\u00fcrk tarihinin ilk anayasas\u0131.Demokrasi tarihimizin milat metni. Osmanl\u0131 Devleti&#8217;nin y\u0131k\u0131l\u0131\u015f\u0131na kadar de\u011fi\u015fen maddeleriyle birlikte.G\u00fcn\u00fcm\u00fcz T\u00fcrk\u00e7esiyle orijinal metin tek kitapta <\/p>\n","protected":false},"excerpt":{"rendered":"<p>1876 Kanun-i Esasi Sadele\u015ftiren: Semih Do\u011fan 1876 Kanun-i Esas\u00ee.T\u00fcrk tarihinin ilk anayasas\u0131.Demokrasi tarihimizin milat metni. Osmanl\u0131 Devleti&#8217;nin y\u0131k\u0131l\u0131\u015f\u0131na kadar de\u011fi\u015fen maddeleriyle birlikte.G\u00fcn\u00fcm\u00fcz T\u00fcrk\u00e7esiyle orijinal metin tek<span class=\"excerpt-hellip\"> [\u2026]<\/span><\/p>\n","protected":false},"featured_media":0,"template":"","meta":{"_monsterinsights_skip_tracking":false,"_monsterinsights_sitenote_active":false,"_monsterinsights_sitenote_note":"","_monsterinsights_sitenote_category":0},"product_brand":[],"product_cat":[12312,12304],"product_tag":[],"class_list":{"0":"post-740824","1":"product","2":"type-product","3":"status-publish","5":"product_cat-diger","6":"product_cat-tarih","7":"pa_cilt-ciltsiz","8":"pa_tur-kitap","9":"pa_yayinevi-sapiens-yayinlari","10":"pa_yazar-semih-dogan","12":"first","13":"instock","14":"sale","15":"shipping-taxable","16":"purchasable","17":"product-type-simple"},"_links":{"self":[{"href":"https:\/\/roveyayinevi.com.tr\/index.php\/wp-json\/wp\/v2\/product\/740824","targetHints":{"allow":["GET"]}}],"collection":[{"href":"https:\/\/roveyayinevi.com.tr\/index.php\/wp-json\/wp\/v2\/product"}],"about":[{"href":"https:\/\/roveyayinevi.com.tr\/index.php\/wp-json\/wp\/v2\/types\/product"}],"wp:attachment":[{"href":"https:\/\/roveyayinevi.com.tr\/index.php\/wp-json\/wp\/v2\/media?parent=740824"}],"wp:term":[{"taxonomy":"product_brand","embeddable":true,"href":"https:\/\/roveyayinevi.com.tr\/index.php\/wp-json\/wp\/v2\/product_brand?post=740824"},{"taxonomy":"product_cat","embeddable":true,"href":"https:\/\/roveyayinevi.com.tr\/index.php\/wp-json\/wp\/v2\/product_cat?post=740824"},{"taxonomy":"product_tag","embeddable":true,"href":"https:\/\/roveyayinevi.com.tr\/index.php\/wp-json\/wp\/v2\/product_tag?post=740824"}],"curies":[{"name":"wp","href":"https:\/\/api.w.org\/{rel}","templated":true}]}}