{"id":740822,"date":"2025-08-28T00:35:35","date_gmt":"2025-08-27T21:35:35","guid":{"rendered":"https:\/\/roveyayinevi.com.tr\/index.php\/urun\/karamuk\/"},"modified":"2026-04-16T02:52:02","modified_gmt":"2026-04-15T23:52:02","slug":"karamuk","status":"publish","type":"product","link":"https:\/\/roveyayinevi.com.tr\/index.php\/urun\/karamuk\/","title":{"rendered":"Karamuk"},"content":{"rendered":"<p>Karamuk \u00d6mer Faruk Tabar Annesiyle altl\u0131 \u00fcstl\u00fc oturan yaln\u0131z bir adam. Ad\u0131 \u00c7\u0131nar m\u0131, Hasan m\u0131, Karamuk mu belli de\u011fil. Evlili\u011fi \u015fiddetli, \u015fiddeti bipolar. Aynadaki sureti kendi asl\u0131ndan habersiz. Kelimeleri kusan bir kad\u0131n duruyor kar\u015f\u0131s\u0131nda. Konu\u015ftuk\u00e7a mide buland\u0131r\u0131yor. Arka koltukta ba\u015fka s\u0131n\u0131ftan bir canl\u0131 oturuyor otob\u00fcste. \u0130nsanlar\u0131n aynadaki g\u00f6r\u00fcnt\u00fcleri saniye ba\u015f\u0131 de\u011fi\u015fiyor. \u201cKahve olmak g\u00fczel, s\u00fct olmak da \u00f6yle. Ama s\u00fctl\u00fc kahve&#8230; Rezalet!\u201d Karamuk, varolu\u015fu sorgulayan, Kafka\u2019n\u0131n \u015fapkas\u0131na dokunan, yeni ve tersine bir \u2018d\u00f6n\u00fc\u015f\u00fcm\u2019 hik\u00e2yesi. \u00d6n\u00fc ayd\u0131nl\u0131k \u0131\u015f\u0131k, arkas\u0131 zifir\u00ee&#8230; <\/p>\n","protected":false},"excerpt":{"rendered":"<p>Karamuk \u00d6mer Faruk Tabar Annesiyle altl\u0131 \u00fcstl\u00fc oturan yaln\u0131z bir adam. Ad\u0131 \u00c7\u0131nar m\u0131, Hasan m\u0131, Karamuk mu belli de\u011fil. Evlili\u011fi \u015fiddetli, \u015fiddeti bipolar. Aynadaki sureti<span class=\"excerpt-hellip\"> [\u2026]<\/span><\/p>\n","protected":false},"featured_media":0,"template":"","meta":{"_monsterinsights_skip_tracking":false,"_monsterinsights_sitenote_active":false,"_monsterinsights_sitenote_note":"","_monsterinsights_sitenote_category":0},"product_brand":[],"product_cat":[12291,12711],"product_tag":[],"class_list":{"0":"post-740822","1":"product","2":"type-product","3":"status-publish","5":"product_cat-edebiyat","6":"product_cat-roman-oyku","7":"pa_cilt-ciltsiz","8":"pa_tur-kitap","9":"pa_yayinevi-sapiens-yayinlari","10":"pa_yazar-omer-faruk-tabar","12":"first","13":"instock","14":"sale","15":"shipping-taxable","16":"purchasable","17":"product-type-simple"},"_links":{"self":[{"href":"https:\/\/roveyayinevi.com.tr\/index.php\/wp-json\/wp\/v2\/product\/740822","targetHints":{"allow":["GET"]}}],"collection":[{"href":"https:\/\/roveyayinevi.com.tr\/index.php\/wp-json\/wp\/v2\/product"}],"about":[{"href":"https:\/\/roveyayinevi.com.tr\/index.php\/wp-json\/wp\/v2\/types\/product"}],"wp:attachment":[{"href":"https:\/\/roveyayinevi.com.tr\/index.php\/wp-json\/wp\/v2\/media?parent=740822"}],"wp:term":[{"taxonomy":"product_brand","embeddable":true,"href":"https:\/\/roveyayinevi.com.tr\/index.php\/wp-json\/wp\/v2\/product_brand?post=740822"},{"taxonomy":"product_cat","embeddable":true,"href":"https:\/\/roveyayinevi.com.tr\/index.php\/wp-json\/wp\/v2\/product_cat?post=740822"},{"taxonomy":"product_tag","embeddable":true,"href":"https:\/\/roveyayinevi.com.tr\/index.php\/wp-json\/wp\/v2\/product_tag?post=740822"}],"curies":[{"name":"wp","href":"https:\/\/api.w.org\/{rel}","templated":true}]}}