{"id":740821,"date":"2025-08-28T00:35:34","date_gmt":"2025-08-27T21:35:34","guid":{"rendered":"https:\/\/roveyayinevi.com.tr\/index.php\/urun\/kari-koca-masali\/"},"modified":"2026-04-16T02:52:02","modified_gmt":"2026-04-15T23:52:02","slug":"kari-koca-masali","status":"publish","type":"product","link":"https:\/\/roveyayinevi.com.tr\/index.php\/urun\/kari-koca-masali\/","title":{"rendered":"Kar\u0131 Koca Masal\u0131"},"content":{"rendered":"<p>Kar\u0131 Koca Masal\u0131 Ahmet Mithat Efendi Haz\u0131rlayan: Semih Do\u011fan Bir meddah konu\u015fuyor sayfalar\u0131n aras\u0131nda. Anlataca\u011f\u0131 \u00e7ok \u015fey var. O kadar \u00e7ok ki esas konuya bir t\u00fcrl\u00fc giremiyor. Laf at\u0131p duruyor okuyucuya. Gevezeli\u011fi son sat\u0131ra kadar baki kal\u0131yor.  Kar\u0131 Koca Masal\u0131, hen\u00fcz do\u011fmakta olan modern edebiyat\u0131 a\u015f\u0131p post-modernizme ula\u015fan bir metin. Anlat\u0131 t\u00fcr\u00fcn\u00fcn dilimizdeki ilk \u00f6rneklerinden. Ahmet Mithat Efendi&#8217;nin kurmacayla hamur misali oynad\u0131\u011f\u0131 s\u0131rad\u0131\u015f\u0131 bir kitap. G\u00fcn\u00fcm\u00fcz T\u00fcrk\u00e7esiyle, tebess\u00fcm bekliyor&#8230; <\/p>\n","protected":false},"excerpt":{"rendered":"<p>Kar\u0131 Koca Masal\u0131 Ahmet Mithat Efendi Haz\u0131rlayan: Semih Do\u011fan Bir meddah konu\u015fuyor sayfalar\u0131n aras\u0131nda. Anlataca\u011f\u0131 \u00e7ok \u015fey var. O kadar \u00e7ok ki esas konuya bir t\u00fcrl\u00fc<span class=\"excerpt-hellip\"> [\u2026]<\/span><\/p>\n","protected":false},"featured_media":0,"template":"","meta":{"_monsterinsights_skip_tracking":false,"_monsterinsights_sitenote_active":false,"_monsterinsights_sitenote_note":"","_monsterinsights_sitenote_category":0},"product_brand":[],"product_cat":[12291,12711],"product_tag":[],"class_list":{"0":"post-740821","1":"product","2":"type-product","3":"status-publish","5":"product_cat-edebiyat","6":"product_cat-roman-oyku","7":"pa_cilt-ciltsiz","8":"pa_tur-kitap","9":"pa_yayinevi-sapiens-yayinlari","10":"pa_yazar-ahmet-mithat-efendi","12":"first","13":"instock","14":"sale","15":"shipping-taxable","16":"purchasable","17":"product-type-simple"},"_links":{"self":[{"href":"https:\/\/roveyayinevi.com.tr\/index.php\/wp-json\/wp\/v2\/product\/740821","targetHints":{"allow":["GET"]}}],"collection":[{"href":"https:\/\/roveyayinevi.com.tr\/index.php\/wp-json\/wp\/v2\/product"}],"about":[{"href":"https:\/\/roveyayinevi.com.tr\/index.php\/wp-json\/wp\/v2\/types\/product"}],"wp:attachment":[{"href":"https:\/\/roveyayinevi.com.tr\/index.php\/wp-json\/wp\/v2\/media?parent=740821"}],"wp:term":[{"taxonomy":"product_brand","embeddable":true,"href":"https:\/\/roveyayinevi.com.tr\/index.php\/wp-json\/wp\/v2\/product_brand?post=740821"},{"taxonomy":"product_cat","embeddable":true,"href":"https:\/\/roveyayinevi.com.tr\/index.php\/wp-json\/wp\/v2\/product_cat?post=740821"},{"taxonomy":"product_tag","embeddable":true,"href":"https:\/\/roveyayinevi.com.tr\/index.php\/wp-json\/wp\/v2\/product_tag?post=740821"}],"curies":[{"name":"wp","href":"https:\/\/api.w.org\/{rel}","templated":true}]}}