{"id":740820,"date":"2025-08-28T00:35:33","date_gmt":"2025-08-27T21:35:33","guid":{"rendered":"https:\/\/roveyayinevi.com.tr\/index.php\/urun\/karsi-evin-penceresi\/"},"modified":"2026-04-16T02:52:02","modified_gmt":"2026-04-15T23:52:02","slug":"karsi-evin-penceresi","status":"publish","type":"product","link":"https:\/\/roveyayinevi.com.tr\/index.php\/urun\/karsi-evin-penceresi\/","title":{"rendered":"Kar\u015f\u0131 Evin Penceresi"},"content":{"rendered":"<p>Kar\u015f\u0131 Evin Penceresi \u015eaziye Bilir Ayd\u0131n             Milyar ya\u015f\u0131nda bir kad\u0131n kollar\u0131nda \u00e7ocuklu\u011funu uyutuyor. Milyar ya\u015f\u0131nda bir kad\u0131n an\u0131lar\u0131n\u0131 biriktiriyor ceplerinde. Her sabah erkenden kalk\u0131p aynadaki h\u0131rs\u0131zdan g\u00fcnler \u00e7al\u0131yor. Her ak\u015fam bir bardak su d\u00f6k\u00fcyor g\u00fcne\u015fin ard\u0131ndan. H\u00fcz\u00fcnleniyor. Geceleri g\u00f6zc\u00fc oluyor kalemle k\u00e2\u011f\u0131d\u0131n bulu\u015fmas\u0131na. S\u0131rlar\u0131n\u0131 kimseye a\u015fikar etmiyor ama. Sonra umutlan\u0131yor. Kelebek gibi u\u00e7u\u015fan duygular\u0131 avlay\u0131p tek tek sat\u0131rlar\u0131nda can veriyor r\u00fcyalar\u0131na.             Kar\u015f\u0131 Evin Penceresi, \u00e7ocuklar toplas\u0131n diye eteklerinden \u015fiir d\u00f6ken milyar ya\u015f\u0131ndaki kad\u0131n\u0131n kalp at\u0131\u015flar\u0131n\u0131 kelimelerin ihaneti sayesinde herkese if\u015fa ediyor. <\/p>\n","protected":false},"excerpt":{"rendered":"<p>Kar\u015f\u0131 Evin Penceresi \u015eaziye Bilir Ayd\u0131n Milyar ya\u015f\u0131nda bir kad\u0131n kollar\u0131nda \u00e7ocuklu\u011funu uyutuyor. Milyar ya\u015f\u0131nda bir kad\u0131n an\u0131lar\u0131n\u0131 biriktiriyor ceplerinde. Her sabah erkenden kalk\u0131p aynadaki h\u0131rs\u0131zdan<span class=\"excerpt-hellip\"> [\u2026]<\/span><\/p>\n","protected":false},"featured_media":0,"template":"","meta":{"_monsterinsights_skip_tracking":false,"_monsterinsights_sitenote_active":false,"_monsterinsights_sitenote_note":"","_monsterinsights_sitenote_category":0},"product_brand":[],"product_cat":[12291,12711],"product_tag":[],"class_list":{"0":"post-740820","1":"product","2":"type-product","3":"status-publish","5":"product_cat-edebiyat","6":"product_cat-roman-oyku","7":"pa_cilt-ciltsiz","8":"pa_tur-kitap","9":"pa_yayinevi-sapiens-yayinlari","10":"pa_yazar-saziye-bilir-aydin","12":"first","13":"instock","14":"sale","15":"shipping-taxable","16":"purchasable","17":"product-type-simple"},"_links":{"self":[{"href":"https:\/\/roveyayinevi.com.tr\/index.php\/wp-json\/wp\/v2\/product\/740820","targetHints":{"allow":["GET"]}}],"collection":[{"href":"https:\/\/roveyayinevi.com.tr\/index.php\/wp-json\/wp\/v2\/product"}],"about":[{"href":"https:\/\/roveyayinevi.com.tr\/index.php\/wp-json\/wp\/v2\/types\/product"}],"wp:attachment":[{"href":"https:\/\/roveyayinevi.com.tr\/index.php\/wp-json\/wp\/v2\/media?parent=740820"}],"wp:term":[{"taxonomy":"product_brand","embeddable":true,"href":"https:\/\/roveyayinevi.com.tr\/index.php\/wp-json\/wp\/v2\/product_brand?post=740820"},{"taxonomy":"product_cat","embeddable":true,"href":"https:\/\/roveyayinevi.com.tr\/index.php\/wp-json\/wp\/v2\/product_cat?post=740820"},{"taxonomy":"product_tag","embeddable":true,"href":"https:\/\/roveyayinevi.com.tr\/index.php\/wp-json\/wp\/v2\/product_tag?post=740820"}],"curies":[{"name":"wp","href":"https:\/\/api.w.org\/{rel}","templated":true}]}}