{"id":740819,"date":"2025-08-28T00:35:31","date_gmt":"2025-08-27T21:35:31","guid":{"rendered":"https:\/\/roveyayinevi.com.tr\/index.php\/urun\/kaybolan-isik\/"},"modified":"2026-04-16T02:52:02","modified_gmt":"2026-04-15T23:52:02","slug":"kaybolan-isik","status":"publish","type":"product","link":"https:\/\/roveyayinevi.com.tr\/index.php\/urun\/kaybolan-isik\/","title":{"rendered":"Kaybolan I\u015f\u0131k"},"content":{"rendered":"<p>Kaybolan I\u015f\u0131k Recep Durmu\u015f   Ya\u011fmur damlalar\u0131 da\u011f\u0131l\u0131yor \u0131slak asfalt\u0131n \u00fczerinde. G\u00f6zlerine dolan cam k\u0131r\u0131klar\u0131n\u0131 can\u0131n\u0131n t\u0131rnaklar\u0131yla topluyor bir y\u00fcrek. G\u00f6zler ki bebeklerine can veriyor yana yana. G\u00f6zler ki karanl\u0131kta \u015favk\u0131yan \u015fim\u015fekleri kucakl\u0131yor.Bir kad\u0131n sar\u0131l\u0131yor bir adama. Bir kad\u0131n bir adamla ayn\u0131 anda ad\u0131ml\u0131yor hayat\u0131. \u0130ki patik bir yele\u011fe b\u00fct\u00fcn bir gelecek ilmekleniyor. Hayal denilen g\u00f6lge ete kemi\u011fe b\u00fcr\u00fcn\u00fcyor. Kaybolan I\u015f\u0131k, el yordam\u0131yla bulunan sat\u0131rlar\u0131n, tarif \u00fczere haz\u0131rlanan r\u00fcyalar\u0131n, parmak u\u00e7lar\u0131yla hayata tutunan karas\u0131 bol bir sevdan\u0131n hik\u00e2yesini anlat\u0131yor. <\/p>\n","protected":false},"excerpt":{"rendered":"<p>Kaybolan I\u015f\u0131k Recep Durmu\u015f Ya\u011fmur damlalar\u0131 da\u011f\u0131l\u0131yor \u0131slak asfalt\u0131n \u00fczerinde. G\u00f6zlerine dolan cam k\u0131r\u0131klar\u0131n\u0131 can\u0131n\u0131n t\u0131rnaklar\u0131yla topluyor bir y\u00fcrek. G\u00f6zler ki bebeklerine can veriyor yana yana.<span class=\"excerpt-hellip\"> [\u2026]<\/span><\/p>\n","protected":false},"featured_media":0,"template":"","meta":{"_monsterinsights_skip_tracking":false,"_monsterinsights_sitenote_active":false,"_monsterinsights_sitenote_note":"","_monsterinsights_sitenote_category":0},"product_brand":[],"product_cat":[12291,12711],"product_tag":[],"class_list":{"0":"post-740819","1":"product","2":"type-product","3":"status-publish","5":"product_cat-edebiyat","6":"product_cat-roman-oyku","7":"pa_cilt-ciltsiz","8":"pa_tur-kitap","9":"pa_yayinevi-sapiens-yayinlari","10":"pa_yazar-recep-durmus","12":"first","13":"instock","14":"sale","15":"shipping-taxable","16":"purchasable","17":"product-type-simple"},"_links":{"self":[{"href":"https:\/\/roveyayinevi.com.tr\/index.php\/wp-json\/wp\/v2\/product\/740819","targetHints":{"allow":["GET"]}}],"collection":[{"href":"https:\/\/roveyayinevi.com.tr\/index.php\/wp-json\/wp\/v2\/product"}],"about":[{"href":"https:\/\/roveyayinevi.com.tr\/index.php\/wp-json\/wp\/v2\/types\/product"}],"wp:attachment":[{"href":"https:\/\/roveyayinevi.com.tr\/index.php\/wp-json\/wp\/v2\/media?parent=740819"}],"wp:term":[{"taxonomy":"product_brand","embeddable":true,"href":"https:\/\/roveyayinevi.com.tr\/index.php\/wp-json\/wp\/v2\/product_brand?post=740819"},{"taxonomy":"product_cat","embeddable":true,"href":"https:\/\/roveyayinevi.com.tr\/index.php\/wp-json\/wp\/v2\/product_cat?post=740819"},{"taxonomy":"product_tag","embeddable":true,"href":"https:\/\/roveyayinevi.com.tr\/index.php\/wp-json\/wp\/v2\/product_tag?post=740819"}],"curies":[{"name":"wp","href":"https:\/\/api.w.org\/{rel}","templated":true}]}}