{"id":740817,"date":"2025-08-28T00:35:29","date_gmt":"2025-08-27T21:35:29","guid":{"rendered":"https:\/\/roveyayinevi.com.tr\/index.php\/urun\/kesisen-yollar-2\/"},"modified":"2026-04-16T02:52:02","modified_gmt":"2026-04-15T23:52:02","slug":"kesisen-yollar-2","status":"publish","type":"product","link":"https:\/\/roveyayinevi.com.tr\/index.php\/urun\/kesisen-yollar-2\/","title":{"rendered":"Kesi\u015fen Yollar"},"content":{"rendered":"<p>Ke\u015fisen Yollar Sabahattin \u00d6zkan Bir d\u00fc\u015f var ak\u0131llarda.Ya\u015f\u0131n\u0131 ba\u015f\u0131n\u0131 alm\u0131\u015fsa da y\u00fcrek, bir ba\u015fkas\u0131 i\u00e7in atamaz m\u0131 delice?Ya\u015f fark\u0131, fark eder mi a\u015fk i\u00e7in?  Bir d\u00fc\u015f var ak\u0131llarda.Tek sermayesi d\u00fc\u015f\u00fcnmek olanlar\u0131n, \u00fczerine d\u00fc\u015f\u00fcnd\u00fc\u011f\u00fc bir d\u00fcnya&#8230;D\u00f6n\u00fcp duruyor kendince.\u0130nsanlar duygudan duyguya s\u00fcr\u00fckleniyor o d\u00f6nd\u00fck\u00e7e.D\u00fcnya, d\u00fc\u015f g\u00f6rm\u00fcyor.  Kesi\u015fen Yollar, hayat\u0131n yeniden filizlenen sonbahar\u0131n\u0131, tavsiye tan\u0131\u015fmalar\u0131n b\u0131rakt\u0131\u011f\u0131 y\u00fcrek yang\u0131n\u0131n\u0131 ve iki erkek aras\u0131nda kalan bir kad\u0131n\u0131n yazg\u0131s\u0131n\u0131 usta i\u015fi bir \u00fcslupla anlat\u0131yor. Ama gel g\u00f6r ki d\u00fc\u015f i\u015fte&#8230; Ne dedi\u011fi belli olmuyor. <\/p>\n","protected":false},"excerpt":{"rendered":"<p>Ke\u015fisen Yollar Sabahattin \u00d6zkan Bir d\u00fc\u015f var ak\u0131llarda.Ya\u015f\u0131n\u0131 ba\u015f\u0131n\u0131 alm\u0131\u015fsa da y\u00fcrek, bir ba\u015fkas\u0131 i\u00e7in atamaz m\u0131 delice?Ya\u015f fark\u0131, fark eder mi a\u015fk i\u00e7in? Bir d\u00fc\u015f<span class=\"excerpt-hellip\"> [\u2026]<\/span><\/p>\n","protected":false},"featured_media":0,"template":"","meta":{"_monsterinsights_skip_tracking":false,"_monsterinsights_sitenote_active":false,"_monsterinsights_sitenote_note":"","_monsterinsights_sitenote_category":0},"product_brand":[],"product_cat":[12291,12711],"product_tag":[],"class_list":{"0":"post-740817","1":"product","2":"type-product","3":"status-publish","5":"product_cat-edebiyat","6":"product_cat-roman-oyku","7":"pa_cilt-ciltsiz","8":"pa_tur-kitap","9":"pa_yayinevi-sapiens-yayinlari","10":"pa_yazar-sabahattin-ozkan","12":"first","13":"instock","14":"sale","15":"shipping-taxable","16":"purchasable","17":"product-type-simple"},"_links":{"self":[{"href":"https:\/\/roveyayinevi.com.tr\/index.php\/wp-json\/wp\/v2\/product\/740817","targetHints":{"allow":["GET"]}}],"collection":[{"href":"https:\/\/roveyayinevi.com.tr\/index.php\/wp-json\/wp\/v2\/product"}],"about":[{"href":"https:\/\/roveyayinevi.com.tr\/index.php\/wp-json\/wp\/v2\/types\/product"}],"wp:attachment":[{"href":"https:\/\/roveyayinevi.com.tr\/index.php\/wp-json\/wp\/v2\/media?parent=740817"}],"wp:term":[{"taxonomy":"product_brand","embeddable":true,"href":"https:\/\/roveyayinevi.com.tr\/index.php\/wp-json\/wp\/v2\/product_brand?post=740817"},{"taxonomy":"product_cat","embeddable":true,"href":"https:\/\/roveyayinevi.com.tr\/index.php\/wp-json\/wp\/v2\/product_cat?post=740817"},{"taxonomy":"product_tag","embeddable":true,"href":"https:\/\/roveyayinevi.com.tr\/index.php\/wp-json\/wp\/v2\/product_tag?post=740817"}],"curies":[{"name":"wp","href":"https:\/\/api.w.org\/{rel}","templated":true}]}}