{"id":740815,"date":"2025-08-28T00:35:27","date_gmt":"2025-08-27T21:35:27","guid":{"rendered":"https:\/\/roveyayinevi.com.tr\/index.php\/urun\/unutkan-balik-yeni-bir-ev-ariyor\/"},"modified":"2026-04-16T02:52:02","modified_gmt":"2026-04-15T23:52:02","slug":"unutkan-balik-yeni-bir-ev-ariyor","status":"publish","type":"product","link":"https:\/\/roveyayinevi.com.tr\/index.php\/urun\/unutkan-balik-yeni-bir-ev-ariyor\/","title":{"rendered":"Unutkan Bal\u0131k Yeni Bir Ev Ar\u0131yor"},"content":{"rendered":"<p>SEV\u0130ML\u0130 DOSTLAR ASLA PES ETMEZ!   Unutkan bal\u0131k evi kirlendi\u011fi i\u00e7in kendine yeni bir yer ar\u0131yor. Peki, k\u00fc\u00e7\u00fck bal\u0131k \u015fimdi nerede ya\u015fayacak? Buna kim \u00e7\u00f6z\u00fcm bulacak?                                                     KAZANIMLAR!  G\u00f6rsel dikkat geli\u015fimi \u0130\u015fitsel geli\u015fim ve s\u00f6zel ifade prati\u011fi Par\u00e7a b\u00fct\u00fcn ili\u015fkisi kurma \u00c7evre fark\u0131ndal\u0131\u011f\u0131 olu\u015fturma<\/p>\n","protected":false},"excerpt":{"rendered":"<p>SEV\u0130ML\u0130 DOSTLAR ASLA PES ETMEZ! Unutkan bal\u0131k evi kirlendi\u011fi i\u00e7in kendine yeni bir yer ar\u0131yor. Peki, k\u00fc\u00e7\u00fck bal\u0131k \u015fimdi nerede ya\u015fayacak? Buna kim \u00e7\u00f6z\u00fcm bulacak? KAZANIMLAR!<span class=\"excerpt-hellip\"> [\u2026]<\/span><\/p>\n","protected":false},"featured_media":0,"template":"","meta":{"_monsterinsights_skip_tracking":false,"_monsterinsights_sitenote_active":false,"_monsterinsights_sitenote_note":"","_monsterinsights_sitenote_category":0},"product_brand":[],"product_cat":[12274,15842],"product_tag":[],"class_list":{"0":"post-740815","1":"product","2":"type-product","3":"status-publish","5":"product_cat-cocuk-ve-genclik-kitaplari","6":"product_cat-egitici-kitaplar","7":"pa_cilt-ciltsiz","8":"pa_tur-kitap","9":"pa_yayinevi-masalperest","10":"pa_yazar-gila-bahar","12":"first","13":"instock","14":"sale","15":"shipping-taxable","16":"purchasable","17":"product-type-simple"},"_links":{"self":[{"href":"https:\/\/roveyayinevi.com.tr\/index.php\/wp-json\/wp\/v2\/product\/740815","targetHints":{"allow":["GET"]}}],"collection":[{"href":"https:\/\/roveyayinevi.com.tr\/index.php\/wp-json\/wp\/v2\/product"}],"about":[{"href":"https:\/\/roveyayinevi.com.tr\/index.php\/wp-json\/wp\/v2\/types\/product"}],"wp:attachment":[{"href":"https:\/\/roveyayinevi.com.tr\/index.php\/wp-json\/wp\/v2\/media?parent=740815"}],"wp:term":[{"taxonomy":"product_brand","embeddable":true,"href":"https:\/\/roveyayinevi.com.tr\/index.php\/wp-json\/wp\/v2\/product_brand?post=740815"},{"taxonomy":"product_cat","embeddable":true,"href":"https:\/\/roveyayinevi.com.tr\/index.php\/wp-json\/wp\/v2\/product_cat?post=740815"},{"taxonomy":"product_tag","embeddable":true,"href":"https:\/\/roveyayinevi.com.tr\/index.php\/wp-json\/wp\/v2\/product_tag?post=740815"}],"curies":[{"name":"wp","href":"https:\/\/api.w.org\/{rel}","templated":true}]}}