{"id":740814,"date":"2025-08-28T00:35:26","date_gmt":"2025-08-27T21:35:26","guid":{"rendered":"https:\/\/roveyayinevi.com.tr\/index.php\/urun\/kopru-kralligi-ciltli\/"},"modified":"2026-04-16T02:52:02","modified_gmt":"2026-04-15T23:52:02","slug":"kopru-kralligi-ciltli","status":"publish","type":"product","link":"https:\/\/roveyayinevi.com.tr\/index.php\/urun\/kopru-kralligi-ciltli\/","title":{"rendered":"Ko\u0308pru\u0308 Krall\u0131\u011f\u0131 (Ciltli)"},"content":{"rendered":"<p>Herkesten uzakta, sava\u015f\u00e7\u0131 olarak yeti\u015ftirilen bir prenses. \u00dclkesinin g\u00fcvenli\u011fi i\u00e7in her \u015feyi yapmaya g\u00f6n\u00fcll\u00fc bir kral.   Lara, g\u00f6zlerden \u0131rak s\u00fcrd\u00fc\u011f\u00fc ya\u015fam\u0131 boyunca sadece bir ama\u00e7 u\u011fruna ya\u015fam\u0131\u015ft\u0131r: K\u00f6pr\u00fc Krall\u0131\u011f\u0131\u2019n\u0131 \u00e7\u00f6kerterek k\u00f6pr\u00fcy\u00fc ele ge\u00e7irmek. Bir antla\u015fma sonucu, kendi \u00fclkesi Maridrina ve Ithicana aras\u0131nda bar\u0131\u015f sa\u011flanm\u0131\u015ft\u0131r ancak bunun sonucunda Lara, Ithicana Kral\u0131 Aren\u2019la evlenmek zorundad\u0131r. K\u00f6pr\u00fcn\u00fcn t\u00fcm s\u0131rlar\u0131n\u0131 \u00e7\u00f6zme ve halk\u0131na bu refah yolunu a\u00e7ma amac\u0131yla Ithicana\u2019da yeni ve sahte bir hayat ya\u015famaya ba\u015flar.   \u00dclkesinin zorlu ya\u015fam \u015fartlar\u0131nda, k\u00f6pr\u00fcn\u00fcn onlara sa\u011flad\u0131\u011f\u0131 faydalar\u0131 halk\u0131 u\u011fruna elinde tutmaya \u00e7al\u0131\u015fan Aren, ayn\u0131 zamanda di\u011fer \u00fclkelerle aralar\u0131nda sonsuza dek s\u00fcrecek bir bar\u0131\u015f ortam\u0131 yaratmak istiyordur. Bu sebeple Maridrina\u2019yla yap\u0131lan antla\u015fmaya kar\u015f\u0131 \u00e7\u0131kmaz ve Lara\u2019y\u0131 bu bar\u0131\u015f ortam\u0131n\u0131n ilk ad\u0131m\u0131 olarak g\u00f6r\u00fcr. Tek problem Lara\u2019ya asla g\u00fcvenmemesidir. Bir yanda Maridrina\u2019y\u0131 daha rahat bir ya\u015fama kavu\u015fturmak i\u00e7in kendini feda eden Lara; \u00f6te yanda g\u00fcvenli ve huzurlu bir Ithicana i\u00e7in elinden geleni yapan Aren. \u0130kisi de kendi \u00fclkesi i\u00e7in m\u00fccadele ederken bu evlili\u011fin a\u015fk\u0131 do\u011furmas\u0131 m\u00fcmk\u00fcn m\u00fcd\u00fcr? Ancak do\u011fru bilinen yanl\u0131\u015flar ortaya d\u00f6k\u00fcld\u00fck\u00e7e ama\u00e7lar\u0131n ve inan\u00e7lar\u0131n de\u011fi\u015fmesi de ka\u00e7\u0131n\u0131lmaz de\u011fil midir? <\/p>\n","protected":false},"excerpt":{"rendered":"<p>Herkesten uzakta, sava\u015f\u00e7\u0131 olarak yeti\u015ftirilen bir prenses. \u00dclkesinin g\u00fcvenli\u011fi i\u00e7in her \u015feyi yapmaya g\u00f6n\u00fcll\u00fc bir kral. Lara, g\u00f6zlerden \u0131rak s\u00fcrd\u00fc\u011f\u00fc ya\u015fam\u0131 boyunca sadece bir ama\u00e7 u\u011fruna<span class=\"excerpt-hellip\"> [\u2026]<\/span><\/p>\n","protected":false},"featured_media":0,"template":"","meta":{"_monsterinsights_skip_tracking":false,"_monsterinsights_sitenote_active":false,"_monsterinsights_sitenote_note":"","_monsterinsights_sitenote_category":0},"product_brand":[],"product_cat":[12291,12711],"product_tag":[],"class_list":{"0":"post-740814","1":"product","2":"type-product","3":"status-publish","5":"product_cat-edebiyat","6":"product_cat-roman-oyku","7":"pa_cilt-ciltli","8":"pa_tur-kitap","9":"pa_yayinevi-marti-yayinlari","10":"pa_yazar-danielle-l-jensen","12":"first","13":"instock","14":"sale","15":"shipping-taxable","16":"purchasable","17":"product-type-simple"},"_links":{"self":[{"href":"https:\/\/roveyayinevi.com.tr\/index.php\/wp-json\/wp\/v2\/product\/740814","targetHints":{"allow":["GET"]}}],"collection":[{"href":"https:\/\/roveyayinevi.com.tr\/index.php\/wp-json\/wp\/v2\/product"}],"about":[{"href":"https:\/\/roveyayinevi.com.tr\/index.php\/wp-json\/wp\/v2\/types\/product"}],"wp:attachment":[{"href":"https:\/\/roveyayinevi.com.tr\/index.php\/wp-json\/wp\/v2\/media?parent=740814"}],"wp:term":[{"taxonomy":"product_brand","embeddable":true,"href":"https:\/\/roveyayinevi.com.tr\/index.php\/wp-json\/wp\/v2\/product_brand?post=740814"},{"taxonomy":"product_cat","embeddable":true,"href":"https:\/\/roveyayinevi.com.tr\/index.php\/wp-json\/wp\/v2\/product_cat?post=740814"},{"taxonomy":"product_tag","embeddable":true,"href":"https:\/\/roveyayinevi.com.tr\/index.php\/wp-json\/wp\/v2\/product_tag?post=740814"}],"curies":[{"name":"wp","href":"https:\/\/api.w.org\/{rel}","templated":true}]}}