{"id":740812,"date":"2025-08-28T00:35:24","date_gmt":"2025-08-27T21:35:24","guid":{"rendered":"https:\/\/roveyayinevi.com.tr\/index.php\/urun\/evini-arayan-ayi\/"},"modified":"2026-04-16T02:52:02","modified_gmt":"2026-04-15T23:52:02","slug":"evini-arayan-ayi","status":"publish","type":"product","link":"https:\/\/roveyayinevi.com.tr\/index.php\/urun\/evini-arayan-ayi\/","title":{"rendered":"Evini Arayan Ay\u0131"},"content":{"rendered":"<p>\u201cKocaman, iri bir c\u00fcssenin evimizin arka bah\u00e7esine do\u011fru yakla\u015ft\u0131\u011f\u0131n\u0131 g\u00f6rd\u00fcm. G\u00f6zlerim beni yan\u0131ltm\u0131yorsa bu bir ay\u0131yd\u0131.\u201d Can ve Topsi ilk kez b\u00f6yle kar\u015f\u0131la\u015ft\u0131. Can hakl\u0131yd\u0131. Evine yakla\u015fan bir ay\u0131yd\u0131. Terk etti\u011fi orman\u0131n derinliklerindeki evini bulmak i\u00e7in yola d\u00fc\u015fen bir ay\u0131. Ma\u011faras\u0131 ve b\u00fct\u00fcn \u00e7evresi koca bir kente d\u00f6n\u00fc\u015fm\u00fc\u015fken i\u015fi hi\u00e7 kolay de\u011fildi. Neyse ki \u015fansl\u0131yd\u0131, \u00e7\u00fcnk\u00fc Can gibi \u015fahane bir dostu vard\u0131. Aile, \u00e7evre bilinci ve hayvan sevgisini anlatan s\u0131ms\u0131cak bir dostluk hik\u00e2yesi&#8230;<\/p>\n","protected":false},"excerpt":{"rendered":"<p>\u201cKocaman, iri bir c\u00fcssenin evimizin arka bah\u00e7esine do\u011fru yakla\u015ft\u0131\u011f\u0131n\u0131 g\u00f6rd\u00fcm. G\u00f6zlerim beni yan\u0131ltm\u0131yorsa bu bir ay\u0131yd\u0131.\u201d Can ve Topsi ilk kez b\u00f6yle kar\u015f\u0131la\u015ft\u0131. Can hakl\u0131yd\u0131. Evine<span class=\"excerpt-hellip\"> [\u2026]<\/span><\/p>\n","protected":false},"featured_media":0,"template":"","meta":{"_monsterinsights_skip_tracking":false,"_monsterinsights_sitenote_active":false,"_monsterinsights_sitenote_note":"","_monsterinsights_sitenote_category":0},"product_brand":[],"product_cat":[12274,12284],"product_tag":[],"class_list":{"0":"post-740812","1":"product","2":"type-product","3":"status-publish","5":"product_cat-cocuk-ve-genclik-kitaplari","6":"product_cat-hikayeler","7":"pa_cilt-ciltsiz","8":"pa_tur-kitap","9":"pa_yayinevi-masalperest-ozel-urun","10":"pa_yazar-pinar-erbas","12":"first","13":"instock","14":"sale","15":"shipping-taxable","16":"purchasable","17":"product-type-simple"},"_links":{"self":[{"href":"https:\/\/roveyayinevi.com.tr\/index.php\/wp-json\/wp\/v2\/product\/740812","targetHints":{"allow":["GET"]}}],"collection":[{"href":"https:\/\/roveyayinevi.com.tr\/index.php\/wp-json\/wp\/v2\/product"}],"about":[{"href":"https:\/\/roveyayinevi.com.tr\/index.php\/wp-json\/wp\/v2\/types\/product"}],"wp:attachment":[{"href":"https:\/\/roveyayinevi.com.tr\/index.php\/wp-json\/wp\/v2\/media?parent=740812"}],"wp:term":[{"taxonomy":"product_brand","embeddable":true,"href":"https:\/\/roveyayinevi.com.tr\/index.php\/wp-json\/wp\/v2\/product_brand?post=740812"},{"taxonomy":"product_cat","embeddable":true,"href":"https:\/\/roveyayinevi.com.tr\/index.php\/wp-json\/wp\/v2\/product_cat?post=740812"},{"taxonomy":"product_tag","embeddable":true,"href":"https:\/\/roveyayinevi.com.tr\/index.php\/wp-json\/wp\/v2\/product_tag?post=740812"}],"curies":[{"name":"wp","href":"https:\/\/api.w.org\/{rel}","templated":true}]}}