{"id":740810,"date":"2025-08-28T00:35:22","date_gmt":"2025-08-27T21:35:22","guid":{"rendered":"https:\/\/roveyayinevi.com.tr\/index.php\/urun\/korunmus\/"},"modified":"2026-04-16T02:52:02","modified_gmt":"2026-04-15T23:52:02","slug":"korunmus","status":"publish","type":"product","link":"https:\/\/roveyayinevi.com.tr\/index.php\/urun\/korunmus\/","title":{"rendered":"Korunmus\u0327"},"content":{"rendered":"<p>ANT\u0130K B\u0130R K\u00d6T\u00dcL\u00dcK, YIKILMI\u015e B\u0130R KRALLIK VE D\u00dcNYAYI KURTARMAK \u0130\u00c7\u0130N SIR SAKLAYAN B\u0130R KIZ.   H\u00e1lendi krall\u0131\u011f\u0131n\u0131n ba\u015f\u0131 belada. Prenses Jennesara, yeteneklerini s\u0131n\u0131r sava\u015flar\u0131ndaki dengeleri de\u011fi\u015ftirmek i\u00e7in sava\u015f alan\u0131nda kullanmak istiyor ama babas\u0131n\u0131n onun i\u00e7in \u00e7ok ba\u015fka planlar\u0131 var. H\u00e1lendi\u2019nin umutsuzca ihtiya\u00e7 duydu\u011fu kaynaklar kar\u015f\u0131l\u0131\u011f\u0131nda kom\u015fu krall\u0131k Turia\u2019n\u0131n prensiyle evlenme s\u00f6z\u00fc veren Jenna, halk\u0131na bar\u0131\u015f \u015fans\u0131 vermek i\u00e7in bildi\u011fi her \u015feyi arkas\u0131nda b\u0131rakmak zorunda.   Ni\u015fanl\u0131s\u0131na ve yeni evine ula\u015fmak \u00fczere \u00e7\u0131kt\u0131\u011f\u0131 yolculukta kraliyet kafilesi pusuya d\u00fc\u015f\u00fcr\u00fcl\u00fcyor ve Jenna \u00f6l\u00fcmc\u00fcl bir tehditle kar\u015f\u0131 kar\u015f\u0131ya kal\u0131yor. Ger\u00e7ek kimli\u011fini gizlemeye zorlanan Jenna, kendisi ve b\u00fct\u00fcn krall\u0131\u011f\u0131 i\u00e7in \u00e7ok ge\u00e7 olmadan tehlikeli bir s\u0131rr\u0131 ortaya \u00e7\u0131karman\u0131n bu bedele de\u011fip de\u011fmeyece\u011fine karar vermeli.   \u201cHarika yaz\u0131m, m\u00fckemmel evren in\u015fas\u0131 ve b\u00fcy\u00fcleyici karakterler. Bu kitap, gen\u00e7 yeti\u015fkin ve fantastik t\u00fcr\u00fcn\u00fcn en e\u011flenceli hali.\u201d \u2014 Dana Swift, Cast in Firelight\u2019\u0131n yazar\u0131 YAZAR HAKKINDA   Brigham Young \u00dcniversitesi&#8217;nden \u0130ngiliz Dili Diplomas\u0131 ve Edit\u00f6rl\u00fck yan dal\u0131yla mezun oldu. Yazmad\u0131\u011f\u0131 zamanlarda zaman\u0131n\u0131 voleybol oynayarak, okuyarak ve seyahat ederek ge\u00e7iriyor. Ailesiyle birlikte Utah&#8217;ta ya\u015f\u0131yor ve anl\u0131k karar verilen bir yolculuktan daha iyi bir \u015fey olmad\u0131\u011f\u0131n\u0131 d\u00fc\u015f\u00fcn\u00fcyor. Shielded, onun ilk roman\u0131.    Ama d\u00fc\u015fman\u0131m kendi s\u0131rr\u0131m, kendi babam ve kendi krall\u0131\u011f\u0131m oldu\u011funda kazanamazd\u0131m. Bu m\u00fccadele edemeyece\u011fim bir sava\u015ft\u0131. Krall\u0131\u011f\u0131m\u0131n \u00f6zg\u00fcrl\u00fc\u011f\u00fc i\u00e7in kendi \u00f6zg\u00fcrl\u00fc\u011f\u00fcm m\u00fc? \u0130mk\u00e2ns\u0131z bir se\u00e7imdi. <\/p>\n","protected":false},"excerpt":{"rendered":"<p>ANT\u0130K B\u0130R K\u00d6T\u00dcL\u00dcK, YIKILMI\u015e B\u0130R KRALLIK VE D\u00dcNYAYI KURTARMAK \u0130\u00c7\u0130N SIR SAKLAYAN B\u0130R KIZ. H\u00e1lendi krall\u0131\u011f\u0131n\u0131n ba\u015f\u0131 belada. Prenses Jennesara, yeteneklerini s\u0131n\u0131r sava\u015flar\u0131ndaki dengeleri de\u011fi\u015ftirmek i\u00e7in<span class=\"excerpt-hellip\"> [\u2026]<\/span><\/p>\n","protected":false},"featured_media":0,"template":"","meta":{"_monsterinsights_skip_tracking":false,"_monsterinsights_sitenote_active":false,"_monsterinsights_sitenote_note":"","_monsterinsights_sitenote_category":0},"product_brand":[],"product_cat":[12291,12711],"product_tag":[],"class_list":{"0":"post-740810","1":"product","2":"type-product","3":"status-publish","5":"product_cat-edebiyat","6":"product_cat-roman-oyku","7":"pa_cilt-ciltsiz","8":"pa_tur-kitap","9":"pa_yayinevi-marti-yayinlari","10":"pa_yazar-kaylynn-flanders","12":"first","13":"instock","14":"sale","15":"shipping-taxable","16":"purchasable","17":"product-type-simple"},"_links":{"self":[{"href":"https:\/\/roveyayinevi.com.tr\/index.php\/wp-json\/wp\/v2\/product\/740810","targetHints":{"allow":["GET"]}}],"collection":[{"href":"https:\/\/roveyayinevi.com.tr\/index.php\/wp-json\/wp\/v2\/product"}],"about":[{"href":"https:\/\/roveyayinevi.com.tr\/index.php\/wp-json\/wp\/v2\/types\/product"}],"wp:attachment":[{"href":"https:\/\/roveyayinevi.com.tr\/index.php\/wp-json\/wp\/v2\/media?parent=740810"}],"wp:term":[{"taxonomy":"product_brand","embeddable":true,"href":"https:\/\/roveyayinevi.com.tr\/index.php\/wp-json\/wp\/v2\/product_brand?post=740810"},{"taxonomy":"product_cat","embeddable":true,"href":"https:\/\/roveyayinevi.com.tr\/index.php\/wp-json\/wp\/v2\/product_cat?post=740810"},{"taxonomy":"product_tag","embeddable":true,"href":"https:\/\/roveyayinevi.com.tr\/index.php\/wp-json\/wp\/v2\/product_tag?post=740810"}],"curies":[{"name":"wp","href":"https:\/\/api.w.org\/{rel}","templated":true}]}}